{"id":2132,"date":"2024-03-11T11:11:41","date_gmt":"2024-03-11T14:11:41","guid":{"rendered":"https:\/\/www.lojafare.com.br\/?post_type=product&#038;p=2132"},"modified":"2024-03-11T11:11:41","modified_gmt":"2024-03-11T14:11:41","slug":"faca-strongarm-coyote-lifetime-warranty","status":"publish","type":"product","link":"https:\/\/www.lojafare.com.br\/?product=faca-strongarm-coyote-lifetime-warranty","title":{"rendered":"Faca Strongarm Coyote Lifetime Warranty"},"content":{"rendered":"<p>Modelo HZ-06-1179 Tipo de fio da l\u00e2mina Liso Forma da l\u00e2mina Drop Material do punho Borracha<\/p>\n<p>Outras caracter\u00edsticas Estilo: militar Usos recomendados: geral Material da l\u00e2mina: A\u00e7o inoxid\u00e1vel Comprimento total: 25 cm Comprimento da l\u00e2mina: 12 cm Abertura da l\u00e2mina: L\u00e2mina fixa Descri\u00e7\u00e3o A faca Gerber StrongArm Coyote traz consigo o grande legado da GERBER. Essa \u00e9 uma marca que produz facas para o exercito Americano desde 1968. Excelente para situa\u00e7\u00f5es de sobreviv\u00eancia e combate, a Gerber StrongArm<\/p>\n<p>possui uma l\u00e2mina preta em a\u00e7o 420HC com fio plano.<\/p>\n<p>Essa faca foi desenvolvida nos fundamentos do treinamento militar de sobreviv\u00eancia americano.<\/p>\n<p>Seu cabo possui uma empunhadura emborrachada marrom com passador de fiel. Ademais, ela tamb\u00e9m possui uma bainha com um sistema modular incrivelmente vers\u00e1til. Dessa Forma seus componentes possibilitam que voc\u00ea carregue a faca verticalmente com o MOLLE, horizontalmente mo cinto ou o na perna.<\/p>\n<p>Comprimento Total<br \/>\n25 CM<\/p>\n<p>Comprimento da L\u00e2mina<br \/>\n12 CM<\/p>\n<p>Espessura da L\u00e2mina<br \/>\n5,0 MM<\/p>\n<p>A\u00e7o<br \/>\n420HC<\/p>\n<p>Estilo da L\u00e2mina<br \/>\nDROP POINT<\/p>\n<p>Tipo de Fio<br \/>\nLISO<\/p>\n<p>Comprimento do Cabo<br \/>\n13 CM<\/p>\n<p>Espessura do Cabo<br \/>\n1,9 CM<\/p>\n<p>Peso<br \/>\n200G<\/p>\n<p>Bainha<br \/>\nPOLIMERO MOLDADO<\/p>\n<p>Modelo<br \/>\nSTRONGARM<\/p>\n","protected":false},"excerpt":{"rendered":"<p>Modelo HZ-06-1179 Tipo de fio da l\u00e2mina Liso Forma da l\u00e2mina Drop Material do punho Borracha Outras caracter\u00edsticas Estilo: militar Usos recomendados: geral Material da l\u00e2mina: A\u00e7o inoxid\u00e1vel Comprimento total: 25 cm Comprimento da l\u00e2mina: 12 cm Abertura da l\u00e2mina: L\u00e2mina fixa Descri\u00e7\u00e3o A faca Gerber StrongArm Coyote traz consigo o grande legado da GERBER. [&#8230;]\n","protected":false},"featured_media":2134,"comment_status":"open","ping_status":"closed","template":"","meta":{"_joinchat":[]},"product_cat":[90],"product_tag":[],"class_list":{"0":"post-2132","1":"product","2":"type-product","3":"status-publish","4":"has-post-thumbnail","6":"product_cat-facas","8":"first","9":"instock","10":"shipping-taxable","11":"purchasable","12":"product-type-simple"},"jetpack_sharing_enabled":true,"_links":{"self":[{"href":"https:\/\/www.lojafare.com.br\/index.php?rest_route=\/wp\/v2\/product\/2132","targetHints":{"allow":["GET"]}}],"collection":[{"href":"https:\/\/www.lojafare.com.br\/index.php?rest_route=\/wp\/v2\/product"}],"about":[{"href":"https:\/\/www.lojafare.com.br\/index.php?rest_route=\/wp\/v2\/types\/product"}],"replies":[{"embeddable":true,"href":"https:\/\/www.lojafare.com.br\/index.php?rest_route=%2Fwp%2Fv2%2Fcomments&post=2132"}],"wp:featuredmedia":[{"embeddable":true,"href":"https:\/\/www.lojafare.com.br\/index.php?rest_route=\/wp\/v2\/media\/2134"}],"wp:attachment":[{"href":"https:\/\/www.lojafare.com.br\/index.php?rest_route=%2Fwp%2Fv2%2Fmedia&parent=2132"}],"wp:term":[{"taxonomy":"product_cat","embeddable":true,"href":"https:\/\/www.lojafare.com.br\/index.php?rest_route=%2Fwp%2Fv2%2Fproduct_cat&post=2132"},{"taxonomy":"product_tag","embeddable":true,"href":"https:\/\/www.lojafare.com.br\/index.php?rest_route=%2Fwp%2Fv2%2Fproduct_tag&post=2132"}],"curies":[{"name":"wp","href":"https:\/\/api.w.org\/{rel}","templated":true}]}}