{"id":2139,"date":"2024-03-11T11:27:04","date_gmt":"2024-03-11T14:27:04","guid":{"rendered":"https:\/\/www.lojafare.com.br\/?post_type=product&#038;p=2139"},"modified":"2024-03-11T11:38:28","modified_gmt":"2024-03-11T14:38:28","slug":"canivete-mini-fio-lamina-dupla-saque-frontal-automatico","status":"publish","type":"product","link":"https:\/\/www.lojafare.com.br\/?product=canivete-mini-fio-lamina-dupla-saque-frontal-automatico","title":{"rendered":"Canivete Mini Fio L\u00e2mina Dupla Saque Frontal Autom\u00e1tico"},"content":{"rendered":"<div id=\"cabecalho\" class=\"fixed\">\n<div class=\"abriga-menu\">\n<div class=\"conteiner\">\n<div class=\"menu superior\"><\/div>\n<\/div>\n<\/div>\n<\/div>\n<div id=\"corpo\">\n<div class=\"conteiner\">\n<div class=\"secao-principal row-fluid sem-coluna\">\n<div class=\"span12 produto\">\n<div class=\"row-fluid\">\n<div class=\"span6\">\n<div class=\"principal geral\">\n<div class=\"info-principal-produto\"><\/div>\n<div class=\"cep real\">\n<form id=\"formCalcularCep\">\n<div class=\"form-inline\">\n<div class=\"input-append input-prepend\"><strong style=\"font-size: 14.4px;\">Descri\u00e7\u00e3o<\/strong><\/div>\n<\/div>\n<\/form>\n<\/div>\n<\/div>\n<\/div>\n<\/div>\n<div class=\"row-fluid descricao-new\">\n<div class=\"box-descricao\">\n<div class=\"span12\">\n<div><\/div>\n<div id=\"blank-product-position1\"><span style=\"color: #555555; font-size: 14.4px;\">Canivete abre caixa<\/span><\/div>\n<div class=\"abas-custom\">\n<div class=\"tab-content\">\n<div id=\"descricao\" class=\"tab-pane active\">\n<p>Caracter\u00edsticas principais:<br \/>\nAcionamento frontal autom\u00e1tico, lamina de a\u00e7o inox fio duplo.<\/p>\n<p>Medidas:<br \/>\nComprimento Total : 13 cm<br \/>\nL\u00e2mina : 4,5 cm<br \/>\nFechado : 8,5 cm<br \/>\nCabo : 8,5 cm<br \/>\nPeso : 61g<\/p>\n<p>Incluso:<br \/>\nCanivete<\/p>\n<p>Este produto \u00e9 afiado, Destinado a maiores de 18 anos.<\/p>\n<\/div>\n<\/div>\n<\/div>\n<\/div>\n<\/div>\n<\/div>\n<\/div>\n<\/div>\n<\/div>\n<\/div>\n","protected":false},"excerpt":{"rendered":"<p>Descri\u00e7\u00e3o Canivete abre caixa Caracter\u00edsticas principais: Acionamento frontal autom\u00e1tico, lamina de a\u00e7o inox fio duplo. Medidas: Comprimento Total : 13 cm L\u00e2mina : 4,5 cm Fechado : 8,5 cm Cabo : 8,5 cm Peso : 61g Incluso: Canivete Este produto \u00e9 afiado, Destinado a maiores de 18 anos.<\/p>\n","protected":false},"featured_media":2148,"comment_status":"open","ping_status":"closed","template":"","meta":{"_joinchat":[]},"product_cat":[91],"product_tag":[],"class_list":{"0":"post-2139","1":"product","2":"type-product","3":"status-publish","4":"has-post-thumbnail","6":"product_cat-canivetes","8":"first","9":"instock","10":"shipping-taxable","11":"purchasable","12":"product-type-simple"},"jetpack_sharing_enabled":true,"_links":{"self":[{"href":"https:\/\/www.lojafare.com.br\/index.php?rest_route=\/wp\/v2\/product\/2139","targetHints":{"allow":["GET"]}}],"collection":[{"href":"https:\/\/www.lojafare.com.br\/index.php?rest_route=\/wp\/v2\/product"}],"about":[{"href":"https:\/\/www.lojafare.com.br\/index.php?rest_route=\/wp\/v2\/types\/product"}],"replies":[{"embeddable":true,"href":"https:\/\/www.lojafare.com.br\/index.php?rest_route=%2Fwp%2Fv2%2Fcomments&post=2139"}],"wp:featuredmedia":[{"embeddable":true,"href":"https:\/\/www.lojafare.com.br\/index.php?rest_route=\/wp\/v2\/media\/2148"}],"wp:attachment":[{"href":"https:\/\/www.lojafare.com.br\/index.php?rest_route=%2Fwp%2Fv2%2Fmedia&parent=2139"}],"wp:term":[{"taxonomy":"product_cat","embeddable":true,"href":"https:\/\/www.lojafare.com.br\/index.php?rest_route=%2Fwp%2Fv2%2Fproduct_cat&post=2139"},{"taxonomy":"product_tag","embeddable":true,"href":"https:\/\/www.lojafare.com.br\/index.php?rest_route=%2Fwp%2Fv2%2Fproduct_tag&post=2139"}],"curies":[{"name":"wp","href":"https:\/\/api.w.org\/{rel}","templated":true}]}}