{"id":2151,"date":"2024-03-11T19:18:46","date_gmt":"2024-03-11T22:18:46","guid":{"rendered":"https:\/\/www.lojafare.com.br\/?post_type=product&#038;p=2151"},"modified":"2024-03-11T19:18:47","modified_gmt":"2024-03-11T22:18:47","slug":"capa-protetora-antichamas-p-baterias-lipo-preta","status":"publish","type":"product","link":"https:\/\/www.lojafare.com.br\/?product=capa-protetora-antichamas-p-baterias-lipo-preta","title":{"rendered":"Capa Protetora Antichamas P\/ Baterias LiPO Preta"},"content":{"rendered":"<p><span style=\"font-family: Arial;\"><b>FJA-300X &#8211; Capa Protetora Antichamas\u00a0 P\/ Baterias LiPO\u00a0 cor Preta &#8211; SKU 746<\/b><br \/>\n<\/span><\/p>\n<p><span style=\"font-family: Arial;\">Nova Lipo Safe Bag FJA-300X da Feasso: Sua solu\u00e7\u00e3o definitiva para seguran\u00e7a e prote\u00e7\u00e3o das suas baterias LiPo. Desenvolvida para garantir o transporte seguro, evitando acidentes indesejados. Recomendada para at\u00e9 3 baterias LiPo por bag. Mantenha suas baterias protegidas e viaje com tranquilidade.&#8221;<br \/>\n<\/span><\/p>\n<p><span style=\"font-family: Arial;\"><b>CARACTERISTICAS<br \/>\n<\/b>Marca: Feasso<b><br \/>\n<\/b><\/span><\/p>\n<p><span style=\"font-family: Arial;\">Medidas: 18 x 23 cm<\/span><\/p>\n<p><span style=\"font-family: Arial;\">Peso: 68g<\/span><\/p>\n<p><span style=\"font-family: Arial;\">MATERAIL Anti Chama<\/span><\/p>\n<p><span style=\"font-family: Arial;\">Cor dispon\u00edvel Preta<\/span><\/p>\n","protected":false},"excerpt":{"rendered":"<p>FJA-300X &#8211; Capa Protetora Antichamas\u00a0 P\/ Baterias LiPO\u00a0 cor Preta &#8211; SKU 746 Nova Lipo Safe Bag FJA-300X da Feasso: Sua solu\u00e7\u00e3o definitiva para seguran\u00e7a e prote\u00e7\u00e3o das suas baterias LiPo. Desenvolvida para garantir o transporte seguro, evitando acidentes indesejados. Recomendada para at\u00e9 3 baterias LiPo por bag. Mantenha suas baterias protegidas e viaje com [&#8230;]\n","protected":false},"featured_media":2152,"comment_status":"open","ping_status":"closed","template":"","meta":{"_joinchat":[]},"product_cat":[33],"product_tag":[],"class_list":{"0":"post-2151","1":"product","2":"type-product","3":"status-publish","4":"has-post-thumbnail","6":"product_cat-baterias-e-carregadores","8":"first","9":"instock","10":"shipping-taxable","11":"purchasable","12":"product-type-simple"},"jetpack_sharing_enabled":true,"_links":{"self":[{"href":"https:\/\/www.lojafare.com.br\/index.php?rest_route=\/wp\/v2\/product\/2151","targetHints":{"allow":["GET"]}}],"collection":[{"href":"https:\/\/www.lojafare.com.br\/index.php?rest_route=\/wp\/v2\/product"}],"about":[{"href":"https:\/\/www.lojafare.com.br\/index.php?rest_route=\/wp\/v2\/types\/product"}],"replies":[{"embeddable":true,"href":"https:\/\/www.lojafare.com.br\/index.php?rest_route=%2Fwp%2Fv2%2Fcomments&post=2151"}],"wp:featuredmedia":[{"embeddable":true,"href":"https:\/\/www.lojafare.com.br\/index.php?rest_route=\/wp\/v2\/media\/2152"}],"wp:attachment":[{"href":"https:\/\/www.lojafare.com.br\/index.php?rest_route=%2Fwp%2Fv2%2Fmedia&parent=2151"}],"wp:term":[{"taxonomy":"product_cat","embeddable":true,"href":"https:\/\/www.lojafare.com.br\/index.php?rest_route=%2Fwp%2Fv2%2Fproduct_cat&post=2151"},{"taxonomy":"product_tag","embeddable":true,"href":"https:\/\/www.lojafare.com.br\/index.php?rest_route=%2Fwp%2Fv2%2Fproduct_tag&post=2151"}],"curies":[{"name":"wp","href":"https:\/\/api.w.org\/{rel}","templated":true}]}}