{"id":2168,"date":"2024-03-11T20:03:51","date_gmt":"2024-03-11T23:03:51","guid":{"rendered":"https:\/\/www.lojafare.com.br\/?post_type=product&#038;p=2168"},"modified":"2024-03-11T20:13:19","modified_gmt":"2024-03-11T23:13:19","slug":"motor-high-torque-v2-p-aeg-serie-tornado","status":"publish","type":"product","link":"https:\/\/www.lojafare.com.br\/?product=motor-high-torque-v2-p-aeg-serie-tornado","title":{"rendered":"Motor High Torque V2 p\/ AEG Serie Tornado"},"content":{"rendered":"<p dir=\"ltr\"><span style=\"font-family: Arial;\">FSA-HT41 &#8211; Motor High Torque p\/ AEG Serie Tornado &#8211; SKU 807<\/span><\/p>\n<p dir=\"ltr\"><span style=\"font-family: Arial;\">FSA-HT41 &#8211; S\u00e9rie Tornado \u201cHigh Torque\u201d\u00a0 &#8211; motor para AEG com alta pot\u00eancia e alta velocidade com eixo em CNC para operadores e players de airsoft que buscam mais qualidade, precis\u00e3o e performance em seus equipamentos!<\/p>\n<p>Motor de alta capacidade para upgrade em AEG.<\/span><\/p>\n<p dir=\"ltr\"><span style=\"font-family: Arial;\">\u00a0<\/span><\/p>\n<div dir=\"ltr\" align=\"left\">\n<table>\n<colgroup>\n<col width=\"120\" \/>\n<col width=\"482\" \/><\/colgroup>\n<tbody>\n<tr>\n<td>\n<p dir=\"ltr\"><span style=\"font-family: Arial;\">Tipo de Produto:<\/span><\/p>\n<\/td>\n<td colspan=\"4\">\n<p dir=\"ltr\"><span style=\"font-family: Arial;\">FSA-HT41 &#8211; Motor High Torque p\/ AEG S\u00e9rie Tornado<\/span><\/p>\n<\/td>\n<\/tr>\n<tr>\n<td>\n<p dir=\"ltr\"><span style=\"font-family: Arial;\">TPA<\/span><\/p>\n<\/td>\n<td colspan=\"4\">\n<p dir=\"ltr\"><span style=\"font-family: Arial;\">14<\/span><\/p>\n<\/td>\n<\/tr>\n<tr>\n<td>\n<p dir=\"ltr\"><span style=\"font-family: Arial;\">Recursos:<\/span><\/p>\n<\/td>\n<td colspan=\"4\">\n<p dir=\"ltr\"><span style=\"font-family: Arial;\">Guia de eixo usinado em CNC de alum\u00ednio com dois rolamentos integrados.<\/span><\/p>\n<p dir=\"ltr\"><span style=\"font-family: Arial;\">Eixo longo com pinh\u00e3o tipo D, guia de eixo curto de pr\u00e9-carga e mola.<\/span><\/p>\n<p dir=\"ltr\"><span style=\"font-family: Arial;\">Inv\u00f3lucro usinado em CNC de alta qualidade<\/span><\/p>\n<p dir=\"ltr\"><span style=\"font-family: Arial;\">Usinagem CNC das tampas frontal\u00a0<\/span><\/p>\n<p dir=\"ltr\"><span style=\"font-family: Arial;\">Tampa traseira em Pol\u00edmero de Nylon de alta resist\u00eancia<\/span><\/p>\n<p dir=\"ltr\"><span style=\"font-family: Arial;\">Eixo Longo de a\u00e7o inoxid\u00e1vel usinado CNC<\/span><\/p>\n<p dir=\"ltr\"><span style=\"font-family: Arial;\">Carca\u00e7a do motor em metal prensado\u00a0<\/span><\/p>\n<p dir=\"ltr\"><span style=\"font-family: Arial;\">\u00cdm\u00e3 Ferrite<\/span><\/p>\n<p dir=\"ltr\"><span style=\"font-family: Arial;\">Chanfros em oco para manter a maior ventila\u00e7\u00e3o por vortex o motor frio durante o uso intenso<\/span><\/p>\n<p dir=\"ltr\"><span style=\"font-family: Arial;\">Protetor do comutador<\/span><\/p>\n<\/td>\n<\/tr>\n<tr>\n<td>\n<p dir=\"ltr\"><span style=\"font-family: Arial;\">Magn\u00e9ticos:<\/span><\/p>\n<\/td>\n<td colspan=\"4\">\n<p dir=\"ltr\"><span style=\"font-family: Arial;\">Wet &#8211; Pressed Ferrite<\/span><\/p>\n<\/td>\n<\/tr>\n<tr>\n<td>\n<p dir=\"ltr\"><span style=\"font-family: Arial;\">Temperatura:<\/span><\/p>\n<\/td>\n<td colspan=\"4\">\n<p dir=\"ltr\"><span style=\"font-family: Arial;\">Resist\u00eancia \u00e0 temperatura 200 \u2103<\/span><\/p>\n<p><span style=\"font-family: Arial;\"><br \/>\n<\/span><\/td>\n<\/tr>\n<tr>\n<td>\n<p dir=\"ltr\"><span style=\"font-family: Arial;\">Peso:<\/span><\/p>\n<\/td>\n<td colspan=\"4\">\n<p dir=\"ltr\"><span style=\"font-family: Arial;\">Cerca de 137 gramas<\/span><\/p>\n<\/td>\n<\/tr>\n<tr>\n<td>\n<p dir=\"ltr\"><span style=\"font-family: Arial;\">Indicado:\u00a0<\/span><\/p>\n<\/td>\n<td colspan=\"4\">\n<p dir=\"ltr\"><span style=\"font-family: Arial;\">Eixo curto para AEG. Airsoft Electric Gun Ultra High Torque\u00a0<\/span><\/p>\n<p dir=\"ltr\"><span style=\"font-family: Arial;\">indicado para AEG Custom<\/span><\/p>\n<p dir=\"ltr\"><span style=\"font-family: Arial;\">Adequado para G&amp;G\/ Tokyo Marui\/ Ares\/ CYMA\/ Specna Arms\/ G&amp;P\/ E&amp;L\/ LCT entre outras marcas\u00a0<\/span><\/p>\n<\/td>\n<\/tr>\n<tr>\n<td>\n<p dir=\"ltr\"><span style=\"font-family: Arial;\">Bateria x mola = RPM:<\/span><\/p>\n<\/td>\n<td colspan=\"4\">\n<p dir=\"ltr\"><span style=\"font-family: Arial;\">CD 11.1V &gt; 20C&gt; M120 = 41000 RPM<br \/>\nCD 7.4V &gt; 20C&gt; M80 = 28000 RPM\u00a0<\/span><\/p>\n<\/td>\n<\/tr>\n<tr>\n<td colspan=\"5\">\n<p dir=\"ltr\"><span style=\"font-family: Arial;\">N\u00c3O RECOMENDAMOS O USO DE BATERIAS ACIMA DE 25C<\/span><\/p>\n<p dir=\"ltr\"><span style=\"font-family: Arial;\">BATERIAS ACIMA DESTA CAPACIDADE DE DESCARGA PODEM ALTERAR CONDI\u00c7\u00d5ES F\u00cdSICA E PROVOCAR DANOS OU DESGASTES PREMATURO\u00a0 AO SEU\u00a0 MOTOR!<\/span><\/p>\n<\/td>\n<\/tr>\n<\/tbody>\n<\/table>\n<\/div>\n","protected":false},"excerpt":{"rendered":"<p>FSA-HT41 &#8211; Motor High Torque p\/ AEG Serie Tornado &#8211; SKU 807 FSA-HT41 &#8211; S\u00e9rie Tornado \u201cHigh Torque\u201d\u00a0 &#8211; motor para AEG com alta pot\u00eancia e alta velocidade com eixo em CNC para operadores e players de airsoft que buscam mais qualidade, precis\u00e3o e performance em seus equipamentos! Motor de alta capacidade para upgrade em [&#8230;]\n","protected":false},"featured_media":2169,"comment_status":"open","ping_status":"closed","template":"","meta":{"_joinchat":[]},"product_cat":[130],"product_tag":[],"class_list":{"0":"post-2168","1":"product","2":"type-product","3":"status-publish","4":"has-post-thumbnail","6":"product_cat-motor-engrenagens-e-shims","8":"first","9":"instock","10":"shipping-taxable","11":"purchasable","12":"product-type-simple"},"jetpack_sharing_enabled":true,"_links":{"self":[{"href":"https:\/\/www.lojafare.com.br\/index.php?rest_route=\/wp\/v2\/product\/2168","targetHints":{"allow":["GET"]}}],"collection":[{"href":"https:\/\/www.lojafare.com.br\/index.php?rest_route=\/wp\/v2\/product"}],"about":[{"href":"https:\/\/www.lojafare.com.br\/index.php?rest_route=\/wp\/v2\/types\/product"}],"replies":[{"embeddable":true,"href":"https:\/\/www.lojafare.com.br\/index.php?rest_route=%2Fwp%2Fv2%2Fcomments&post=2168"}],"wp:featuredmedia":[{"embeddable":true,"href":"https:\/\/www.lojafare.com.br\/index.php?rest_route=\/wp\/v2\/media\/2169"}],"wp:attachment":[{"href":"https:\/\/www.lojafare.com.br\/index.php?rest_route=%2Fwp%2Fv2%2Fmedia&parent=2168"}],"wp:term":[{"taxonomy":"product_cat","embeddable":true,"href":"https:\/\/www.lojafare.com.br\/index.php?rest_route=%2Fwp%2Fv2%2Fproduct_cat&post=2168"},{"taxonomy":"product_tag","embeddable":true,"href":"https:\/\/www.lojafare.com.br\/index.php?rest_route=%2Fwp%2Fv2%2Fproduct_tag&post=2168"}],"curies":[{"name":"wp","href":"https:\/\/api.w.org\/{rel}","templated":true}]}}