{"id":2175,"date":"2024-03-11T20:10:11","date_gmt":"2024-03-11T23:10:11","guid":{"rendered":"https:\/\/www.lojafare.com.br\/?post_type=product&#038;p=2175"},"modified":"2024-03-11T20:12:14","modified_gmt":"2024-03-11T23:12:14","slug":"motor-ulta-high-torque-v3-p-aeg-serie-tornado","status":"publish","type":"product","link":"https:\/\/www.lojafare.com.br\/?product=motor-ulta-high-torque-v3-p-aeg-serie-tornado","title":{"rendered":"Motor Ulta High Torque V3 p\/ AEG Serie Tornado"},"content":{"rendered":"<p dir=\"ltr\">FSA-C1 &#8211; Motor Ulta High Torque p\/ AEG Serie Tornado &#8211; SKU 805 FSA-C1 &#8211; S\u00e9rie Tornado \u201cUltra High Torque\u201d\u00a0 &#8211; motor para AEG com alta pot\u00eancia e alta velocidade com chanfros em oco e eixo em CNC para operadores e players de airsoft que buscam mais qualidade, precis\u00e3o e performance em seus equipamentos!<\/p>\n<p>Motor de alta capacidade para upgrade em AEG.<\/p>\n<div dir=\"ltr\" align=\"left\">\n<table>\n<colgroup>\n<col width=\"120\" \/>\n<col width=\"482\" \/><\/colgroup>\n<tbody>\n<tr>\n<td>\n<p dir=\"ltr\">Tipo de Produto:<\/p>\n<\/td>\n<td colspan=\"4\">\n<p dir=\"ltr\">FSA-C1 &#8211; Motor Ultra High Torque p\/ AEG S\u00e9rie Tornado<\/p>\n<\/td>\n<\/tr>\n<tr>\n<td>\n<p dir=\"ltr\">TPA<\/p>\n<\/td>\n<td colspan=\"4\">\n<p dir=\"ltr\">18<\/p>\n<\/td>\n<\/tr>\n<tr>\n<td>\n<p dir=\"ltr\">Recursos:<\/p>\n<\/td>\n<td colspan=\"4\">\n<p dir=\"ltr\">Guia de eixo usinado em CNC de alum\u00ednio com rolamento integrado.<\/p>\n<p dir=\"ltr\">Eixo longo com pinh\u00e3o tipo D, guia de eixo curto de pr\u00e9-carga e mola.<\/p>\n<p dir=\"ltr\">Inv\u00f3lucro usinado em CNC de alta qualidade<\/p>\n<p dir=\"ltr\">Usinagem CNC das tampas frontal e traseira<\/p>\n<p dir=\"ltr\">Eixo curto de a\u00e7o inoxid\u00e1vel usinado CNC<\/p>\n<p dir=\"ltr\">Carca\u00e7a do motor em metal prensado<\/p>\n<p dir=\"ltr\">\u00cdm\u00e3 Ferrite<\/p>\n<p dir=\"ltr\">Chanfros em oco para manter a maior ventila\u00e7\u00e3o por vortex o motor frio durante o uso intenso<\/p>\n<p dir=\"ltr\">Protetor do comutador<\/p>\n<\/td>\n<\/tr>\n<tr>\n<td>\n<p dir=\"ltr\">Magn\u00e9ticos:<\/p>\n<\/td>\n<td colspan=\"4\">\n<p dir=\"ltr\">Wet &#8211; Pressed Ferrite<\/p>\n<\/td>\n<\/tr>\n<tr>\n<td>\n<p dir=\"ltr\">Temperatura:<\/p>\n<\/td>\n<td colspan=\"4\">\n<p dir=\"ltr\">Resist\u00eancia \u00e0 temperatura 120 \u2103<\/p>\n<\/td>\n<\/tr>\n<tr>\n<td>\n<p dir=\"ltr\">Peso:<\/p>\n<\/td>\n<td colspan=\"4\">\n<p dir=\"ltr\">Cerca de 140 gramas<\/p>\n<\/td>\n<\/tr>\n<tr>\n<td>\n<p dir=\"ltr\">Indicado:<\/p>\n<\/td>\n<td colspan=\"4\">\n<p dir=\"ltr\">Eixo curto para AEG. Airsoft Electric Gun Ultra High Torque<\/p>\n<p dir=\"ltr\">indicado para AEG Custom<\/p>\n<p dir=\"ltr\">Adequado para G&amp;G\/ Tokyo Marui\/ Ares\/ CYMA\/ Specna Arms\/ G&amp;P\/ E&amp;L\/ LCT entre outras marcas<\/p>\n<\/td>\n<\/tr>\n<tr>\n<td>\n<p dir=\"ltr\">Bateria x mola = RPM:<\/p>\n<\/td>\n<td colspan=\"4\">\n<p dir=\"ltr\">CD 11.1V &gt; 20C&gt; M120 = 3600 RPM<br \/>\nCD 7.4V &gt; 20C&gt; M80 = 2400 RPM<\/p>\n<\/td>\n<\/tr>\n<tr>\n<td colspan=\"5\">\n<p dir=\"ltr\">N\u00c3O RECOMENDAMOS O USO DE BATERIAS ACIMA DE 25C<\/p>\n<p dir=\"ltr\">BATERIAS ACIMA DESTA CAPACIDADE DE DESCARGA PODEM ALTERAR CONDI\u00c7\u00d5ES F\u00cdSICA E PROVOCAR DANOS OU DESGASTES PREMATURO\u00a0 AO SEU\u00a0 MOTOR!<\/p>\n<\/td>\n<\/tr>\n<\/tbody>\n<\/table>\n<\/div>\n","protected":false},"excerpt":{"rendered":"<p>FSA-C1 &#8211; Motor Ulta High Torque p\/ AEG Serie Tornado &#8211; SKU 805 FSA-C1 &#8211; S\u00e9rie Tornado \u201cUltra High Torque\u201d\u00a0 &#8211; motor para AEG com alta pot\u00eancia e alta velocidade com chanfros em oco e eixo em CNC para operadores e players de airsoft que buscam mais qualidade, precis\u00e3o e performance em seus equipamentos! Motor [&#8230;]\n","protected":false},"featured_media":2182,"comment_status":"open","ping_status":"closed","template":"","meta":{"_joinchat":[]},"product_cat":[130],"product_tag":[],"class_list":{"0":"post-2175","1":"product","2":"type-product","3":"status-publish","4":"has-post-thumbnail","6":"product_cat-motor-engrenagens-e-shims","8":"first","9":"instock","10":"shipping-taxable","11":"purchasable","12":"product-type-simple"},"jetpack_sharing_enabled":true,"_links":{"self":[{"href":"https:\/\/www.lojafare.com.br\/index.php?rest_route=\/wp\/v2\/product\/2175","targetHints":{"allow":["GET"]}}],"collection":[{"href":"https:\/\/www.lojafare.com.br\/index.php?rest_route=\/wp\/v2\/product"}],"about":[{"href":"https:\/\/www.lojafare.com.br\/index.php?rest_route=\/wp\/v2\/types\/product"}],"replies":[{"embeddable":true,"href":"https:\/\/www.lojafare.com.br\/index.php?rest_route=%2Fwp%2Fv2%2Fcomments&post=2175"}],"wp:featuredmedia":[{"embeddable":true,"href":"https:\/\/www.lojafare.com.br\/index.php?rest_route=\/wp\/v2\/media\/2182"}],"wp:attachment":[{"href":"https:\/\/www.lojafare.com.br\/index.php?rest_route=%2Fwp%2Fv2%2Fmedia&parent=2175"}],"wp:term":[{"taxonomy":"product_cat","embeddable":true,"href":"https:\/\/www.lojafare.com.br\/index.php?rest_route=%2Fwp%2Fv2%2Fproduct_cat&post=2175"},{"taxonomy":"product_tag","embeddable":true,"href":"https:\/\/www.lojafare.com.br\/index.php?rest_route=%2Fwp%2Fv2%2Fproduct_tag&post=2175"}],"curies":[{"name":"wp","href":"https:\/\/api.w.org\/{rel}","templated":true}]}}