{"id":2195,"date":"2024-03-11T20:46:38","date_gmt":"2024-03-11T23:46:38","guid":{"rendered":"https:\/\/www.lojafare.com.br\/?post_type=product&#038;p=2195"},"modified":"2024-03-11T20:49:38","modified_gmt":"2024-03-11T23:49:38","slug":"mascara-multicam-comfort-para-capacete-feasso","status":"publish","type":"product","link":"https:\/\/www.lojafare.com.br\/?product=mascara-multicam-comfort-para-capacete-feasso","title":{"rendered":"M\u00c1SCARA MULTICAM COMFORT PARA CAPACETE \u2013 FEASSO"},"content":{"rendered":"<p dir=\"ltr\">Marca \/ Fabricante: Feasso<br \/>\nC\u00f3digo\/Sku: 638<\/p>\n<p dir=\"ltr\">C\u00f3digo de barra: 6972547362931<\/p>\n<p dir=\"ltr\">Modelo: M\u00e1scara de Airsoft Meia Face \u2013 FJA-122<\/p>\n<p dir=\"ltr\">Cor: Multicam<br \/>\nMaterial: Nylon 1000D | Cordura | Acolchoado | Tela &#8211; Metal<\/p>\n<p dir=\"ltr\">Caracter\u00edstica:<br \/>\nEsse modelo de m\u00e1scara fabricado em metal \u00e9 ideal contra a penetra\u00e7\u00e3o das esferas de airsoft! Do tipo meia-face, ela conta com tela met\u00e1lica em toda a estrutura, capaz de proteger nariz e boca .Conta ainda com al\u00e7as exclusivas para a melhor regulagem no rosto e melhor adapta\u00e7\u00e3o durante os jogos, sem contar que por ser respir\u00e1vel, se torna muito mais confort\u00e1vel.\u00c9 um item indispens\u00e1vel na seguran\u00e7a dos seus jogos de airsoft<br \/>\nDesign anat\u00f4mico e confort\u00e1vel e leve,banda el\u00e1stica com 3 tiras ajust\u00e1veis revestimento interno acolchoado<\/p>\n<p dir=\"ltr\">Peso do produto: 172g<br \/>\nPeso com embalagem: 180g<br \/>\nDimens\u00f5es aproximadas do produto: (A x C x L): 15 cm x 28 cm x 5 cm<br \/>\nDimens\u00f5es com embalagem: (A x C x L): 20 cm x 17 cm x 7 cm<\/p>\n<p>ATEN\u00c7\u00c3O: Este produto n\u00e3o \u00e9 indicado para menores de 10 anos<\/p>\n<p dir=\"ltr\">Fabricado na China<\/p>\n<p dir=\"ltr\">Importado: Por Grupo Feasso Brasil\/Eletr\u00f4nicos<\/p>\n<p dir=\"ltr\">Validade: Indeterminado<\/p>\n","protected":false},"excerpt":{"rendered":"<p>Marca \/ Fabricante: Feasso C\u00f3digo\/Sku: 638 C\u00f3digo de barra: 6972547362931 Modelo: M\u00e1scara de Airsoft Meia Face \u2013 FJA-122 Cor: Multicam Material: Nylon 1000D | Cordura | Acolchoado | Tela &#8211; Metal Caracter\u00edstica: Esse modelo de m\u00e1scara fabricado em metal \u00e9 ideal contra a penetra\u00e7\u00e3o das esferas de airsoft! Do tipo meia-face, ela conta com tela [&#8230;]\n","protected":false},"featured_media":2202,"comment_status":"open","ping_status":"closed","template":"","meta":{"_joinchat":[]},"product_cat":[55],"product_tag":[],"class_list":{"0":"post-2195","1":"product","2":"type-product","3":"status-publish","4":"has-post-thumbnail","6":"product_cat-protecao-facial","8":"first","9":"instock","10":"shipping-taxable","11":"purchasable","12":"product-type-simple"},"jetpack_sharing_enabled":true,"_links":{"self":[{"href":"https:\/\/www.lojafare.com.br\/index.php?rest_route=\/wp\/v2\/product\/2195","targetHints":{"allow":["GET"]}}],"collection":[{"href":"https:\/\/www.lojafare.com.br\/index.php?rest_route=\/wp\/v2\/product"}],"about":[{"href":"https:\/\/www.lojafare.com.br\/index.php?rest_route=\/wp\/v2\/types\/product"}],"replies":[{"embeddable":true,"href":"https:\/\/www.lojafare.com.br\/index.php?rest_route=%2Fwp%2Fv2%2Fcomments&post=2195"}],"wp:featuredmedia":[{"embeddable":true,"href":"https:\/\/www.lojafare.com.br\/index.php?rest_route=\/wp\/v2\/media\/2202"}],"wp:attachment":[{"href":"https:\/\/www.lojafare.com.br\/index.php?rest_route=%2Fwp%2Fv2%2Fmedia&parent=2195"}],"wp:term":[{"taxonomy":"product_cat","embeddable":true,"href":"https:\/\/www.lojafare.com.br\/index.php?rest_route=%2Fwp%2Fv2%2Fproduct_cat&post=2195"},{"taxonomy":"product_tag","embeddable":true,"href":"https:\/\/www.lojafare.com.br\/index.php?rest_route=%2Fwp%2Fv2%2Fproduct_tag&post=2195"}],"curies":[{"name":"wp","href":"https:\/\/api.w.org\/{rel}","templated":true}]}}