{"id":233,"date":"2024-01-20T19:17:41","date_gmt":"2024-01-20T22:17:41","guid":{"rendered":"https:\/\/www.lojafare.com.br\/?post_type=product&#038;p=233"},"modified":"2024-01-22T15:06:01","modified_gmt":"2024-01-22T18:06:01","slug":"mascara-airsoft-mod-confort-sem-protecao-orelha-multican","status":"publish","type":"product","link":"https:\/\/www.lojafare.com.br\/?product=mascara-airsoft-mod-confort-sem-protecao-orelha-multican","title":{"rendered":"M\u00e1scara Airsoft Mod. Confort SEM Prote\u00e7\u00e3o Orelha &#8211; Multican"},"content":{"rendered":"<h2 class=\"SectionTitle__title___Mc+hH\">Descri\u00e7\u00e3o do Produto<\/h2>\n<div class=\"ProductDescription__description___bly+m\">\n<p data-testid=\"paragraph\">Especifica\u00e7\u00e3o:<\/p>\n<p data-testid=\"paragraph\">&#8211; Tela em metal estilo malha<\/p>\n<p data-testid=\"paragraph\">&#8211; Material: Tela de a\u00e7o leve e nylon 1000D e Gordura acolchoado<\/p>\n<p data-testid=\"paragraph\">&#8211; Design anat\u00f4mico e confort\u00e1vel e leve<\/p>\n<p data-testid=\"paragraph\">&#8211; Banda el\u00e1stica com 2 tira ajustav\u00e9l.<\/p>\n<p data-testid=\"paragraph\">&#8211; Revestimento interno espumado<\/p>\n<p data-testid=\"paragraph\">&#8211; Medidas: aprox. 28cm largura x 15cm altura<\/p>\n<p data-testid=\"paragraph\">&#8211; Comprimento M\u00e1ximo da Tira El\u00e1stica (N\u00e3o esticada): 25 cm<\/p>\n<p data-testid=\"paragraph\">&#8211; Comprimento M\u00e1ximo da Tira El\u00e1stica (Esticada): 40 cm<\/p>\n<p data-testid=\"paragraph\">&#8211; Peso: 100g<\/p>\n<p data-testid=\"paragraph\">Peso bruto do produto:\u00a00,102\u00a0kg<\/p>\n<\/div>\n","protected":false},"excerpt":{"rendered":"<p>Descri\u00e7\u00e3o do Produto Especifica\u00e7\u00e3o: &#8211; Tela em metal estilo malha &#8211; Material: Tela de a\u00e7o leve e nylon 1000D e Gordura acolchoado &#8211; Design anat\u00f4mico e confort\u00e1vel e leve &#8211; Banda el\u00e1stica com 2 tira ajustav\u00e9l. &#8211; Revestimento interno espumado &#8211; Medidas: aprox. 28cm largura x 15cm altura &#8211; Comprimento M\u00e1ximo da Tira El\u00e1stica (N\u00e3o [&#8230;]\n","protected":false},"featured_media":234,"comment_status":"open","ping_status":"closed","template":"","meta":{"_joinchat":[]},"product_cat":[55],"product_tag":[],"class_list":{"0":"post-233","1":"product","2":"type-product","3":"status-publish","4":"has-post-thumbnail","6":"product_cat-protecao-facial","8":"first","9":"instock","10":"shipping-taxable","11":"purchasable","12":"product-type-simple"},"jetpack_sharing_enabled":true,"_links":{"self":[{"href":"https:\/\/www.lojafare.com.br\/index.php?rest_route=\/wp\/v2\/product\/233","targetHints":{"allow":["GET"]}}],"collection":[{"href":"https:\/\/www.lojafare.com.br\/index.php?rest_route=\/wp\/v2\/product"}],"about":[{"href":"https:\/\/www.lojafare.com.br\/index.php?rest_route=\/wp\/v2\/types\/product"}],"replies":[{"embeddable":true,"href":"https:\/\/www.lojafare.com.br\/index.php?rest_route=%2Fwp%2Fv2%2Fcomments&post=233"}],"wp:featuredmedia":[{"embeddable":true,"href":"https:\/\/www.lojafare.com.br\/index.php?rest_route=\/wp\/v2\/media\/234"}],"wp:attachment":[{"href":"https:\/\/www.lojafare.com.br\/index.php?rest_route=%2Fwp%2Fv2%2Fmedia&parent=233"}],"wp:term":[{"taxonomy":"product_cat","embeddable":true,"href":"https:\/\/www.lojafare.com.br\/index.php?rest_route=%2Fwp%2Fv2%2Fproduct_cat&post=233"},{"taxonomy":"product_tag","embeddable":true,"href":"https:\/\/www.lojafare.com.br\/index.php?rest_route=%2Fwp%2Fv2%2Fproduct_tag&post=233"}],"curies":[{"name":"wp","href":"https:\/\/api.w.org\/{rel}","templated":true}]}}