{"id":235,"date":"2024-01-20T19:25:24","date_gmt":"2024-01-20T22:25:24","guid":{"rendered":"https:\/\/www.lojafare.com.br\/?post_type=product&#038;p=235"},"modified":"2024-02-06T22:17:29","modified_gmt":"2024-02-07T01:17:29","slug":"combat-shirt-multicam-v-avulsa","status":"publish","type":"product","link":"https:\/\/www.lojafare.com.br\/?product=combat-shirt-multicam-v-avulsa","title":{"rendered":"COMBAT SHIRT MULTICAM"},"content":{"rendered":"<p>Combat shirt avulsa Tecido em rip stop profissional militar nas mangas e gola.<\/p>\n<p>Malha PV super no peito e costas.<\/p>\n<p>Reguladores de tamanho no pulso.<\/p>\n<p>Possui 02 (dois) bolsos para fixa\u00e7\u00e3o de &#8220;patches&#8221;.<\/p>\n<p>Gola com fechamento por z\u00edper<\/p>\n","protected":false},"excerpt":{"rendered":"<p>Combat shirt avulsa Tecido em rip stop profissional militar nas mangas e gola. Malha PV super no peito e costas. Reguladores de tamanho no pulso. Possui 02 (dois) bolsos para fixa\u00e7\u00e3o de &#8220;patches&#8221;. Gola com fechamento por z\u00edper<\/p>\n","protected":false},"featured_media":408,"comment_status":"open","ping_status":"closed","template":"","meta":{"_joinchat":[]},"product_cat":[44,100],"product_tag":[],"class_list":{"0":"post-235","1":"product","2":"type-product","3":"status-publish","4":"has-post-thumbnail","6":"product_cat-fardas-e-uniformes","7":"product_cat-gandolas-e-combat-shirt","9":"first","10":"instock","11":"shipping-taxable","12":"purchasable","13":"product-type-simple"},"jetpack_sharing_enabled":true,"_links":{"self":[{"href":"https:\/\/www.lojafare.com.br\/index.php?rest_route=\/wp\/v2\/product\/235","targetHints":{"allow":["GET"]}}],"collection":[{"href":"https:\/\/www.lojafare.com.br\/index.php?rest_route=\/wp\/v2\/product"}],"about":[{"href":"https:\/\/www.lojafare.com.br\/index.php?rest_route=\/wp\/v2\/types\/product"}],"replies":[{"embeddable":true,"href":"https:\/\/www.lojafare.com.br\/index.php?rest_route=%2Fwp%2Fv2%2Fcomments&post=235"}],"wp:featuredmedia":[{"embeddable":true,"href":"https:\/\/www.lojafare.com.br\/index.php?rest_route=\/wp\/v2\/media\/408"}],"wp:attachment":[{"href":"https:\/\/www.lojafare.com.br\/index.php?rest_route=%2Fwp%2Fv2%2Fmedia&parent=235"}],"wp:term":[{"taxonomy":"product_cat","embeddable":true,"href":"https:\/\/www.lojafare.com.br\/index.php?rest_route=%2Fwp%2Fv2%2Fproduct_cat&post=235"},{"taxonomy":"product_tag","embeddable":true,"href":"https:\/\/www.lojafare.com.br\/index.php?rest_route=%2Fwp%2Fv2%2Fproduct_tag&post=235"}],"curies":[{"name":"wp","href":"https:\/\/api.w.org\/{rel}","templated":true}]}}