{"id":238,"date":"2024-01-20T19:34:03","date_gmt":"2024-01-20T22:34:03","guid":{"rendered":"https:\/\/www.lojafare.com.br\/?post_type=product&#038;p=238"},"modified":"2024-02-06T22:20:10","modified_gmt":"2024-02-07T01:20:10","slug":"calca-multicam","status":"publish","type":"product","link":"https:\/\/www.lojafare.com.br\/?product=calca-multicam","title":{"rendered":"CAL\u00c7A MULTICAM"},"content":{"rendered":"<p>Pode ser utilizado em diversas situa\u00e7\u00f5es. Em a\u00e7\u00f5es t\u00e1ticas, camping, militaria, esportes radicais, airsoft, paintball, pr\u00e1tica de tiro, aventura, escaladas, entre outros.<\/p>\n<p><strong>CAL\u00c7A<\/strong>: Tecido em RipStop profissional militar com 02 Bolsos traseiros com fecho de contato, 02 Bolsos laterais, tipo cargo e 02 Bolsos internos. Fechamento por z\u00edper e bot\u00e3o. Refor\u00e7o duplo com 5 costuras no &#8220;cavalo&#8221; tamb\u00e9m em rip stop e Refor\u00e7o duplo em &#8220;X&#8221; nos joelhos.<\/p>\n<p><strong>Acess\u00f3rios n\u00e3o acompanham o produto.<\/strong><\/p>\n<p><strong>As Camuflagens podem sofrer varia\u00e7\u00f5es de cor devido as fotos serem influenciadas \u00a0pelo tipo de equipamento e resolu\u00e7\u00e3o do monitor.\u00a0<\/strong><\/p>\n","protected":false},"excerpt":{"rendered":"<p>Pode ser utilizado em diversas situa\u00e7\u00f5es. Em a\u00e7\u00f5es t\u00e1ticas, camping, militaria, esportes radicais, airsoft, paintball, pr\u00e1tica de tiro, aventura, escaladas, entre outros. CAL\u00c7A: Tecido em RipStop profissional militar com 02 Bolsos traseiros com fecho de contato, 02 Bolsos laterais, tipo cargo e 02 Bolsos internos. Fechamento por z\u00edper e bot\u00e3o. Refor\u00e7o duplo com 5 costuras [&#8230;]\n","protected":false},"featured_media":242,"comment_status":"open","ping_status":"closed","template":"","meta":{"_joinchat":[]},"product_cat":[101,44],"product_tag":[],"class_list":{"0":"post-238","1":"product","2":"type-product","3":"status-publish","4":"has-post-thumbnail","6":"product_cat-calcas-taticas-bermudas","7":"product_cat-fardas-e-uniformes","9":"first","10":"instock","11":"shipping-taxable","12":"purchasable","13":"product-type-simple"},"jetpack_sharing_enabled":true,"_links":{"self":[{"href":"https:\/\/www.lojafare.com.br\/index.php?rest_route=\/wp\/v2\/product\/238","targetHints":{"allow":["GET"]}}],"collection":[{"href":"https:\/\/www.lojafare.com.br\/index.php?rest_route=\/wp\/v2\/product"}],"about":[{"href":"https:\/\/www.lojafare.com.br\/index.php?rest_route=\/wp\/v2\/types\/product"}],"replies":[{"embeddable":true,"href":"https:\/\/www.lojafare.com.br\/index.php?rest_route=%2Fwp%2Fv2%2Fcomments&post=238"}],"wp:featuredmedia":[{"embeddable":true,"href":"https:\/\/www.lojafare.com.br\/index.php?rest_route=\/wp\/v2\/media\/242"}],"wp:attachment":[{"href":"https:\/\/www.lojafare.com.br\/index.php?rest_route=%2Fwp%2Fv2%2Fmedia&parent=238"}],"wp:term":[{"taxonomy":"product_cat","embeddable":true,"href":"https:\/\/www.lojafare.com.br\/index.php?rest_route=%2Fwp%2Fv2%2Fproduct_cat&post=238"},{"taxonomy":"product_tag","embeddable":true,"href":"https:\/\/www.lojafare.com.br\/index.php?rest_route=%2Fwp%2Fv2%2Fproduct_tag&post=238"}],"curies":[{"name":"wp","href":"https:\/\/api.w.org\/{rel}","templated":true}]}}