{"id":385,"date":"2024-01-22T13:03:52","date_gmt":"2024-01-22T16:03:52","guid":{"rendered":"https:\/\/www.lojafare.com.br\/?post_type=product&#038;p=385"},"modified":"2024-01-22T13:03:52","modified_gmt":"2024-01-22T16:03:52","slug":"bateria-lipo-20c-11-1v-1100mah","status":"publish","type":"product","link":"https:\/\/www.lojafare.com.br\/?product=bateria-lipo-20c-11-1v-1100mah","title":{"rendered":"Bateria LiPO 20C &#8211; 11.1V &#8211; 1100mAh"},"content":{"rendered":"<p style=\"font-weight: 400;\"><b>Aplica\u00e7\u00e3o: Airsoft<\/b><\/p>\n<p style=\"font-weight: 400;\">As Baterias da Feasso Airsoft , foram feitas e desenvolvidas para uso em AEG de alta performance no Airsoft!<br \/>\nReconhecida por serem as mais seguras e com alto n\u00edvel de qualidade tem como principal caracter\u00edsticas, sua durabilidade e seguran\u00e7a.<br \/>\nAs Baterias do tipo (<b>LiPO<\/b>) da Feasso, passaram por rigorosos testes de qualidade para assegurar ao seu usu\u00e1rio a descarga mais pr\u00f3xima do nominal descrito em sua embalagem.<br \/>\nS\u00e3o testadas e aprovadas para uso no AIRSOF, afim de proporcionar o melhor desempenho para sua finalidade, oferecendo o m\u00e1ximo de desempenho, com um \u00f3timo custo benef\u00edcio, desenvolvidos com alta tecnologia em sua fabrica\u00e7\u00e3o.<\/p>\n<p style=\"font-weight: 400;\"><b>CARACTER\u00cdSTICAS:<\/b><br \/>\nMarca: Feasso Airsoft<br \/>\nBateria de Pol\u00edmero de l\u00edtio (L\u00edPO)Capacidade: 1500 mAh<\/p>\n<p style=\"font-weight: 400;\">Descarga: 20C<\/p>\n<p style=\"font-weight: 400;\">Voltagem: 11.1 V<\/p>\n<p style=\"font-weight: 400;\">\n<p style=\"font-weight: 400;\">Quantidade de C\u00e9lulas: 3<\/p>\n<p style=\"font-weight: 400;\">Plug de descarga: Mini EL<\/p>\n<p style=\"font-weight: 400;\">Plug de carga: JST 4Pin<\/p>\n<p style=\"font-weight: 400;\">Dimens\u00e3o:3* 7x21x105mm<\/p>\n<p style=\"font-weight: 400;\">\nPeso: 83g<br \/>\nPeso com caixa: 98 g<\/p>\n<p style=\"font-weight: 400;\"><b>ATEN\u00c7\u00c3O<\/b><br \/>\n<b><a href=\"https:\/\/feasso.com.br\/cuidados-baterias-lipo\">Leia o manual de Utiliza\u00e7\u00e3o para manuseio seguro deste produto!<\/a><\/b><\/p>\n<p style=\"font-weight: 400;\">Recomendamos sempre utilizar a fun\u00e7\u00e3o Balanceamento na recarga!<br \/>\nMantenha\u00a0\u00a0e manuseie este produto em local seguro, seco e longe de produtos inflam\u00e1veis, este produto em condi\u00e7\u00f5es de \u201cMAL USO pode explodir e provocar les\u00f5es por queimadura!<\/p>\n<p style=\"font-weight: 400;\">Recomendamos carregadores de uso profissional para recarga &#8211;\u00a0<a href=\"https:\/\/feasso.com.br\/carregador-imax-balanceador-de-carga-ff-b6ac\">FF-B6AC<\/a>\u00a0ou<br \/>\n<a href=\"https:\/\/feasso.com.br\/carregador-compacto-ff-b3v1\">FF-B3V1<\/a><\/p>\n<p>Recomendamos para Transporte seguro: Safe Bag\u00a0<a href=\"https:\/\/feasso.com.br\/capa-protetora-preta-fja-300x-para-baterias-lipo?search=fja\">FJA-300<\/a><br \/>\nou a Embalem \u201cN\u00e3o descarte est\u00e1 embalagem!\u201d<\/p>\n<p><b>N\u00c3O USE BATERIAS PARA DRONES EM SUA AIRSOFT ISSO PODE CAUSAR DANOS AO SEU EQUIPAMENTO!\u00a0<\/b><\/p>\n<p style=\"font-weight: 400;\">Nota: Esta bateria pode ser utilizada em auto\/aeromodelos de r\u00e1dio controle RX e Projetos de engenharia el\u00e9trica &#8211; consulte seu manual!<br \/>\nProduto Importado!<\/p>\n<p style=\"font-weight: 400;\"><b>ATEN\u00c7\u00c3O: Este produto n\u00e3o \u00e9 indicado para menores de 16 anos<\/b><\/p>\n<p style=\"font-weight: 400;\">Fabricado na China<\/p>\n<p style=\"font-weight: 400;\">Importado: Por Grupo Feasso Brasil\/Eletr\u00f4nicos Validade Indeterminada Garantia: 6 meses<\/p>\n","protected":false},"excerpt":{"rendered":"<p>Aplica\u00e7\u00e3o: Airsoft As Baterias da Feasso Airsoft , foram feitas e desenvolvidas para uso em AEG de alta performance no Airsoft! Reconhecida por serem as mais seguras e com alto n\u00edvel de qualidade tem como principal caracter\u00edsticas, sua durabilidade e seguran\u00e7a. As Baterias do tipo (LiPO) da Feasso, passaram por rigorosos testes de qualidade para [&#8230;]\n","protected":false},"featured_media":390,"comment_status":"open","ping_status":"closed","template":"","meta":{"_joinchat":[]},"product_cat":[33],"product_tag":[],"class_list":{"0":"post-385","1":"product","2":"type-product","3":"status-publish","4":"has-post-thumbnail","6":"product_cat-baterias-e-carregadores","8":"first","9":"instock","10":"shipping-taxable","11":"purchasable","12":"product-type-simple"},"jetpack_sharing_enabled":true,"_links":{"self":[{"href":"https:\/\/www.lojafare.com.br\/index.php?rest_route=\/wp\/v2\/product\/385","targetHints":{"allow":["GET"]}}],"collection":[{"href":"https:\/\/www.lojafare.com.br\/index.php?rest_route=\/wp\/v2\/product"}],"about":[{"href":"https:\/\/www.lojafare.com.br\/index.php?rest_route=\/wp\/v2\/types\/product"}],"replies":[{"embeddable":true,"href":"https:\/\/www.lojafare.com.br\/index.php?rest_route=%2Fwp%2Fv2%2Fcomments&post=385"}],"wp:featuredmedia":[{"embeddable":true,"href":"https:\/\/www.lojafare.com.br\/index.php?rest_route=\/wp\/v2\/media\/390"}],"wp:attachment":[{"href":"https:\/\/www.lojafare.com.br\/index.php?rest_route=%2Fwp%2Fv2%2Fmedia&parent=385"}],"wp:term":[{"taxonomy":"product_cat","embeddable":true,"href":"https:\/\/www.lojafare.com.br\/index.php?rest_route=%2Fwp%2Fv2%2Fproduct_cat&post=385"},{"taxonomy":"product_tag","embeddable":true,"href":"https:\/\/www.lojafare.com.br\/index.php?rest_route=%2Fwp%2Fv2%2Fproduct_tag&post=385"}],"curies":[{"name":"wp","href":"https:\/\/api.w.org\/{rel}","templated":true}]}}