{"id":409,"date":"2024-01-22T17:18:06","date_gmt":"2024-01-22T20:18:06","guid":{"rendered":"https:\/\/www.lojafare.com.br\/?post_type=product&#038;p=409"},"modified":"2024-01-30T11:50:00","modified_gmt":"2024-01-30T14:50:00","slug":"canivete-camuflado-united-states-marine-corps-floresta","status":"publish","type":"product","link":"https:\/\/www.lojafare.com.br\/?product=canivete-camuflado-united-states-marine-corps-floresta","title":{"rendered":"Canivete Camuflado United States Marine Corps FLORESTA"},"content":{"rendered":"<p>DESCRI\u00c7\u00c3O DO PRODUTO:<\/p>\n<p>Super Canivete T\u00e1tico US Marines Camuflado<br \/>\nCanivete t\u00e1tico com abertura assistida<br \/>\nPossui Ponta &#8220;Quebra-vidro&#8221;<br \/>\nPossui Corta-Cinto<br \/>\nPossui \u00f3timo acabamento, design moderno com apelo urbano. Sua trava (line look) \u00e9 bem precisa o que facilita a abertura e fechamento com apenas uma das m\u00e3os.<br \/>\n\u00c9 o canivete ideal para voc\u00ea ter no dia a dia seja no bolso ou na cinta fixado atrav\u00e9s do seu clip refor\u00e7ado.<br \/>\n\u00d3timo canivete que certamente ser\u00e1 companheiro infal\u00edvel em todas as aventuras e pescarias.<\/p>\n<p><em>Caracter\u00edsticas:<\/em><\/p>\n<p>&#8211; Abertura Assistida<br \/>\n&#8211; Pega alum\u00ednio<br \/>\n&#8211; Inoxid\u00e1vel<br \/>\n&#8211; Borda padr\u00e3o<br \/>\n&#8211; Clipe Para Cinto<br \/>\n&#8211; Al\u00e7as anodizadas<br \/>\n&#8211; Outras informa\u00e7\u00f5es: Extens\u00e3o Tang, Inlay Shield, Lanyard Hole, Pocket Clip, Thumb Ridge, Thumb Stud (s).<br \/>\n&#8211; Fechado: 4.75&#8243;<br \/>\n&#8211; L\u00e2mina: 3.75&#8243;<br \/>\n&#8211; Espessura lamina: 3,5mm<\/p>\n<p><em>Especifica\u00e7\u00f5es t\u00e9cnicas:<\/em><br \/>\nMaterial: Inoxid\u00e1vel<br \/>\nComprimento Total: 21,5cm. Cabo: 12cm. L\u00e2mina: 9cm. Largura: 5,5cm<br \/>\nPeso: 220g<br \/>\nConte\u00fado da Embalagem: 1 Canivete Faca T\u00e1tico US Marines Militar Cinto Pesca 3 em 1<br \/>\nFOTOS ILUSTRATIVAS*<\/p>\n","protected":false},"excerpt":{"rendered":"<p>DESCRI\u00c7\u00c3O DO PRODUTO: Super Canivete T\u00e1tico US Marines Camuflado Canivete t\u00e1tico com abertura assistida Possui Ponta &#8220;Quebra-vidro&#8221; Possui Corta-Cinto Possui \u00f3timo acabamento, design moderno com apelo urbano. Sua trava (line look) \u00e9 bem precisa o que facilita a abertura e fechamento com apenas uma das m\u00e3os. \u00c9 o canivete ideal para voc\u00ea ter no dia [&#8230;]\n","protected":false},"featured_media":411,"comment_status":"open","ping_status":"closed","template":"","meta":{"_joinchat":[]},"product_cat":[91],"product_tag":[],"class_list":{"0":"post-409","1":"product","2":"type-product","3":"status-publish","4":"has-post-thumbnail","6":"product_cat-canivetes","8":"first","9":"instock","10":"shipping-taxable","11":"purchasable","12":"product-type-simple"},"jetpack_sharing_enabled":true,"_links":{"self":[{"href":"https:\/\/www.lojafare.com.br\/index.php?rest_route=\/wp\/v2\/product\/409","targetHints":{"allow":["GET"]}}],"collection":[{"href":"https:\/\/www.lojafare.com.br\/index.php?rest_route=\/wp\/v2\/product"}],"about":[{"href":"https:\/\/www.lojafare.com.br\/index.php?rest_route=\/wp\/v2\/types\/product"}],"replies":[{"embeddable":true,"href":"https:\/\/www.lojafare.com.br\/index.php?rest_route=%2Fwp%2Fv2%2Fcomments&post=409"}],"wp:featuredmedia":[{"embeddable":true,"href":"https:\/\/www.lojafare.com.br\/index.php?rest_route=\/wp\/v2\/media\/411"}],"wp:attachment":[{"href":"https:\/\/www.lojafare.com.br\/index.php?rest_route=%2Fwp%2Fv2%2Fmedia&parent=409"}],"wp:term":[{"taxonomy":"product_cat","embeddable":true,"href":"https:\/\/www.lojafare.com.br\/index.php?rest_route=%2Fwp%2Fv2%2Fproduct_cat&post=409"},{"taxonomy":"product_tag","embeddable":true,"href":"https:\/\/www.lojafare.com.br\/index.php?rest_route=%2Fwp%2Fv2%2Fproduct_tag&post=409"}],"curies":[{"name":"wp","href":"https:\/\/api.w.org\/{rel}","templated":true}]}}