{"id":421,"date":"2024-01-22T18:27:58","date_gmt":"2024-01-22T21:27:58","guid":{"rendered":"https:\/\/www.lojafare.com.br\/?post_type=product&#038;p=421"},"modified":"2024-01-30T11:49:26","modified_gmt":"2024-01-30T14:49:26","slug":"canivete-butterfly-lamina-lisa-cabo-madeira","status":"publish","type":"product","link":"https:\/\/www.lojafare.com.br\/?product=canivete-butterfly-lamina-lisa-cabo-madeira","title":{"rendered":"Canivete Butterfly L\u00e2mina Lisa Cabo Madeira"},"content":{"rendered":"<h4><strong>Canivete Butterfly L\u00e2mina Lisa Cabo Madeira Cl\u00e1ssico<\/strong><\/h4>\n<p>Cl\u00e1ssico canivete Butterfly prata com detalhes em madeira, designer italiano rico em detalhes com \u00f3timo acabamento.<\/p>\n<p>Por serem pequenos e de r\u00e1pido manuseio s\u00e3o indicados tamb\u00e9m para pesca, ca\u00e7a e Camping! Utiliza-se de movimentos chamados Tricks\u00a0para abrir o canivete e exibir sua l\u00e2mina rapidamente.<\/p>\n<p>Indicado para: Acampamento, Pesca, Trilhas, Camping, Ca\u00e7a, Esportes, Aventura, Cole\u00e7\u00e3o. Escoteiros&#8230;<\/p>\n<p>Dimens\u00f5es aproximadas do produto (cm) AxLxP<\/p>\n<p>&#8211; Aberto 23cm<br \/>\n&#8211; Fechado 13cm<br \/>\n&#8211; L\u00e2mina 10cm<br \/>\n&#8211; Peso: 122g<br \/>\n&#8211; Trava: Pino<br \/>\n&#8211; Jun\u00e7\u00e3o da L\u00e2mina: Parafuso<br \/>\n&#8211; Com fio de corte<br \/>\n&#8211; Corte super afiado somente em um dos lados.<\/p>\n<p>&nbsp;<\/p>\n<p><strong>Benef\u00edcios:<\/strong><br \/>\n-L\u00e2mina e cabo resistentes<br \/>\n-\u00d3timo acabamento<br \/>\n-Leve, proporcionando \u00f3timo manuseio<\/p>\n<p>As partes s\u00e3o fixas por parafusos que permitem ajustar o aperto e deixa-lo muito justo, proporcionando maior seguran\u00e7a no manuseio.<\/p>\n<p>Vantagens em comprar conosco.<\/p>\n<p>\u00c9tica e responsabilidade<\/p>\n<p>Trabalhamos com honestidade, \u00e9tica e com um atendimento diferenciado. Procuramos sempre fortalecer e atender bem nossos clientes, para garantir que adquiram o produto e tenham sempre uma experi\u00eancia satisfat\u00f3ria.<\/p>\n<p>Loja F\u00edsica com amplo estoque e pronta entrega. Pronta entrega, envio imediato;<\/p>\n<p>Prazo de postagem ultrarr\u00e1pido, geralmente no mesmo dia da compra;<\/p>\n<p>Embalagem discreta e segura e sem identifica\u00e7\u00e3o de conte\u00fado;<\/p>\n<p>Algumas das embalagens podem sofrer altera\u00e7\u00f5es pelo fornecedor, sem haver tempo h\u00e1bil para ser atualizado em nosso site, por\u00e9m, garantimos que as caracter\u00edsticas do produto (quantidade, peso, mat\u00e9ria prima e fun\u00e7\u00f5es) n\u00e3o ser\u00e3o alteradas.<\/p>\n<p>Disponibilizamos a voc\u00ea a melhor sensa\u00e7\u00e3o em compra do Brasil com a praticidade do com\u00e9rcio eletr\u00f4nico, n\u00e3o medimos esfor\u00e7os para sua satisfa\u00e7\u00e3o, tranquilidade e seguran\u00e7a ao adquirir nossos produtos.<\/p>\n<p>Aten\u00e7\u00e3o: Imagens meramente ilustrativas, o produto pode divergir da imagem apresentada.<\/p>\n","protected":false},"excerpt":{"rendered":"<p>Canivete Butterfly L\u00e2mina Lisa Cabo Madeira Cl\u00e1ssico Cl\u00e1ssico canivete Butterfly prata com detalhes em madeira, designer italiano rico em detalhes com \u00f3timo acabamento. Por serem pequenos e de r\u00e1pido manuseio s\u00e3o indicados tamb\u00e9m para pesca, ca\u00e7a e Camping! Utiliza-se de movimentos chamados Tricks\u00a0para abrir o canivete e exibir sua l\u00e2mina rapidamente. Indicado para: Acampamento, Pesca, [&#8230;]\n","protected":false},"featured_media":425,"comment_status":"open","ping_status":"closed","template":"","meta":{"_joinchat":[]},"product_cat":[91],"product_tag":[],"class_list":{"0":"post-421","1":"product","2":"type-product","3":"status-publish","4":"has-post-thumbnail","6":"product_cat-canivetes","8":"first","9":"instock","10":"shipping-taxable","11":"purchasable","12":"product-type-simple"},"jetpack_sharing_enabled":true,"_links":{"self":[{"href":"https:\/\/www.lojafare.com.br\/index.php?rest_route=\/wp\/v2\/product\/421","targetHints":{"allow":["GET"]}}],"collection":[{"href":"https:\/\/www.lojafare.com.br\/index.php?rest_route=\/wp\/v2\/product"}],"about":[{"href":"https:\/\/www.lojafare.com.br\/index.php?rest_route=\/wp\/v2\/types\/product"}],"replies":[{"embeddable":true,"href":"https:\/\/www.lojafare.com.br\/index.php?rest_route=%2Fwp%2Fv2%2Fcomments&post=421"}],"wp:featuredmedia":[{"embeddable":true,"href":"https:\/\/www.lojafare.com.br\/index.php?rest_route=\/wp\/v2\/media\/425"}],"wp:attachment":[{"href":"https:\/\/www.lojafare.com.br\/index.php?rest_route=%2Fwp%2Fv2%2Fmedia&parent=421"}],"wp:term":[{"taxonomy":"product_cat","embeddable":true,"href":"https:\/\/www.lojafare.com.br\/index.php?rest_route=%2Fwp%2Fv2%2Fproduct_cat&post=421"},{"taxonomy":"product_tag","embeddable":true,"href":"https:\/\/www.lojafare.com.br\/index.php?rest_route=%2Fwp%2Fv2%2Fproduct_tag&post=421"}],"curies":[{"name":"wp","href":"https:\/\/api.w.org\/{rel}","templated":true}]}}