{"id":426,"date":"2024-01-22T18:38:43","date_gmt":"2024-01-22T21:38:43","guid":{"rendered":"https:\/\/www.lojafare.com.br\/?post_type=product&#038;p=426"},"modified":"2024-01-30T11:49:13","modified_gmt":"2024-01-30T14:49:13","slug":"canivete-karambit-force-tactical","status":"publish","type":"product","link":"https:\/\/www.lojafare.com.br\/?product=canivete-karambit-force-tactical","title":{"rendered":"CANIVETE KARAMBIT FORCE TACTICAL"},"content":{"rendered":"<p>O Canivete Karambit FTK-0431 \u00e9 um acess\u00f3rio pr\u00e1tico e eficiente que foi desenvolvido para atender \u00e0s necessidades de quem pratica atividades ao ar livre, como camping, fazendas e pescarias. Este canivete \u00e9 uma escolha ideal para quem busca funcionalidade e qualidade em um \u00fanico produto.<\/p>\n<p>A l\u00e2mina deste canivete \u00e9 feita de a\u00e7o inoxid\u00e1vel de alta qualidade, proporcionando durabilidade e resist\u00eancia. Al\u00e9m disso, a l\u00e2mina \u00e9 m\u00f3vel e possui trava de seguran\u00e7a, garantindo a seguran\u00e7a do usu\u00e1rio durante o uso. A l\u00e2mina Full Tang aumenta a resist\u00eancia do canivete, proporcionando maior firmeza e equil\u00edbrio durante o manuseio.<\/p>\n<p>O corpo e a empunhadura do canivete foram desenvolvidos em pol\u00edmero de alta resist\u00eancia, com textura antiaderente para uma pegada firme e confort\u00e1vel. O anel de reten\u00e7\u00e3o e o saque r\u00e1pido tornam o manuseio ainda mais f\u00e1cil e seguro. Al\u00e9m disso, este canivete \u00e9 super leve e resistente, tornando-o um companheiro confi\u00e1vel para atividades ao ar livre.<\/p>\n<p>Para maior comodidade, o canivete Karambit FTK-0431 vem com um coldre pr\u00e1tico que possui clip para prender em cintos e mochilas, permitindo um transporte f\u00e1cil e seguro.<\/p>\n<p>Em resumo, o Canivete Karambit FTK-0431 \u00e9 uma escolha pr\u00e1tica e eficiente para quem busca um acess\u00f3rio dur\u00e1vel e vers\u00e1til para atividades ao ar livre. Com uma l\u00e2mina de a\u00e7o inoxid\u00e1vel m\u00f3vel e segura, corpo e empunhadura em pol\u00edmero de alta resist\u00eancia, e um coldre com clip para prender em cintos e mochilas, este canivete \u00e9 uma escolha ideal para quem valoriza qualidade e praticidade.<\/p>\n","protected":false},"excerpt":{"rendered":"<p>O Canivete Karambit FTK-0431 \u00e9 um acess\u00f3rio pr\u00e1tico e eficiente que foi desenvolvido para atender \u00e0s necessidades de quem pratica atividades ao ar livre, como camping, fazendas e pescarias. Este canivete \u00e9 uma escolha ideal para quem busca funcionalidade e qualidade em um \u00fanico produto. A l\u00e2mina deste canivete \u00e9 feita de a\u00e7o inoxid\u00e1vel de [&#8230;]\n","protected":false},"featured_media":427,"comment_status":"open","ping_status":"closed","template":"","meta":{"_joinchat":[]},"product_cat":[91],"product_tag":[],"class_list":{"0":"post-426","1":"product","2":"type-product","3":"status-publish","4":"has-post-thumbnail","6":"product_cat-canivetes","8":"first","9":"instock","10":"shipping-taxable","11":"purchasable","12":"product-type-simple"},"jetpack_sharing_enabled":true,"_links":{"self":[{"href":"https:\/\/www.lojafare.com.br\/index.php?rest_route=\/wp\/v2\/product\/426","targetHints":{"allow":["GET"]}}],"collection":[{"href":"https:\/\/www.lojafare.com.br\/index.php?rest_route=\/wp\/v2\/product"}],"about":[{"href":"https:\/\/www.lojafare.com.br\/index.php?rest_route=\/wp\/v2\/types\/product"}],"replies":[{"embeddable":true,"href":"https:\/\/www.lojafare.com.br\/index.php?rest_route=%2Fwp%2Fv2%2Fcomments&post=426"}],"wp:featuredmedia":[{"embeddable":true,"href":"https:\/\/www.lojafare.com.br\/index.php?rest_route=\/wp\/v2\/media\/427"}],"wp:attachment":[{"href":"https:\/\/www.lojafare.com.br\/index.php?rest_route=%2Fwp%2Fv2%2Fmedia&parent=426"}],"wp:term":[{"taxonomy":"product_cat","embeddable":true,"href":"https:\/\/www.lojafare.com.br\/index.php?rest_route=%2Fwp%2Fv2%2Fproduct_cat&post=426"},{"taxonomy":"product_tag","embeddable":true,"href":"https:\/\/www.lojafare.com.br\/index.php?rest_route=%2Fwp%2Fv2%2Fproduct_tag&post=426"}],"curies":[{"name":"wp","href":"https:\/\/api.w.org\/{rel}","templated":true}]}}