{"id":440,"date":"2024-01-22T20:32:49","date_gmt":"2024-01-22T23:32:49","guid":{"rendered":"https:\/\/www.lojafare.com.br\/?post_type=product&#038;p=440"},"modified":"2024-01-30T11:48:58","modified_gmt":"2024-01-30T14:48:58","slug":"440","status":"publish","type":"product","link":"https:\/\/www.lojafare.com.br\/?product=440","title":{"rendered":"Canivete Cart\u00e3o Dobr\u00e1vel"},"content":{"rendered":"<p>O canivete cart\u00e3o dobr\u00e1vel da Albatroz possui o tamanho de um cart\u00e3o de cr\u00e9dito e \u00e9 ideal para ter na carteira, pronto para qualquer emerg\u00eancia do dia a dia e at\u00e9 mesmo em atividades como o camping, pesca, trilha, entre outras atividades. Especifica\u00e7\u00f5es: &#8211; Material: Cart\u00e3o (empunhadura) Pl\u00e1stico com Placas de Inox e L\u00e2mina de a\u00e7o inox 304 &#8211; Cor: Inox &#8211; Dureza: 53hcr &#8211; Trava de l\u00e2mina: Possui &#8211; Bainha: Courino Modelo Carteira &#8211; Peso: 90gr &#8211; Dimens\u00f5es Aberto: 14cm &#8211; Dimens\u00f5es Fechado: 9cm (C) x 5,5cm (L) &#8211; Espessura: 2mm<\/p>\n","protected":false},"excerpt":{"rendered":"<p>O canivete cart\u00e3o dobr\u00e1vel da Albatroz possui o tamanho de um cart\u00e3o de cr\u00e9dito e \u00e9 ideal para ter na carteira, pronto para qualquer emerg\u00eancia do dia a dia e at\u00e9 mesmo em atividades como o camping, pesca, trilha, entre outras atividades. Especifica\u00e7\u00f5es: &#8211; Material: Cart\u00e3o (empunhadura) Pl\u00e1stico com Placas de Inox e L\u00e2mina de [&#8230;]\n","protected":false},"featured_media":442,"comment_status":"open","ping_status":"closed","template":"","meta":{"_joinchat":[]},"product_cat":[91],"product_tag":[],"class_list":{"0":"post-440","1":"product","2":"type-product","3":"status-publish","4":"has-post-thumbnail","6":"product_cat-canivetes","8":"first","9":"instock","10":"shipping-taxable","11":"purchasable","12":"product-type-simple"},"jetpack_sharing_enabled":true,"_links":{"self":[{"href":"https:\/\/www.lojafare.com.br\/index.php?rest_route=\/wp\/v2\/product\/440","targetHints":{"allow":["GET"]}}],"collection":[{"href":"https:\/\/www.lojafare.com.br\/index.php?rest_route=\/wp\/v2\/product"}],"about":[{"href":"https:\/\/www.lojafare.com.br\/index.php?rest_route=\/wp\/v2\/types\/product"}],"replies":[{"embeddable":true,"href":"https:\/\/www.lojafare.com.br\/index.php?rest_route=%2Fwp%2Fv2%2Fcomments&post=440"}],"wp:featuredmedia":[{"embeddable":true,"href":"https:\/\/www.lojafare.com.br\/index.php?rest_route=\/wp\/v2\/media\/442"}],"wp:attachment":[{"href":"https:\/\/www.lojafare.com.br\/index.php?rest_route=%2Fwp%2Fv2%2Fmedia&parent=440"}],"wp:term":[{"taxonomy":"product_cat","embeddable":true,"href":"https:\/\/www.lojafare.com.br\/index.php?rest_route=%2Fwp%2Fv2%2Fproduct_cat&post=440"},{"taxonomy":"product_tag","embeddable":true,"href":"https:\/\/www.lojafare.com.br\/index.php?rest_route=%2Fwp%2Fv2%2Fproduct_tag&post=440"}],"curies":[{"name":"wp","href":"https:\/\/api.w.org\/{rel}","templated":true}]}}