{"id":445,"date":"2024-01-22T20:38:04","date_gmt":"2024-01-22T23:38:04","guid":{"rendered":"https:\/\/www.lojafare.com.br\/?post_type=product&#038;p=445"},"modified":"2024-01-30T11:48:41","modified_gmt":"2024-01-30T14:48:41","slug":"canivete-caneta-aco-inox","status":"publish","type":"product","link":"https:\/\/www.lojafare.com.br\/?product=canivete-caneta-aco-inox","title":{"rendered":"Canivete Caneta A\u00e7o Inox"},"content":{"rendered":"<h2>CANIVETE CANETA A\u00c7O INOX SLK-D06 (16,5CM):<\/h2>\n<p>O Canivete SLK-D06 \u00e9 um canivete tipo caneta fabricado em a\u00e7o inoxid\u00e1vel. Sua principal vantagem \u00e9 justamente o seu visual discreto em formato de caneta que se camufla muito bem, muitas vezes passando despercebido&#8230; s\u00f3 quem entende sabe que n\u00e3o \u00e9 uma caneta!<\/p>\n<p>Embora seja de l\u00e2mina pequena, o Canivete Caneta SLK-D06 \u00e9 super afiado e resistente, sendo ideal para voc\u00ea que est\u00e1 sempre precisando fazer pequenos cortes no dia a dia. Vai durar na sua m\u00e3o por um bom tempo&#8230;<\/p>\n<h3>CARACTER\u00cdSTICAS:<\/h3>\n<ul>\n<li>Origem: importado da China<\/li>\n<li>Modelo: SLK-D06<\/li>\n<li>Tipo: canivete caneta<\/li>\n<li>Design inovador<\/li>\n<li>Super afiado e resistente<\/li>\n<li>Comprimento aberto: 16,5cm<\/li>\n<li>Comprimento fechado: 9,5cm<\/li>\n<li>Peso aprox.: 100g<\/li>\n<\/ul>\n","protected":false},"excerpt":{"rendered":"<p>CANIVETE CANETA A\u00c7O INOX SLK-D06 (16,5CM): O Canivete SLK-D06 \u00e9 um canivete tipo caneta fabricado em a\u00e7o inoxid\u00e1vel. Sua principal vantagem \u00e9 justamente o seu visual discreto em formato de caneta que se camufla muito bem, muitas vezes passando despercebido&#8230; s\u00f3 quem entende sabe que n\u00e3o \u00e9 uma caneta! Embora seja de l\u00e2mina pequena, o [&#8230;]\n","protected":false},"featured_media":446,"comment_status":"open","ping_status":"closed","template":"","meta":{"_joinchat":[]},"product_cat":[91],"product_tag":[],"class_list":{"0":"post-445","1":"product","2":"type-product","3":"status-publish","4":"has-post-thumbnail","6":"product_cat-canivetes","8":"first","9":"instock","10":"shipping-taxable","11":"purchasable","12":"product-type-simple"},"jetpack_sharing_enabled":true,"_links":{"self":[{"href":"https:\/\/www.lojafare.com.br\/index.php?rest_route=\/wp\/v2\/product\/445","targetHints":{"allow":["GET"]}}],"collection":[{"href":"https:\/\/www.lojafare.com.br\/index.php?rest_route=\/wp\/v2\/product"}],"about":[{"href":"https:\/\/www.lojafare.com.br\/index.php?rest_route=\/wp\/v2\/types\/product"}],"replies":[{"embeddable":true,"href":"https:\/\/www.lojafare.com.br\/index.php?rest_route=%2Fwp%2Fv2%2Fcomments&post=445"}],"wp:featuredmedia":[{"embeddable":true,"href":"https:\/\/www.lojafare.com.br\/index.php?rest_route=\/wp\/v2\/media\/446"}],"wp:attachment":[{"href":"https:\/\/www.lojafare.com.br\/index.php?rest_route=%2Fwp%2Fv2%2Fmedia&parent=445"}],"wp:term":[{"taxonomy":"product_cat","embeddable":true,"href":"https:\/\/www.lojafare.com.br\/index.php?rest_route=%2Fwp%2Fv2%2Fproduct_cat&post=445"},{"taxonomy":"product_tag","embeddable":true,"href":"https:\/\/www.lojafare.com.br\/index.php?rest_route=%2Fwp%2Fv2%2Fproduct_tag&post=445"}],"curies":[{"name":"wp","href":"https:\/\/api.w.org\/{rel}","templated":true}]}}