{"id":448,"date":"2024-01-22T21:01:54","date_gmt":"2024-01-23T00:01:54","guid":{"rendered":"https:\/\/www.lojafare.com.br\/?post_type=product&#038;p=448"},"modified":"2024-01-30T11:48:29","modified_gmt":"2024-01-30T14:48:29","slug":"canivete-cabo-madeira-alfamac","status":"publish","type":"product","link":"https:\/\/www.lojafare.com.br\/?product=canivete-cabo-madeira-alfamac","title":{"rendered":"CANIVETE CABO MADEIRA ALFAMAC"},"content":{"rendered":"<p>Canivete Autom\u00e1tico 21cm Dobr\u00e1vel Cabo Madeira<\/p>\n<p>&nbsp;<\/p>\n<p>Canivete extremamente afiado e pontiagudo Cabo em Madeira Trava interlock<\/p>\n<p>Marca: Original<\/p>\n<p>Acionamento Autom\u00e1ticos<\/p>\n<p>Lamina em A\u00e7o<\/p>\n<p>Comprimento total 21 cm aproximadamente<\/p>\n<p>L\u00e2mina 10 cm aproximadamente<\/p>\n<p>Cabo 11 cm aproximadamente<\/p>\n<p>&nbsp;<\/p>\n<p>Benef\u00edcios:<\/p>\n<p>-L\u00e2mina e cabo resistentes;<\/p>\n<p>-\u00d3timo acabamento;<\/p>\n<p>-Leve, proporcionando \u00f3timo<\/p>\n","protected":false},"excerpt":{"rendered":"<p>Canivete Autom\u00e1tico 21cm Dobr\u00e1vel Cabo Madeira &nbsp; Canivete extremamente afiado e pontiagudo Cabo em Madeira Trava interlock Marca: Original Acionamento Autom\u00e1ticos Lamina em A\u00e7o Comprimento total 21 cm aproximadamente L\u00e2mina 10 cm aproximadamente Cabo 11 cm aproximadamente &nbsp; Benef\u00edcios: -L\u00e2mina e cabo resistentes; -\u00d3timo acabamento; -Leve, proporcionando \u00f3timo<\/p>\n","protected":false},"featured_media":454,"comment_status":"open","ping_status":"closed","template":"","meta":{"_joinchat":[]},"product_cat":[91],"product_tag":[],"class_list":{"0":"post-448","1":"product","2":"type-product","3":"status-publish","4":"has-post-thumbnail","6":"product_cat-canivetes","8":"first","9":"instock","10":"shipping-taxable","11":"purchasable","12":"product-type-simple"},"jetpack_sharing_enabled":true,"_links":{"self":[{"href":"https:\/\/www.lojafare.com.br\/index.php?rest_route=\/wp\/v2\/product\/448","targetHints":{"allow":["GET"]}}],"collection":[{"href":"https:\/\/www.lojafare.com.br\/index.php?rest_route=\/wp\/v2\/product"}],"about":[{"href":"https:\/\/www.lojafare.com.br\/index.php?rest_route=\/wp\/v2\/types\/product"}],"replies":[{"embeddable":true,"href":"https:\/\/www.lojafare.com.br\/index.php?rest_route=%2Fwp%2Fv2%2Fcomments&post=448"}],"wp:featuredmedia":[{"embeddable":true,"href":"https:\/\/www.lojafare.com.br\/index.php?rest_route=\/wp\/v2\/media\/454"}],"wp:attachment":[{"href":"https:\/\/www.lojafare.com.br\/index.php?rest_route=%2Fwp%2Fv2%2Fmedia&parent=448"}],"wp:term":[{"taxonomy":"product_cat","embeddable":true,"href":"https:\/\/www.lojafare.com.br\/index.php?rest_route=%2Fwp%2Fv2%2Fproduct_cat&post=448"},{"taxonomy":"product_tag","embeddable":true,"href":"https:\/\/www.lojafare.com.br\/index.php?rest_route=%2Fwp%2Fv2%2Fproduct_tag&post=448"}],"curies":[{"name":"wp","href":"https:\/\/api.w.org\/{rel}","templated":true}]}}