{"id":455,"date":"2024-01-22T21:37:07","date_gmt":"2024-01-23T00:37:07","guid":{"rendered":"https:\/\/www.lojafare.com.br\/?post_type=product&#038;p=455"},"modified":"2024-01-30T11:48:14","modified_gmt":"2024-01-30T14:48:14","slug":"canivete-automatico-de-madeira","status":"publish","type":"product","link":"https:\/\/www.lojafare.com.br\/?product=canivete-automatico-de-madeira","title":{"rendered":"Canivete Autom\u00e1tico De Madeira"},"content":{"rendered":"<h2 class=\"ui-pdp-description__title\">Descri\u00e7\u00e3o<\/h2>\n<p class=\"ui-pdp-description__content\">Canivete Aut\u00f3matico de Madeira<\/p>\n<p>Pode ser utilizado em Ca\u00e7as, Sobreviv\u00eancia, Pesca e Entre outros.<\/p>\n<p>Produto: Canivete com Abridor de Garrafas<br \/>\nTipo: Dobr\u00e1vel<br \/>\nCont\u00e9m: 01 Unidade<br \/>\nCor do Produto: Madeira<br \/>\nAbertura da l\u00e2mina: Autom\u00e1tico<\/p>\n<p>Itens:<br \/>\n-01 Canivete Autom\u00e1tico<\/p>\n<p>Medidas do produto:<br \/>\nComprimento da l\u00e2mina: 11cm.<br \/>\nComprimento total:\u00a0 25cm.<br \/>\nLargura da l\u00e2mina: 2cm.<\/p>\n<p>Cod: SL806A2-<\/p>\n<p>Produto de Qualidade a Pronta Entrega.<\/p>\n","protected":false},"excerpt":{"rendered":"<p>Descri\u00e7\u00e3o Canivete Aut\u00f3matico de Madeira Pode ser utilizado em Ca\u00e7as, Sobreviv\u00eancia, Pesca e Entre outros. Produto: Canivete com Abridor de Garrafas Tipo: Dobr\u00e1vel Cont\u00e9m: 01 Unidade Cor do Produto: Madeira Abertura da l\u00e2mina: Autom\u00e1tico Itens: -01 Canivete Autom\u00e1tico Medidas do produto: Comprimento da l\u00e2mina: 11cm. Comprimento total:\u00a0 25cm. Largura da l\u00e2mina: 2cm. Cod: SL806A2- Produto [&#8230;]\n","protected":false},"featured_media":456,"comment_status":"open","ping_status":"closed","template":"","meta":{"_joinchat":[]},"product_cat":[91],"product_tag":[],"class_list":{"0":"post-455","1":"product","2":"type-product","3":"status-publish","4":"has-post-thumbnail","6":"product_cat-canivetes","8":"first","9":"instock","10":"shipping-taxable","11":"purchasable","12":"product-type-simple"},"jetpack_sharing_enabled":true,"_links":{"self":[{"href":"https:\/\/www.lojafare.com.br\/index.php?rest_route=\/wp\/v2\/product\/455","targetHints":{"allow":["GET"]}}],"collection":[{"href":"https:\/\/www.lojafare.com.br\/index.php?rest_route=\/wp\/v2\/product"}],"about":[{"href":"https:\/\/www.lojafare.com.br\/index.php?rest_route=\/wp\/v2\/types\/product"}],"replies":[{"embeddable":true,"href":"https:\/\/www.lojafare.com.br\/index.php?rest_route=%2Fwp%2Fv2%2Fcomments&post=455"}],"wp:featuredmedia":[{"embeddable":true,"href":"https:\/\/www.lojafare.com.br\/index.php?rest_route=\/wp\/v2\/media\/456"}],"wp:attachment":[{"href":"https:\/\/www.lojafare.com.br\/index.php?rest_route=%2Fwp%2Fv2%2Fmedia&parent=455"}],"wp:term":[{"taxonomy":"product_cat","embeddable":true,"href":"https:\/\/www.lojafare.com.br\/index.php?rest_route=%2Fwp%2Fv2%2Fproduct_cat&post=455"},{"taxonomy":"product_tag","embeddable":true,"href":"https:\/\/www.lojafare.com.br\/index.php?rest_route=%2Fwp%2Fv2%2Fproduct_tag&post=455"}],"curies":[{"name":"wp","href":"https:\/\/api.w.org\/{rel}","templated":true}]}}