{"id":461,"date":"2024-01-22T22:13:58","date_gmt":"2024-01-23T01:13:58","guid":{"rendered":"https:\/\/www.lojafare.com.br\/?post_type=product&#038;p=461"},"modified":"2024-01-30T11:47:34","modified_gmt":"2024-01-30T14:47:34","slug":"canivete-automatico-tatico-esportivo-red","status":"publish","type":"product","link":"https:\/\/www.lojafare.com.br\/?product=canivete-automatico-tatico-esportivo-red","title":{"rendered":"Canivete Autom\u00e1tico T\u00e1tico Esportivo (RED)"},"content":{"rendered":"<p class=\"nome-produto titulo cor-secundaria\"><strong>Canivete Autom\u00e1tico T\u00e1tico Esportivo Ca\u00e7a Pesca Knife HE060116<\/strong><\/p>\n<h4><\/h4>\n<p>Canivete produzido em material de alta qualidade, com design moderno e arrojado, ele \u00e9 muito \u00fatil para o seu dia a dia, em diversas atividades, tais como: camping, ca\u00e7a, esportes radicais, resgates, primeiros socorros, pescarias, viagens e at\u00e9 mesmo em pequenos servi\u00e7os e\/ou reparos dentro do seu lar.<\/p>\n<p>&nbsp;<\/p>\n<p>Fabricante: Knife\u00a0\u2022 Modelo: HE-06-0116<\/p>\n<p>Material L\u00e2mina: A\u00e7o Inox<\/p>\n<p>Cabo Cor: Preto com VERMELHO<\/p>\n<p>L\u00e2mina em a\u00e7o inox com maior durabilidade<\/p>\n<p>Cabo muito mais resist\u00eancia<\/p>\n<p>Dobr\u00e1vel com trava de seguran\u00e7a<\/p>\n<p>Comprimento fechado: 11,7\u00a0cm<\/p>\n<p>Comprimento aberto: 21.50 cm<\/p>\n<p>Peso: 97\u00a0gramas<\/p>\n<p>&nbsp;<\/p>\n<p>Quantidade: 1 unidade<\/p>\n<p>&nbsp;<\/p>\n<p><em>Advert\u00eancias:<\/em>\u00a0Cuidado ao manusear seu canivete, por se tratar de um objeto cortante e perfurante; Mantenha sempre fora do alcance de crian\u00e7as; Ap\u00f3s cada utiliza\u00e7\u00e3o, limpar o canivete, lavando-o com sab\u00e3o neutro e \u00e1gua corrente, secar antes de guarda-lo.<\/p>\n<p>&nbsp;<\/p>\n<p>Vantagem de comprar conosco.<\/p>\n<p>&nbsp;<\/p>\n<p>\u00c9tica e responsabilidade<\/p>\n<p>Trabalhamos com honestidade, \u00e9tica e com um atendimento diferenciado. Procuramos sempre fortalecer e atender bem nossos clientes, para garantir que adquiram o produto e tenham sempre uma experi\u00eancia satisfat\u00f3ria.<\/p>\n<p>&nbsp;<\/p>\n<p>Loja F\u00edsica com amplo estoque e pronta entrega. Pronta entrega, envio imediato;<\/p>\n<p>&nbsp;<\/p>\n<p>Prazo de postagem ultrarr\u00e1pido, geralmente no mesmo dia da compra;<\/p>\n<p>&nbsp;<\/p>\n<p>Embalagem discreta e segura e sem identifica\u00e7\u00e3o de conte\u00fado;<\/p>\n<p>&nbsp;<\/p>\n<p>Algumas das embalagens podem sofrer altera\u00e7\u00f5es pelo fornecedor, sem haver tempo h\u00e1bil para ser atualizado em nosso site, por\u00e9m, garantimos que as caracter\u00edsticas do produto (quantidade, peso, mat\u00e9ria prima e fun\u00e7\u00f5es) n\u00e3o ser\u00e3o alteradas.<\/p>\n<p>&nbsp;<\/p>\n<p>Disponibilizamos a voc\u00ea a melhor sensa\u00e7\u00e3o em compra do Brasil com a praticidade do com\u00e9rcio eletr\u00f4nico, n\u00e3o medimos esfor\u00e7os para sua satisfa\u00e7\u00e3o, tranquilidade e seguran\u00e7a ao adquirir nossos produtos.<\/p>\n<p>&nbsp;<\/p>\n<p>Aten\u00e7\u00e3o: Imagens meramente ilustrativas, o produto pode divergir da imagem apresentada.<\/p>\n","protected":false},"excerpt":{"rendered":"<p>Canivete Autom\u00e1tico T\u00e1tico Esportivo Ca\u00e7a Pesca Knife HE060116 Canivete produzido em material de alta qualidade, com design moderno e arrojado, ele \u00e9 muito \u00fatil para o seu dia a dia, em diversas atividades, tais como: camping, ca\u00e7a, esportes radicais, resgates, primeiros socorros, pescarias, viagens e at\u00e9 mesmo em pequenos servi\u00e7os e\/ou reparos dentro do seu [&#8230;]\n","protected":false},"featured_media":462,"comment_status":"open","ping_status":"closed","template":"","meta":{"_joinchat":[]},"product_cat":[91],"product_tag":[],"class_list":{"0":"post-461","1":"product","2":"type-product","3":"status-publish","4":"has-post-thumbnail","6":"product_cat-canivetes","8":"first","9":"instock","10":"shipping-taxable","11":"purchasable","12":"product-type-simple"},"jetpack_sharing_enabled":true,"_links":{"self":[{"href":"https:\/\/www.lojafare.com.br\/index.php?rest_route=\/wp\/v2\/product\/461","targetHints":{"allow":["GET"]}}],"collection":[{"href":"https:\/\/www.lojafare.com.br\/index.php?rest_route=\/wp\/v2\/product"}],"about":[{"href":"https:\/\/www.lojafare.com.br\/index.php?rest_route=\/wp\/v2\/types\/product"}],"replies":[{"embeddable":true,"href":"https:\/\/www.lojafare.com.br\/index.php?rest_route=%2Fwp%2Fv2%2Fcomments&post=461"}],"wp:featuredmedia":[{"embeddable":true,"href":"https:\/\/www.lojafare.com.br\/index.php?rest_route=\/wp\/v2\/media\/462"}],"wp:attachment":[{"href":"https:\/\/www.lojafare.com.br\/index.php?rest_route=%2Fwp%2Fv2%2Fmedia&parent=461"}],"wp:term":[{"taxonomy":"product_cat","embeddable":true,"href":"https:\/\/www.lojafare.com.br\/index.php?rest_route=%2Fwp%2Fv2%2Fproduct_cat&post=461"},{"taxonomy":"product_tag","embeddable":true,"href":"https:\/\/www.lojafare.com.br\/index.php?rest_route=%2Fwp%2Fv2%2Fproduct_tag&post=461"}],"curies":[{"name":"wp","href":"https:\/\/api.w.org\/{rel}","templated":true}]}}