{"id":464,"date":"2024-01-22T23:04:40","date_gmt":"2024-01-23T02:04:40","guid":{"rendered":"https:\/\/www.lojafare.com.br\/?post_type=product&#038;p=464"},"modified":"2024-01-22T23:09:17","modified_gmt":"2024-01-23T02:09:17","slug":"mascara-telada-areia","status":"publish","type":"product","link":"https:\/\/www.lojafare.com.br\/?product=mascara-telada-areia","title":{"rendered":"M\u00e1scara Airsoft Telada Areia"},"content":{"rendered":"<p style=\"font-weight: 400;\"><b><strong>FJA -120\u00a0 M\u00e1scara Tela Meia Face \u2013 Areia &#8211; SKU 607<br \/>\n<\/strong><\/b><br \/>\nFJA -120\u00a0M\u00e1scara meia face de prote\u00e7\u00e3o com tela em fio de a\u00e7o de alta qualidade, acess\u00f3rio para pratica esportiva feito para proteger a regi\u00e3o do nariz, bochechas, boca e queixo, com acabamento em vi\u00e9s de 50%algod\u00e3o, 50%pet proporcionando encaixe confort\u00e1vel a face,\u00a0malha respir\u00e1vel, permitindo que o ar flua atrav\u00e9s\u00a0dos nichos da tela, sua\u00a0fixa\u00e7\u00e3o se d\u00e1 por meio de cinta flex\u00edvel: duas nas laterais e uma central na parte de tr\u00e1s,\u00a0ajust\u00e1vel\u00a0por fivelas.<\/p>\n<p style=\"font-weight: 400;\">Proporcionando maior seguran\u00e7a,\u00a0altamente resistente\u00a0h\u00e1 disparos de\u00a0\u00a0BBs com (alto FPS).<\/p>\n<p style=\"font-weight: 400;\">Compat\u00edvel com todas as marcas \u201cgoggles\u201d &#8211; \u00f3culos de prote\u00e7\u00e3o, capacete e \u201cHead Set\u201d fone de ouvido<\/p>\n<p>F\u00e1cil de usar, perfeito para atividades Outdoor ao ar livre, indicado para esportes de a\u00e7\u00e3o:\u00a0\u00a0Airsoft, Paintball, Ca\u00e7a, H\u00f3quei entre outras atividades que seja necess\u00e1rio mascaras protetoras de face.<\/p>\n<p>tamanho: \u00danico<br \/>\nCor : Areia<\/p>\n<p>Peso com embalagem: 126g<br \/>\nDimens\u00f5es aproximadas do Produto: 20x16x12 cm<\/p>\n<p><b><strong>ATEN\u00c7\u00c3O:<\/strong><\/b>\u00a0Este produto n\u00e3o \u00e9 indicado para menores de 10 anos<\/p>\n<p style=\"font-weight: 400;\">Fabricado na China<\/p>\n<p style=\"font-weight: 400;\">Importado: Por Grupo Feasso Brasil\/Eletr\u00f4nicos<\/p>\n<p style=\"font-weight: 400;\">Validade: Indeterminado<\/p>\n<p style=\"font-weight: 400;\"><b><strong>Garantia 6 Meses<\/strong><\/b><\/p>\n","protected":false},"excerpt":{"rendered":"<p>FJA -120\u00a0 M\u00e1scara Tela Meia Face \u2013 Areia &#8211; SKU 607 FJA -120\u00a0M\u00e1scara meia face de prote\u00e7\u00e3o com tela em fio de a\u00e7o de alta qualidade, acess\u00f3rio para pratica esportiva feito para proteger a regi\u00e3o do nariz, bochechas, boca e queixo, com acabamento em vi\u00e9s de 50%algod\u00e3o, 50%pet proporcionando encaixe confort\u00e1vel a face,\u00a0malha respir\u00e1vel, permitindo [&#8230;]\n","protected":false},"featured_media":465,"comment_status":"open","ping_status":"closed","template":"","meta":{"_joinchat":[]},"product_cat":[55],"product_tag":[],"class_list":{"0":"post-464","1":"product","2":"type-product","3":"status-publish","4":"has-post-thumbnail","6":"product_cat-protecao-facial","8":"first","9":"instock","10":"shipping-taxable","11":"purchasable","12":"product-type-simple"},"jetpack_sharing_enabled":true,"_links":{"self":[{"href":"https:\/\/www.lojafare.com.br\/index.php?rest_route=\/wp\/v2\/product\/464","targetHints":{"allow":["GET"]}}],"collection":[{"href":"https:\/\/www.lojafare.com.br\/index.php?rest_route=\/wp\/v2\/product"}],"about":[{"href":"https:\/\/www.lojafare.com.br\/index.php?rest_route=\/wp\/v2\/types\/product"}],"replies":[{"embeddable":true,"href":"https:\/\/www.lojafare.com.br\/index.php?rest_route=%2Fwp%2Fv2%2Fcomments&post=464"}],"wp:featuredmedia":[{"embeddable":true,"href":"https:\/\/www.lojafare.com.br\/index.php?rest_route=\/wp\/v2\/media\/465"}],"wp:attachment":[{"href":"https:\/\/www.lojafare.com.br\/index.php?rest_route=%2Fwp%2Fv2%2Fmedia&parent=464"}],"wp:term":[{"taxonomy":"product_cat","embeddable":true,"href":"https:\/\/www.lojafare.com.br\/index.php?rest_route=%2Fwp%2Fv2%2Fproduct_cat&post=464"},{"taxonomy":"product_tag","embeddable":true,"href":"https:\/\/www.lojafare.com.br\/index.php?rest_route=%2Fwp%2Fv2%2Fproduct_tag&post=464"}],"curies":[{"name":"wp","href":"https:\/\/api.w.org\/{rel}","templated":true}]}}