{"id":534,"date":"2024-01-23T16:39:05","date_gmt":"2024-01-23T19:39:05","guid":{"rendered":"https:\/\/www.lojafare.com.br\/?post_type=product&#038;p=534"},"modified":"2024-01-23T16:39:05","modified_gmt":"2024-01-23T19:39:05","slug":"nozzle-dupla-vedacao-kpp","status":"publish","type":"product","link":"https:\/\/www.lojafare.com.br\/?product=nozzle-dupla-vedacao-kpp","title":{"rendered":"Nozzle Dupla Veda\u00e7\u00e3o &#8211; KPP"},"content":{"rendered":"<h4 class=\"section-title\">Descri\u00e7\u00e3o<\/h4>\n<div class=\"section-content\">\n<div class=\"product-description \">\n<div class=\"rte-content\">\n<div class=\"row\">\n<div class=\"card bg-warning p-3 ml-3 mb-3\">\n<p>O air nozzle KPP foi desenvolvido com dois an\u00e9is orings internos que al\u00e9m de vedar por completo, atuam como um alinhador do nozzle, fazendo com que ele sempre entre no hop up da mesma forma, reduzindo ao m\u00e1ximo, os problemas de veda\u00e7\u00e3o. N\u00e3o nos responsabilizamos por compras de nozzle com comprimento errado. Cada airsoft utiliza um nozzle de tamanho especifico, me\u00e7a com paqu\u00edmetro digital se poss\u00edvel para adquirir o nozzle correto.<\/p>\n<\/div>\n<\/div>\n<p><strong>Comprimentos Dispon\u00edveis:<\/strong><\/p>\n<ul>\n<li>21,4mm;<\/li>\n<\/ul>\n<p>Fabricado em CNC. Produto 100% nacional.<\/p>\n<h2>Montagem<\/h2>\n<p>A montagem deste item \u00e9 complexa. Para chegar ao nozzle, tem que desmontar a AEG por completo, retirando a gearbox e abrindo para ter acesso a troca no nozzle. Recomendamos sempre, trocar o nozzle pelo de mesmo tamanho. Nozzle maior, n\u00e3o deixar\u00e1 a AEG alimentar e Nozzle menor, far\u00e1 com que o FPS caia.<\/p>\n<p>Dificuldade:<br \/>\n<strong class=\"text-warning\">06\/10 &#8211; Montagem requer aten\u00e7\u00e3o, o jogador precisa ter familiaridade com componentes e certa habilidade manual. Na d\u00favida, pe\u00e7a para um armeiro fazer a montagem do componente.<\/strong><\/p>\n<h2>Condi\u00e7\u00f5es de Garantia:<\/h2>\n<ul>\n<li>90 dias contra defeitos de fabrica\u00e7\u00e3o.<\/li>\n<li>N\u00e3o cobrimos garantias de pe\u00e7as montadas por pessoas que n\u00e3o tem conhecimento t\u00e9cnico para tal, ou ainda em airsofts n\u00e3o compat\u00edveis com as pe\u00e7as em quest\u00e3o.<\/li>\n<\/ul>\n<\/div>\n<\/div>\n<\/div>\n","protected":false},"excerpt":{"rendered":"<p>Descri\u00e7\u00e3o O air nozzle KPP foi desenvolvido com dois an\u00e9is orings internos que al\u00e9m de vedar por completo, atuam como um alinhador do nozzle, fazendo com que ele sempre entre no hop up da mesma forma, reduzindo ao m\u00e1ximo, os problemas de veda\u00e7\u00e3o. N\u00e3o nos responsabilizamos por compras de nozzle com comprimento errado. Cada airsoft [&#8230;]\n","protected":false},"featured_media":535,"comment_status":"open","ping_status":"closed","template":"","meta":{"_joinchat":[]},"product_cat":[61],"product_tag":[],"class_list":{"0":"post-534","1":"product","2":"type-product","3":"status-publish","4":"has-post-thumbnail","6":"product_cat-nozzle","8":"first","9":"instock","10":"shipping-taxable","11":"purchasable","12":"product-type-simple"},"jetpack_sharing_enabled":true,"_links":{"self":[{"href":"https:\/\/www.lojafare.com.br\/index.php?rest_route=\/wp\/v2\/product\/534","targetHints":{"allow":["GET"]}}],"collection":[{"href":"https:\/\/www.lojafare.com.br\/index.php?rest_route=\/wp\/v2\/product"}],"about":[{"href":"https:\/\/www.lojafare.com.br\/index.php?rest_route=\/wp\/v2\/types\/product"}],"replies":[{"embeddable":true,"href":"https:\/\/www.lojafare.com.br\/index.php?rest_route=%2Fwp%2Fv2%2Fcomments&post=534"}],"wp:featuredmedia":[{"embeddable":true,"href":"https:\/\/www.lojafare.com.br\/index.php?rest_route=\/wp\/v2\/media\/535"}],"wp:attachment":[{"href":"https:\/\/www.lojafare.com.br\/index.php?rest_route=%2Fwp%2Fv2%2Fmedia&parent=534"}],"wp:term":[{"taxonomy":"product_cat","embeddable":true,"href":"https:\/\/www.lojafare.com.br\/index.php?rest_route=%2Fwp%2Fv2%2Fproduct_cat&post=534"},{"taxonomy":"product_tag","embeddable":true,"href":"https:\/\/www.lojafare.com.br\/index.php?rest_route=%2Fwp%2Fv2%2Fproduct_tag&post=534"}],"curies":[{"name":"wp","href":"https:\/\/api.w.org\/{rel}","templated":true}]}}