{"id":538,"date":"2024-01-23T16:41:15","date_gmt":"2024-01-23T19:41:15","guid":{"rendered":"https:\/\/www.lojafare.com.br\/?post_type=product&#038;p=538"},"modified":"2024-01-23T16:43:04","modified_gmt":"2024-01-23T19:43:04","slug":"zarelho-m4-unilateral-kpp","status":"publish","type":"product","link":"https:\/\/www.lojafare.com.br\/?product=zarelho-m4-unilateral-kpp","title":{"rendered":"ZARELHO M4 UNILATERAL &#8211; KPP"},"content":{"rendered":"<section class=\"product-description-section block-section\">\n<div class=\"section-content\">\n<div class=\"product-description \">\n<div class=\"rte-content\">\n<div>\n<div class=\"row\">\n<div class=\"card bg-warning p-3 ml-3 mb-3\">\n<p><strong class=\"mt-3 mb-2 text-light\">Compatibilidade: Modelos de M4 que utilizam o tubo da coronha tradicional<\/strong><\/p>\n<\/div>\n<\/div>\n<p>Tenha maior mobilidade e flexibilidade com sua airsoft com zarelho M4 unilateral da KPP Airsoft, que cumpre muito bem sua fun\u00e7\u00e3o de criar um local espec\u00edfico para voc\u00ea clipar sua bandoleira e ter a mobilidade correta para os jogos. Chega de se enforcar na bandoleria, chega de usar a AEG como Gravata. Use um zarelho kPP Airsoft!<\/p>\n<p>Fabricado em CNC. Produto 100% nacional.<\/p>\n<h2>Montagem<\/h2>\n<p>a montagem deste item \u00e9 super simples. Normalmente, voc\u00ea deve soltar a coronha com auxilio de uma chave phillips longa por dentro do tubo da coronha. Soltando o tubo da coronha, apenas coloque o zarelho e reverta o processo.<\/p>\n<p>Dificuldade:<br \/>\n<strong class=\"text-success\">02\/10 &#8211; F\u00e1cil montagem, o pr\u00f3prio jogador consegue montar.<\/strong><\/p>\n<h2>Condi\u00e7\u00f5es de Garantia:<\/h2>\n<ul>\n<li>90 dias contra defeitos de fabrica\u00e7\u00e3o.<\/li>\n<li>N\u00e3o cobrimos garantias de pe\u00e7as montadas por pessoas que n\u00e3o tem conhecimento t\u00e9cnico para tal, ou ainda em airsofts n\u00e3o compat\u00edveis com as pe\u00e7as em quest\u00e3o.<\/li>\n<\/ul>\n<\/div>\n<\/div>\n<\/div>\n<\/div>\n<\/section>\n<section id=\"product-details-wrapper\" class=\"product-details-section block-section \">\n<h4 class=\"section-title\">Caracter\u00edsticas<\/h4>\n<div class=\"section-content\">\n<div id=\"product-details\" class=\"clearfix js-product-details\" style=\"box-sizing: border-box;\" data-product=\"{&quot;id_shop_default&quot;:&quot;1&quot;,&quot;id_manufacturer&quot;:&quot;0&quot;,&quot;id_supplier&quot;:&quot;0&quot;,&quot;reference&quot;:&quot;08-004-001&quot;,&quot;is_virtual&quot;:&quot;0&quot;,&quot;delivery_in_stock&quot;:&quot;&quot;,&quot;delivery_out_stock&quot;:&quot;&quot;,&quot;id_category_default&quot;:&quot;19&quot;,&quot;on_sale&quot;:&quot;0&quot;,&quot;online_only&quot;:&quot;0&quot;,&quot;ecotax&quot;:0,&quot;minimal_quantity&quot;:&quot;1&quot;,&quot;low_stock_threshold&quot;:null,&quot;low_stock_alert&quot;:&quot;0&quot;,&quot;price&quot;:&quot;R$\\u00a032,90&quot;,&quot;unity&quot;:&quot;&quot;,&quot;unit_price_ratio&quot;:&quot;0.000000&quot;,&quot;additional_shipping_cost&quot;:&quot;0.000000&quot;,&quot;customizable&quot;:&quot;0&quot;,&quot;text_fields&quot;:&quot;0&quot;,&quot;uploadable_files&quot;:&quot;0&quot;,&quot;redirect_type&quot;:&quot;404&quot;,&quot;id_type_redirected&quot;:&quot;0&quot;,&quot;available_for_order&quot;:&quot;1&quot;,&quot;available_date&quot;:&quot;0000-00-00&quot;,&quot;show_condition&quot;:&quot;0&quot;,&quot;condition&quot;:&quot;new&quot;,&quot;show_price&quot;:&quot;1&quot;,&quot;indexed&quot;:&quot;1&quot;,&quot;visibility&quot;:&quot;both&quot;,&quot;cache_default_attribute&quot;:&quot;0&quot;,&quot;advanced_stock_management&quot;:&quot;0&quot;,&quot;date_add&quot;:&quot;2023-05-29 10:33:14&quot;,&quot;date_upd&quot;:&quot;2023-11-07 15:30:40&quot;,&quot;pack_stock_type&quot;:&quot;3&quot;,&quot;meta_description&quot;:&quot;Tenha maior mobilidade e flexibilidade com sua airsoft com zarelho M4 unilateral que cumpre a fun\\u00e7\\u00e3o de criar um local espec\\u00edfico para voc\\u00ea clipar sua bandoleira.&quot;,&quot;meta_keywords&quot;:&quot;&quot;,&quot;meta_title&quot;:&quot;ZARELHO M4 UNILATERAL - KPP AIRSOFT&quot;,&quot;link_rewrite&quot;:&quot;zarelho-m4-unilateral-kpp-airsoft&quot;,&quot;name&quot;:&quot;ZARELHO M4 UNILATERAL - KPP AIRSOFT&quot;,&quot;description&quot;:&quot;&lt;div style=\\&quot;font-size:16px;\\&quot;&gt;\\n&lt;div class=\\&quot;row\\&quot;&gt;\\n&lt;div class=\\&quot;card bg-warning p-3 ml-3 mb-3\\&quot;&gt;\\n&lt;p style=\\&quot;font-size:18px;\\&quot;&gt;&lt;strong class=\\&quot;mt-3 mb-2 text-light\\&quot;&gt;Compatibilidade: Modelos de M4 que utilizam o tubo da coronha tradicional&lt;\\\/strong&gt;&lt;\\\/p&gt;\\n&lt;\\\/div&gt;\\n&lt;\\\/div&gt;\\n&lt;p&gt;Tenha maior mobilidade e flexibilidade com sua airsoft com zarelho M4 unilateral da KPP Airsoft, que cumpre muito bem sua fun\\u00e7\\u00e3o de criar um local espec\\u00edfico para voc\\u00ea clipar sua bandoleira e ter a mobilidade correta para os jogos. Chega de se enforcar na bandoleria, chega de usar a AEG como Gravata. Use um zarelho kPP Airsoft!&lt;\\\/p&gt;\\n&lt;p&gt;Fabricado em CNC. Produto 100% nacional.&lt;\\\/p&gt;\\n&lt;h2&gt;Montagem&lt;\\\/h2&gt;\\n&lt;p&gt;a montagem deste item \\u00e9 super simples. Normalmente, voc\\u00ea deve soltar a coronha com auxilio de uma chave phillips longa por dentro do tubo da coronha. Soltando o tubo da coronha, apenas coloque o zarelho e reverta o processo.&lt;br \\\/&gt;&lt;br \\\/&gt;Dificuldade:&lt;br \\\/&gt;&lt;strong class=\\&quot;text-success\\&quot;&gt;02\\\/10 - F\\u00e1cil montagem, o pr\\u00f3prio jogador consegue montar.&lt;\\\/strong&gt;&lt;\\\/p&gt;\\n&lt;h2&gt;Condi\\u00e7\\u00f5es de Garantia:&lt;\\\/h2&gt;\\n&lt;ul&gt;\\n&lt;li&gt;90 dias contra defeitos de fabrica\\u00e7\\u00e3o.&lt;\\\/li&gt;\\n&lt;li&gt;N\\u00e3o cobrimos garantias de pe\\u00e7as montadas por pessoas que n\\u00e3o tem conhecimento t\\u00e9cnico para tal, ou ainda em airsofts n\\u00e3o compat\\u00edveis com as pe\\u00e7as em quest\\u00e3o.&lt;\\\/li&gt;\\n&lt;\\\/ul&gt;\\n&lt;\\\/div&gt;&quot;,&quot;description_short&quot;:&quot;&lt;p&gt;Tenha maior mobilidade e flexibilidade com sua airsoft com zarelho M4 unilateral que cumpre a fun\\u00e7\\u00e3o de criar um local espec\\u00edfico para voc\\u00ea clipar sua bandoleira.&lt;\\\/p&gt;&quot;,&quot;available_now&quot;:&quot;&quot;,&quot;available_later&quot;:&quot;&quot;,&quot;id&quot;:27,&quot;id_product&quot;:27,&quot;out_of_stock&quot;:0,&quot;new&quot;:0,&quot;id_product_attribute&quot;:&quot;0&quot;,&quot;quantity_wanted&quot;:1,&quot;extraContent&quot;:[{&quot;title&quot;:&quot;&lt;span class=\\&quot;iqitreviews-title float-left\\&quot;&gt;Coment\\u00e1rios&lt;\\\/span&gt; &lt;span class=\\&quot;iqitreviews-nb\\&quot;&gt;(0)&lt;\\\/span&gt;&quot;,&quot;content&quot;:&quot;\\n&lt;div id=\\&quot;iqit-reviews\\&quot; class=\\&quot;mt-3\\&quot;&gt;\\n\\n &lt;div id=\\&quot;iqit-reviews-top\\&quot;&gt;\\n &lt;div class=\\&quot;row justify-content-between align-items-center\\&quot;&gt;\\n\\n &lt;div class=\\&quot;col mb-3\\&quot;&gt;\\n &lt;div id=\\&quot;iqitreviews-snippet\\&quot;&gt;No reviews&lt;\\\/div&gt;\\n &lt;\\\/div&gt;\\n\\n \\n &lt;\\\/div&gt; &lt;!-- \\\/ .row --&gt;\\n&lt;\\\/div&gt;&lt;!-- \\\/ #iqit-reviews-top --&gt;\\n\\n\\n&lt;div class=\\&quot;col-xs-12 alert alert-success hidden-xs-up\\&quot;\\n id=\\&quot;iqitreviews-productreview-form-success-alert\\&quot;&gt;\\n&lt;\\\/div&gt;\\n\\n\\n\\n\\n\\n&lt;\\\/div&gt;\\n\\n&quot;,&quot;attr&quot;:{&quot;id&quot;:&quot;iqit-reviews-tab&quot;,&quot;class&quot;:&quot;&quot;,&quot;data-iqitextra&quot;:&quot;iqit-reviews-tab&quot;},&quot;moduleName&quot;:&quot;iqitreviews&quot;}],&quot;allow_oosp&quot;:0,&quot;category&quot;:&quot;plataforma-gearbox-v2&quot;,&quot;category_name&quot;:&quot;Plataforma Gearbox V2&quot;,&quot;link&quot;:&quot;https:\\\/\\\/www.kppairsoft.com.br\\\/plataforma-gearbox-v2\\\/27-zarelho-m4-unilateral-kpp-airsoft.html&quot;,&quot;attribute_price&quot;:0,&quot;price_tax_exc&quot;:32.9,&quot;price_without_reduction&quot;:32.9,&quot;reduction&quot;:0,&quot;specific_prices&quot;:false,&quot;quantity&quot;:91,&quot;quantity_all_versions&quot;:91,&quot;id_image&quot;:&quot;br-default&quot;,&quot;features&quot;:[{&quot;name&quot;:&quot;Produto&quot;,&quot;value&quot;:&quot;Zarelho&quot;,&quot;id_feature&quot;:&quot;15&quot;,&quot;position&quot;:&quot;7&quot;},{&quot;name&quot;:&quot;Modelo da Arma&quot;,&quot;value&quot;:&quot;AEG &quot;,&quot;id_feature&quot;:&quot;16&quot;,&quot;position&quot;:&quot;8&quot;},{&quot;name&quot;:&quot;Material&quot;,&quot;value&quot;:&quot;A\\u00e7o 1020&quot;,&quot;id_feature&quot;:&quot;28&quot;,&quot;position&quot;:&quot;19&quot;},{&quot;name&quot;:&quot;Acabamento&quot;,&quot;value&quot;:&quot;Anodizado&quot;,&quot;id_feature&quot;:&quot;29&quot;,&quot;position&quot;:&quot;20&quot;},{&quot;name&quot;:&quot;Cor&quot;,&quot;value&quot;:&quot;Preto&quot;,&quot;id_feature&quot;:&quot;33&quot;,&quot;position&quot;:&quot;21&quot;}],&quot;attachments&quot;:[],&quot;virtual&quot;:0,&quot;pack&quot;:0,&quot;packItems&quot;:[],&quot;nopackprice&quot;:0,&quot;customization_required&quot;:false,&quot;rate&quot;:0,&quot;tax_name&quot;:&quot;&quot;,&quot;ecotax_rate&quot;:0,&quot;unit_price&quot;:&quot;&quot;,&quot;customizations&quot;:{&quot;fields&quot;:[]},&quot;id_customization&quot;:0,&quot;is_customizable&quot;:false,&quot;show_quantities&quot;:false,&quot;quantity_label&quot;:&quot;Itens&quot;,&quot;quantity_discounts&quot;:[],&quot;customer_group_discount&quot;:0,&quot;images&quot;:[{&quot;bySize&quot;:{&quot;small_default&quot;:{&quot;url&quot;:&quot;https:\\\/\\\/www.kppairsoft.com.br\\\/8731-small_default\\\/zarelho-m4-unilateral-kpp-airsoft.jpg&quot;,&quot;width&quot;:80,&quot;height&quot;:60},&quot;cart_default&quot;:{&quot;url&quot;:&quot;https:\\\/\\\/www.kppairsoft.com.br\\\/8731-cart_default\\\/zarelho-m4-unilateral-kpp-airsoft.jpg&quot;,&quot;width&quot;:120,&quot;height&quot;:90},&quot;medium_default&quot;:{&quot;url&quot;:&quot;https:\\\/\\\/www.kppairsoft.com.br\\\/8731-medium_default\\\/zarelho-m4-unilateral-kpp-airsoft.jpg&quot;,&quot;width&quot;:205,&quot;height&quot;:153},&quot;home_default&quot;:{&quot;url&quot;:&quot;https:\\\/\\\/www.kppairsoft.com.br\\\/8731-home_default\\\/zarelho-m4-unilateral-kpp-airsoft.jpg&quot;,&quot;width&quot;:256,&quot;height&quot;:192},&quot;large_default&quot;:{&quot;url&quot;:&quot;https:\\\/\\\/www.kppairsoft.com.br\\\/8731-large_default\\\/zarelho-m4-unilateral-kpp-airsoft.jpg&quot;,&quot;width&quot;:658,&quot;height&quot;:492},&quot;ngmercadolivre_default&quot;:{&quot;url&quot;:&quot;https:\\\/\\\/www.kppairsoft.com.br\\\/8731-ngmercadolivre_default\\\/zarelho-m4-unilateral-kpp-airsoft.jpg&quot;,&quot;width&quot;:800,&quot;height&quot;:800},&quot;thickbox_default&quot;:{&quot;url&quot;:&quot;https:\\\/\\\/www.kppairsoft.com.br\\\/8731-thickbox_default\\\/zarelho-m4-unilateral-kpp-airsoft.jpg&quot;,&quot;width&quot;:1200,&quot;height&quot;:900}},&quot;small&quot;:{&quot;url&quot;:&quot;https:\\\/\\\/www.kppairsoft.com.br\\\/8731-small_default\\\/zarelho-m4-unilateral-kpp-airsoft.jpg&quot;,&quot;width&quot;:80,&quot;height&quot;:60},&quot;medium&quot;:{&quot;url&quot;:&quot;https:\\\/\\\/www.kppairsoft.com.br\\\/8731-home_default\\\/zarelho-m4-unilateral-kpp-airsoft.jpg&quot;,&quot;width&quot;:256,&quot;height&quot;:192},&quot;large&quot;:{&quot;url&quot;:&quot;https:\\\/\\\/www.kppairsoft.com.br\\\/8731-thickbox_default\\\/zarelho-m4-unilateral-kpp-airsoft.jpg&quot;,&quot;width&quot;:1200,&quot;height&quot;:900},&quot;legend&quot;:&quot;&quot;,&quot;id_image&quot;:&quot;8731&quot;,&quot;cover&quot;:&quot;1&quot;,&quot;position&quot;:&quot;1&quot;,&quot;associatedVariants&quot;:[]},{&quot;bySize&quot;:{&quot;small_default&quot;:{&quot;url&quot;:&quot;https:\\\/\\\/www.kppairsoft.com.br\\\/8732-small_default\\\/zarelho-m4-unilateral-kpp-airsoft.jpg&quot;,&quot;width&quot;:80,&quot;height&quot;:60},&quot;cart_default&quot;:{&quot;url&quot;:&quot;https:\\\/\\\/www.kppairsoft.com.br\\\/8732-cart_default\\\/zarelho-m4-unilateral-kpp-airsoft.jpg&quot;,&quot;width&quot;:120,&quot;height&quot;:90},&quot;medium_default&quot;:{&quot;url&quot;:&quot;https:\\\/\\\/www.kppairsoft.com.br\\\/8732-medium_default\\\/zarelho-m4-unilateral-kpp-airsoft.jpg&quot;,&quot;width&quot;:205,&quot;height&quot;:153},&quot;home_default&quot;:{&quot;url&quot;:&quot;https:\\\/\\\/www.kppairsoft.com.br\\\/8732-home_default\\\/zarelho-m4-unilateral-kpp-airsoft.jpg&quot;,&quot;width&quot;:256,&quot;height&quot;:192},&quot;large_default&quot;:{&quot;url&quot;:&quot;https:\\\/\\\/www.kppairsoft.com.br\\\/8732-large_default\\\/zarelho-m4-unilateral-kpp-airsoft.jpg&quot;,&quot;width&quot;:658,&quot;height&quot;:492},&quot;ngmercadolivre_default&quot;:{&quot;url&quot;:&quot;https:\\\/\\\/www.kppairsoft.com.br\\\/8732-ngmercadolivre_default\\\/zarelho-m4-unilateral-kpp-airsoft.jpg&quot;,&quot;width&quot;:800,&quot;height&quot;:800},&quot;thickbox_default&quot;:{&quot;url&quot;:&quot;https:\\\/\\\/www.kppairsoft.com.br\\\/8732-thickbox_default\\\/zarelho-m4-unilateral-kpp-airsoft.jpg&quot;,&quot;width&quot;:1200,&quot;height&quot;:900}},&quot;small&quot;:{&quot;url&quot;:&quot;https:\\\/\\\/www.kppairsoft.com.br\\\/8732-small_default\\\/zarelho-m4-unilateral-kpp-airsoft.jpg&quot;,&quot;width&quot;:80,&quot;height&quot;:60},&quot;medium&quot;:{&quot;url&quot;:&quot;https:\\\/\\\/www.kppairsoft.com.br\\\/8732-home_default\\\/zarelho-m4-unilateral-kpp-airsoft.jpg&quot;,&quot;width&quot;:256,&quot;height&quot;:192},&quot;large&quot;:{&quot;url&quot;:&quot;https:\\\/\\\/www.kppairsoft.com.br\\\/8732-thickbox_default\\\/zarelho-m4-unilateral-kpp-airsoft.jpg&quot;,&quot;width&quot;:1200,&quot;height&quot;:900},&quot;legend&quot;:&quot;&quot;,&quot;id_image&quot;:&quot;8732&quot;,&quot;cover&quot;:null,&quot;position&quot;:&quot;2&quot;,&quot;associatedVariants&quot;:[]}],&quot;cover&quot;:{&quot;bySize&quot;:{&quot;small_default&quot;:{&quot;url&quot;:&quot;https:\\\/\\\/www.kppairsoft.com.br\\\/8731-small_default\\\/zarelho-m4-unilateral-kpp-airsoft.jpg&quot;,&quot;width&quot;:80,&quot;height&quot;:60},&quot;cart_default&quot;:{&quot;url&quot;:&quot;https:\\\/\\\/www.kppairsoft.com.br\\\/8731-cart_default\\\/zarelho-m4-unilateral-kpp-airsoft.jpg&quot;,&quot;width&quot;:120,&quot;height&quot;:90},&quot;medium_default&quot;:{&quot;url&quot;:&quot;https:\\\/\\\/www.kppairsoft.com.br\\\/8731-medium_default\\\/zarelho-m4-unilateral-kpp-airsoft.jpg&quot;,&quot;width&quot;:205,&quot;height&quot;:153},&quot;home_default&quot;:{&quot;url&quot;:&quot;https:\\\/\\\/www.kppairsoft.com.br\\\/8731-home_default\\\/zarelho-m4-unilateral-kpp-airsoft.jpg&quot;,&quot;width&quot;:256,&quot;height&quot;:192},&quot;large_default&quot;:{&quot;url&quot;:&quot;https:\\\/\\\/www.kppairsoft.com.br\\\/8731-large_default\\\/zarelho-m4-unilateral-kpp-airsoft.jpg&quot;,&quot;width&quot;:658,&quot;height&quot;:492},&quot;ngmercadolivre_default&quot;:{&quot;url&quot;:&quot;https:\\\/\\\/www.kppairsoft.com.br\\\/8731-ngmercadolivre_default\\\/zarelho-m4-unilateral-kpp-airsoft.jpg&quot;,&quot;width&quot;:800,&quot;height&quot;:800},&quot;thickbox_default&quot;:{&quot;url&quot;:&quot;https:\\\/\\\/www.kppairsoft.com.br\\\/8731-thickbox_default\\\/zarelho-m4-unilateral-kpp-airsoft.jpg&quot;,&quot;width&quot;:1200,&quot;height&quot;:900}},&quot;small&quot;:{&quot;url&quot;:&quot;https:\\\/\\\/www.kppairsoft.com.br\\\/8731-small_default\\\/zarelho-m4-unilateral-kpp-airsoft.jpg&quot;,&quot;width&quot;:80,&quot;height&quot;:60},&quot;medium&quot;:{&quot;url&quot;:&quot;https:\\\/\\\/www.kppairsoft.com.br\\\/8731-home_default\\\/zarelho-m4-unilateral-kpp-airsoft.jpg&quot;,&quot;width&quot;:256,&quot;height&quot;:192},&quot;large&quot;:{&quot;url&quot;:&quot;https:\\\/\\\/www.kppairsoft.com.br\\\/8731-thickbox_default\\\/zarelho-m4-unilateral-kpp-airsoft.jpg&quot;,&quot;width&quot;:1200,&quot;height&quot;:900},&quot;legend&quot;:&quot;&quot;,&quot;id_image&quot;:&quot;8731&quot;,&quot;cover&quot;:&quot;1&quot;,&quot;position&quot;:&quot;1&quot;,&quot;associatedVariants&quot;:[]},&quot;has_discount&quot;:false,&quot;discount_type&quot;:null,&quot;discount_percentage&quot;:null,&quot;discount_percentage_absolute&quot;:null,&quot;discount_amount&quot;:null,&quot;discount_amount_to_display&quot;:null,&quot;price_amount&quot;:32.9,&quot;unit_price_full&quot;:&quot;&quot;,&quot;show_availability&quot;:true,&quot;availability_date&quot;:null,&quot;availability_message&quot;:&quot;&quot;,&quot;availability&quot;:&quot;available&quot;}\">\n<section class=\"product-features\">\n<dl class=\"data-sheet\">\n<dt class=\"name\">Produto<\/dt>\n<dd class=\"value\">Zarelho<\/dd>\n<dt class=\"name\">Modelo da Arma<\/dt>\n<dd class=\"value\">AEG<\/dd>\n<dt class=\"name\">Material<\/dt>\n<dd class=\"value\">A\u00e7o 1020<\/dd>\n<dt class=\"name\">Acabamento<\/dt>\n<dd class=\"value\">Anodizado<\/dd>\n<dt class=\"name\">Cor<\/dt>\n<dd class=\"value\">Preto<\/dd>\n<\/dl>\n<\/section>\n<\/div>\n<\/div>\n<\/section>\n","protected":false},"excerpt":{"rendered":"<p>Compatibilidade: Modelos de M4 que utilizam o tubo da coronha tradicional Tenha maior mobilidade e flexibilidade com sua airsoft com zarelho M4 unilateral da KPP Airsoft, que cumpre muito bem sua fun\u00e7\u00e3o de criar um local espec\u00edfico para voc\u00ea clipar sua bandoleira e ter a mobilidade correta para os jogos. Chega de se enforcar na [&#8230;]\n","protected":false},"featured_media":540,"comment_status":"open","ping_status":"closed","template":"","meta":{"_joinchat":[]},"product_cat":[68],"product_tag":[],"class_list":{"0":"post-538","1":"product","2":"type-product","3":"status-publish","4":"has-post-thumbnail","6":"product_cat-zarelhos","8":"first","9":"instock","10":"shipping-taxable","11":"purchasable","12":"product-type-simple"},"jetpack_sharing_enabled":true,"_links":{"self":[{"href":"https:\/\/www.lojafare.com.br\/index.php?rest_route=\/wp\/v2\/product\/538","targetHints":{"allow":["GET"]}}],"collection":[{"href":"https:\/\/www.lojafare.com.br\/index.php?rest_route=\/wp\/v2\/product"}],"about":[{"href":"https:\/\/www.lojafare.com.br\/index.php?rest_route=\/wp\/v2\/types\/product"}],"replies":[{"embeddable":true,"href":"https:\/\/www.lojafare.com.br\/index.php?rest_route=%2Fwp%2Fv2%2Fcomments&post=538"}],"wp:featuredmedia":[{"embeddable":true,"href":"https:\/\/www.lojafare.com.br\/index.php?rest_route=\/wp\/v2\/media\/540"}],"wp:attachment":[{"href":"https:\/\/www.lojafare.com.br\/index.php?rest_route=%2Fwp%2Fv2%2Fmedia&parent=538"}],"wp:term":[{"taxonomy":"product_cat","embeddable":true,"href":"https:\/\/www.lojafare.com.br\/index.php?rest_route=%2Fwp%2Fv2%2Fproduct_cat&post=538"},{"taxonomy":"product_tag","embeddable":true,"href":"https:\/\/www.lojafare.com.br\/index.php?rest_route=%2Fwp%2Fv2%2Fproduct_tag&post=538"}],"curies":[{"name":"wp","href":"https:\/\/api.w.org\/{rel}","templated":true}]}}