{"id":557,"date":"2024-01-25T10:31:40","date_gmt":"2024-01-25T13:31:40","guid":{"rendered":"https:\/\/www.lojafare.com.br\/?post_type=product&#038;p=557"},"modified":"2024-01-25T10:37:33","modified_gmt":"2024-01-25T13:37:33","slug":"oculos-kalipso-leopardo","status":"publish","type":"product","link":"https:\/\/www.lojafare.com.br\/?product=oculos-kalipso-leopardo","title":{"rendered":"\u00d3CULOS KALIPSO LEOPARDO &#8211; ESCURO"},"content":{"rendered":"<div class=\"titleBar\">\n<h4>Descri\u00e7\u00e3o<\/h4>\n<\/div>\n<div class=\"textos\">\n<p>\u00d3culos de seguran\u00e7a confeccionados em policarbonato \u00f3ptico, lente curva, leve e resistente. Haste de material pl\u00e1stico, tipo esp\u00e1tula male\u00e1vel.<\/p>\n<p>Dados T\u00e9cnicos:<\/p>\n<p>&#8211; CA: 15.298.<\/p>\n<p>Benef\u00edcios:<\/p>\n<p>&#8211; Tratamento antirrisco;<\/p>\n<p>&#8211; Lente curva, leve e resistente;<\/p>\n<p>&#8211; Haste tipo esp\u00e1tula male\u00e1vel;<\/p>\n<p>&#8211; Excelente custo benef\u00edcio.<\/p>\n<p>Aplica\u00e7\u00f5es:<\/p>\n<p>&#8211; Prote\u00e7\u00e3o dos olhos contra impactos de part\u00edculas volantes;<\/p>\n<p>&#8211; Industrias em geral (automobil\u00edstica, metalmec\u00e2nica, petroqu\u00edmica, agroind\u00fastria, constru\u00e7\u00e3o civil);<\/p>\n<p>&#8211; Trabalhos a c\u00e9u aberto;<\/p>\n<p>&#8211; Radia\u00e7\u00e3o ultravioleta.<\/p>\n<\/div>\n","protected":false},"excerpt":{"rendered":"<p>Descri\u00e7\u00e3o \u00d3culos de seguran\u00e7a confeccionados em policarbonato \u00f3ptico, lente curva, leve e resistente. Haste de material pl\u00e1stico, tipo esp\u00e1tula male\u00e1vel. Dados T\u00e9cnicos: &#8211; CA: 15.298. Benef\u00edcios: &#8211; Tratamento antirrisco; &#8211; Lente curva, leve e resistente; &#8211; Haste tipo esp\u00e1tula male\u00e1vel; &#8211; Excelente custo benef\u00edcio. Aplica\u00e7\u00f5es: &#8211; Prote\u00e7\u00e3o dos olhos contra impactos de part\u00edculas volantes; &#8211; [&#8230;]\n","protected":false},"featured_media":558,"comment_status":"open","ping_status":"closed","template":"","meta":{"_joinchat":[]},"product_cat":[78],"product_tag":[],"class_list":{"0":"post-557","1":"product","2":"type-product","3":"status-publish","4":"has-post-thumbnail","6":"product_cat-oculos-de-protecao","8":"first","9":"instock","10":"shipping-taxable","11":"purchasable","12":"product-type-simple"},"jetpack_sharing_enabled":true,"_links":{"self":[{"href":"https:\/\/www.lojafare.com.br\/index.php?rest_route=\/wp\/v2\/product\/557","targetHints":{"allow":["GET"]}}],"collection":[{"href":"https:\/\/www.lojafare.com.br\/index.php?rest_route=\/wp\/v2\/product"}],"about":[{"href":"https:\/\/www.lojafare.com.br\/index.php?rest_route=\/wp\/v2\/types\/product"}],"replies":[{"embeddable":true,"href":"https:\/\/www.lojafare.com.br\/index.php?rest_route=%2Fwp%2Fv2%2Fcomments&post=557"}],"wp:featuredmedia":[{"embeddable":true,"href":"https:\/\/www.lojafare.com.br\/index.php?rest_route=\/wp\/v2\/media\/558"}],"wp:attachment":[{"href":"https:\/\/www.lojafare.com.br\/index.php?rest_route=%2Fwp%2Fv2%2Fmedia&parent=557"}],"wp:term":[{"taxonomy":"product_cat","embeddable":true,"href":"https:\/\/www.lojafare.com.br\/index.php?rest_route=%2Fwp%2Fv2%2Fproduct_cat&post=557"},{"taxonomy":"product_tag","embeddable":true,"href":"https:\/\/www.lojafare.com.br\/index.php?rest_route=%2Fwp%2Fv2%2Fproduct_tag&post=557"}],"curies":[{"name":"wp","href":"https:\/\/api.w.org\/{rel}","templated":true}]}}