{"id":566,"date":"2024-01-25T11:00:14","date_gmt":"2024-01-25T14:00:14","guid":{"rendered":"https:\/\/www.lojafare.com.br\/?post_type=product&#038;p=566"},"modified":"2024-01-25T11:00:15","modified_gmt":"2024-01-25T14:00:15","slug":"oculos-de-protecao-angra-incolor-kalipso","status":"publish","type":"product","link":"https:\/\/www.lojafare.com.br\/?product=oculos-de-protecao-angra-incolor-kalipso","title":{"rendered":"\u00d3culos de Prote\u00e7\u00e3o Angra Incolor Kalipso"},"content":{"rendered":"<p>\u00d3culos de seguran\u00e7a, modelo ampla-vis\u00e3o, constitu\u00eddos de arma\u00e7\u00e3o confeccionada em uma \u00fanica pe\u00e7a de PVC flex\u00edvel com sistema de ventila\u00e7\u00e3o indireta, tirante de el\u00e1stico e visor de policarbonato incolor.<\/p>\n<p>&#8211; Ajustes por meio de tirante elastico, cobre toda regiao ao redor dos olhos.<\/p>\n<p>&#8211; Protegem contra raios UVA e UVB.<\/p>\n<p>&#8211; Visor com tratamento antiembacante e antirrisco.<\/p>\n<p>&#8211; Os oculos de policarbonato Kalipso, sao fabricados de acordo com a norma ANSI Z 87.1, proporcionando ao usuario maior protecao, conforto e leveza. &#8211; CA 20.857<\/p>\n","protected":false},"excerpt":{"rendered":"<p>\u00d3culos de seguran\u00e7a, modelo ampla-vis\u00e3o, constitu\u00eddos de arma\u00e7\u00e3o confeccionada em uma \u00fanica pe\u00e7a de PVC flex\u00edvel com sistema de ventila\u00e7\u00e3o indireta, tirante de el\u00e1stico e visor de policarbonato incolor. &#8211; Ajustes por meio de tirante elastico, cobre toda regiao ao redor dos olhos. &#8211; Protegem contra raios UVA e UVB. &#8211; Visor com tratamento antiembacante [&#8230;]\n","protected":false},"featured_media":567,"comment_status":"open","ping_status":"closed","template":"","meta":{"_joinchat":[]},"product_cat":[78],"product_tag":[],"class_list":{"0":"post-566","1":"product","2":"type-product","3":"status-publish","4":"has-post-thumbnail","6":"product_cat-oculos-de-protecao","8":"first","9":"instock","10":"shipping-taxable","11":"purchasable","12":"product-type-simple"},"jetpack_sharing_enabled":true,"_links":{"self":[{"href":"https:\/\/www.lojafare.com.br\/index.php?rest_route=\/wp\/v2\/product\/566","targetHints":{"allow":["GET"]}}],"collection":[{"href":"https:\/\/www.lojafare.com.br\/index.php?rest_route=\/wp\/v2\/product"}],"about":[{"href":"https:\/\/www.lojafare.com.br\/index.php?rest_route=\/wp\/v2\/types\/product"}],"replies":[{"embeddable":true,"href":"https:\/\/www.lojafare.com.br\/index.php?rest_route=%2Fwp%2Fv2%2Fcomments&post=566"}],"wp:featuredmedia":[{"embeddable":true,"href":"https:\/\/www.lojafare.com.br\/index.php?rest_route=\/wp\/v2\/media\/567"}],"wp:attachment":[{"href":"https:\/\/www.lojafare.com.br\/index.php?rest_route=%2Fwp%2Fv2%2Fmedia&parent=566"}],"wp:term":[{"taxonomy":"product_cat","embeddable":true,"href":"https:\/\/www.lojafare.com.br\/index.php?rest_route=%2Fwp%2Fv2%2Fproduct_cat&post=566"},{"taxonomy":"product_tag","embeddable":true,"href":"https:\/\/www.lojafare.com.br\/index.php?rest_route=%2Fwp%2Fv2%2Fproduct_tag&post=566"}],"curies":[{"name":"wp","href":"https:\/\/api.w.org\/{rel}","templated":true}]}}