{"id":572,"date":"2024-01-25T11:10:09","date_gmt":"2024-01-25T14:10:09","guid":{"rendered":"https:\/\/www.lojafare.com.br\/?post_type=product&#038;p=572"},"modified":"2024-01-25T11:10:09","modified_gmt":"2024-01-25T14:10:09","slug":"oculos-de-seguranca-incolor-panda-kalipso","status":"publish","type":"product","link":"https:\/\/www.lojafare.com.br\/?product=oculos-de-seguranca-incolor-panda-kalipso","title":{"rendered":"\u00d3culos de Seguran\u00e7a Incolor Panda kalipso"},"content":{"rendered":"<p>\u00d3culos de Seguran\u00e7a Incolor Panda kalipso<\/p>\n<p>O CA 10344 referente ao \u00d3culos de Seguran\u00e7a Incolor Panda, fabricado pela empresa\u00a0Kalipso, trata-se de um equipamento que sobrep\u00f5em o \u00f3culos graduado do colaborador ao realizar tarefas com riscos \u00e0 regi\u00e3o dos olhos. Dessa forma o\u00a0EPI\u00a0\u00e9 confeccionado inteiramente em policarbonato transparente com 6 entradas de ar para ventila\u00e7\u00e3o da regi\u00e3o, al\u00e9m de atender as normas de seguran\u00e7a da\u00a0ABNT.<\/p>\n<p>Por fim o equipamento conta tamb\u00e9m com garantia de fabrica\u00e7\u00e3o de 3 anos, e se utilizado de maneira adequada, pode apresentar excelente vida \u00fatil.<\/p>\n<p>.Marca: Kalipso<br \/>\n.Modelo: Panda<br \/>\n.CA: 10344<br \/>\n.Cor: Transparente<br \/>\n.Material: Policarbonato<br \/>\n.Sobreposi\u00e7\u00e3o ao \u00f3culos graduado<br \/>\n.Lente com curvatura lateral<br \/>\n.Protegem contra os raios UVA e UVB<\/p>\n","protected":false},"excerpt":{"rendered":"<p>\u00d3culos de Seguran\u00e7a Incolor Panda kalipso O CA 10344 referente ao \u00d3culos de Seguran\u00e7a Incolor Panda, fabricado pela empresa\u00a0Kalipso, trata-se de um equipamento que sobrep\u00f5em o \u00f3culos graduado do colaborador ao realizar tarefas com riscos \u00e0 regi\u00e3o dos olhos. Dessa forma o\u00a0EPI\u00a0\u00e9 confeccionado inteiramente em policarbonato transparente com 6 entradas de ar para ventila\u00e7\u00e3o da [&#8230;]\n","protected":false},"featured_media":573,"comment_status":"open","ping_status":"closed","template":"","meta":{"_joinchat":[]},"product_cat":[78],"product_tag":[],"class_list":{"0":"post-572","1":"product","2":"type-product","3":"status-publish","4":"has-post-thumbnail","6":"product_cat-oculos-de-protecao","8":"first","9":"instock","10":"shipping-taxable","11":"purchasable","12":"product-type-simple"},"jetpack_sharing_enabled":true,"_links":{"self":[{"href":"https:\/\/www.lojafare.com.br\/index.php?rest_route=\/wp\/v2\/product\/572","targetHints":{"allow":["GET"]}}],"collection":[{"href":"https:\/\/www.lojafare.com.br\/index.php?rest_route=\/wp\/v2\/product"}],"about":[{"href":"https:\/\/www.lojafare.com.br\/index.php?rest_route=\/wp\/v2\/types\/product"}],"replies":[{"embeddable":true,"href":"https:\/\/www.lojafare.com.br\/index.php?rest_route=%2Fwp%2Fv2%2Fcomments&post=572"}],"wp:featuredmedia":[{"embeddable":true,"href":"https:\/\/www.lojafare.com.br\/index.php?rest_route=\/wp\/v2\/media\/573"}],"wp:attachment":[{"href":"https:\/\/www.lojafare.com.br\/index.php?rest_route=%2Fwp%2Fv2%2Fmedia&parent=572"}],"wp:term":[{"taxonomy":"product_cat","embeddable":true,"href":"https:\/\/www.lojafare.com.br\/index.php?rest_route=%2Fwp%2Fv2%2Fproduct_cat&post=572"},{"taxonomy":"product_tag","embeddable":true,"href":"https:\/\/www.lojafare.com.br\/index.php?rest_route=%2Fwp%2Fv2%2Fproduct_tag&post=572"}],"curies":[{"name":"wp","href":"https:\/\/api.w.org\/{rel}","templated":true}]}}