{"id":581,"date":"2024-01-25T11:35:52","date_gmt":"2024-01-25T14:35:52","guid":{"rendered":"https:\/\/www.lojafare.com.br\/?post_type=product&#038;p=581"},"modified":"2024-01-25T11:39:00","modified_gmt":"2024-01-25T14:39:00","slug":"oculos-de-protecao-uvex-transparente-a705br-antiembacante","status":"publish","type":"product","link":"https:\/\/www.lojafare.com.br\/?product=oculos-de-protecao-uvex-transparente-a705br-antiembacante","title":{"rendered":"\u00d3culos De Prote\u00e7\u00e3o Uvex Transparente A705br Antiemba\u00e7ante"},"content":{"rendered":"<h2 class=\"ui-pdp-description__title\">Descri\u00e7\u00e3o<\/h2>\n<p class=\"ui-pdp-description__content\">\u00d3culos de Prote\u00e7\u00e3o Uvex A705-Br com lente incolor e tratamento antiemba\u00e7ante. Trata-se de uma prote\u00e7\u00e3o visual moderna e econ\u00f4mica, com material confort\u00e1vel e hastes esportivas que proporcionam ajuste perfeito.<br \/>\nSua Arma\u00e7\u00e3o \u00e9 super leve e se encaixa perfeitamente na maioria dos rostos. Possui ainda prote\u00e7\u00e3o anti impacto certificada para atender a ANSI + 2015 e testado pela Honeywell para atender aos requisitos do padr\u00e3o CSA Z94.3.<\/p>\n<p>Ponte de nariz universal moldada se encaixa mais confortavelmente. O design de lente de nove bases oferece uma cobertura substancial e um campo de vis\u00e3o de 180\u00b0 sem distor\u00e7\u00e3o.<\/p>\n<p>\u2022 \u00d3culos de Prote\u00e7\u00e3o fabricado em lente \u00fanica<br \/>\n\u2022 Largura m\u00e9dia da lente de 150 mm<br \/>\n\u2022 Material da Lente: Policarbonato<br \/>\n\u2022 Revestimento Anti-emba\u00e7ante<br \/>\n\u2022 Espessura da Lente: 2,0 mm<br \/>\n\u2022 Tonalidades de Lente: Incolor<br \/>\n\u2022 Comprimento da Haste: 110 mm<br \/>\n\u2022 Curva da Haste: 50 mm<br \/>\n\u2022 Peso dos \u00d3culos: 21,65 gramas<br \/>\n\u2022 Arma\u00e7\u00e3o Diel\u00e9trica: Sim<\/p>\n<p>Aprovado e testado pela Norma ANSI Z.87.1<br \/>\nProte\u00e7\u00e3o contra impactos de part\u00edculas volantes multidirecional.<br \/>\nN\u00e3o deve ser utilizada para prote\u00e7\u00e3o contra radia\u00e7\u00e3o infravermelha;<\/p>\n<p>Marca: \u00d3culos Uvex A700 Modelo A705-BR Incolor<br \/>\nC\u00f3digo: A705-BR<br \/>\nLente Incolor<br \/>\nRevestimento Anti emba\u00e7ante<br \/>\nCA18822<\/p>\n","protected":false},"excerpt":{"rendered":"<p>Descri\u00e7\u00e3o \u00d3culos de Prote\u00e7\u00e3o Uvex A705-Br com lente incolor e tratamento antiemba\u00e7ante. Trata-se de uma prote\u00e7\u00e3o visual moderna e econ\u00f4mica, com material confort\u00e1vel e hastes esportivas que proporcionam ajuste perfeito. Sua Arma\u00e7\u00e3o \u00e9 super leve e se encaixa perfeitamente na maioria dos rostos. Possui ainda prote\u00e7\u00e3o anti impacto certificada para atender a ANSI + 2015 [&#8230;]\n","protected":false},"featured_media":590,"comment_status":"open","ping_status":"closed","template":"","meta":{"_joinchat":[]},"product_cat":[78],"product_tag":[],"class_list":{"0":"post-581","1":"product","2":"type-product","3":"status-publish","4":"has-post-thumbnail","6":"product_cat-oculos-de-protecao","8":"first","9":"instock","10":"shipping-taxable","11":"purchasable","12":"product-type-simple"},"jetpack_sharing_enabled":true,"_links":{"self":[{"href":"https:\/\/www.lojafare.com.br\/index.php?rest_route=\/wp\/v2\/product\/581","targetHints":{"allow":["GET"]}}],"collection":[{"href":"https:\/\/www.lojafare.com.br\/index.php?rest_route=\/wp\/v2\/product"}],"about":[{"href":"https:\/\/www.lojafare.com.br\/index.php?rest_route=\/wp\/v2\/types\/product"}],"replies":[{"embeddable":true,"href":"https:\/\/www.lojafare.com.br\/index.php?rest_route=%2Fwp%2Fv2%2Fcomments&post=581"}],"wp:featuredmedia":[{"embeddable":true,"href":"https:\/\/www.lojafare.com.br\/index.php?rest_route=\/wp\/v2\/media\/590"}],"wp:attachment":[{"href":"https:\/\/www.lojafare.com.br\/index.php?rest_route=%2Fwp%2Fv2%2Fmedia&parent=581"}],"wp:term":[{"taxonomy":"product_cat","embeddable":true,"href":"https:\/\/www.lojafare.com.br\/index.php?rest_route=%2Fwp%2Fv2%2Fproduct_cat&post=581"},{"taxonomy":"product_tag","embeddable":true,"href":"https:\/\/www.lojafare.com.br\/index.php?rest_route=%2Fwp%2Fv2%2Fproduct_tag&post=581"}],"curies":[{"name":"wp","href":"https:\/\/api.w.org\/{rel}","templated":true}]}}