{"id":617,"date":"2024-01-25T13:02:14","date_gmt":"2024-01-25T16:02:14","guid":{"rendered":"https:\/\/www.lojafare.com.br\/?post_type=product&#038;p=617"},"modified":"2024-01-25T13:02:51","modified_gmt":"2024-01-25T16:02:51","slug":"oculos-kalipso-modelo-jaguar-escuro","status":"publish","type":"product","link":"https:\/\/www.lojafare.com.br\/?product=oculos-kalipso-modelo-jaguar-escuro","title":{"rendered":"OCULOS KALIPSO MODELO JAGUAR &#8211; ESCURO"},"content":{"rendered":"<p>Oculos Incolor Kalipso Modelo Jaguar<\/p>\n<p>CA:\u00a010346<\/p>\n<div id=\"corpo-desc-prod\"><strong>Caracter\u00edsticas<\/strong><strong>:<\/strong><\/div>\n<div id=\"corpo-desc-prod\"><\/div>\n<div id=\"corpo-desc-prod\">&#8211; Prote\u00e7\u00e3o contra raios UVA e UVB.<\/div>\n<div id=\"corpo-desc-prod\">&#8211; Lentes com tratamento anti-risco.<\/div>\n<div id=\"corpo-desc-prod\">&#8211; Tratamento antiemba\u00e7ante.<\/div>\n<div id=\"corpo-desc-prod\"><\/div>\n<div id=\"corpo-desc-prod\">\u00d3culos de seguran\u00e7a constitu\u00eddos de arco de material pl\u00e1stico (n\u00e1ilon) com meia-prote\u00e7\u00e3o nas bordas, um pino central e duas fendas nas extremidades da arma\u00e7\u00e3o utilizadas para o encaixe de visor confeccionado em policarbonato com um furo central para encaixe do pino do arco, apoio nasal e protetor lateral injetado do mesmo material do visor com uma fenda em cada extremidade para o encaixe no arco, hastes tipo esp\u00e1tula confeccionadas do mesmo material do arco e constitu\u00eddas de duas pe\u00e7as: semi-haste vazada com uma das extremidades presas ao arco por meio de parafuso met\u00e1lico e outra semi-haste vazada que se encaixa na semi-haste anterior e permite regulagem de tamanho.<\/div>\n<div id=\"corpo-desc-prod\"><\/div>\n<div id=\"corpo-desc-prod\"><strong>Instru\u00e7\u00f5es de uso:<\/strong><\/div>\n<div id=\"corpo-desc-prod\"><\/div>\n<div id=\"corpo-desc-prod\">&#8211; Selecione o EPI adequado para cada atividade.<\/div>\n<div id=\"corpo-desc-prod\">&#8211; Fa\u00e7a o ajuste correto do \u00f3culos na regi\u00e3o dos olhos<\/div>\n<div id=\"corpo-desc-prod\">&#8211; Substitua imediatamente o \u00f3culos quando apresentar danos ou quando tornar impr\u00f3prio para o uso.<\/div>\n<div id=\"corpo-desc-prod\"><\/div>\n<div id=\"corpo-desc-prod\"><\/div>\n<div id=\"corpo-desc-prod\"><strong>Conserva\u00e7\u00e3o e limpeza:<\/strong><\/div>\n<div id=\"corpo-desc-prod\"><\/div>\n<div id=\"corpo-desc-prod\">&#8211; A guarda e o armazenamento do \u00f3culos de seguran\u00e7a deve ser realizada em local seco, arejado, protegido do sol e de intemp\u00e9ries.<\/div>\n<div id=\"corpo-desc-prod\">&#8211; Recomenda-se sempre manter o \u00f3culos de seguran\u00e7a em sua embalagem original.<\/div>\n<div id=\"corpo-desc-prod\">&#8211; N\u00e3o se recomenda higieniza\u00e7\u00e3o e limpeza das lentes com material abrasivo, solventes ou qualquer outro produto qu\u00edmico.<\/div>\n<div id=\"corpo-desc-prod\">&#8211; Para a realiza\u00e7\u00e3o da limpeza e higieniza\u00e7\u00e3o do \u00f3culos de seguran\u00e7a, utilize sempre \u00e1gua limpa e sab\u00e3o neutro.<\/div>\n<div id=\"corpo-desc-prod\">&#8211; Se a sujeira for pesada, repita o ciclo de limpeza.<\/div>\n<div id=\"corpo-desc-prod\">&#8211; Ap\u00f3s a lavagem, seque o \u00f3culos com pano ou papel macio.<\/div>\n<div id=\"corpo-desc-prod\">&#8211; O descarte dever\u00e1 ser realizado em local adequado.<\/div>\n","protected":false},"excerpt":{"rendered":"<p>Oculos Incolor Kalipso Modelo Jaguar CA:\u00a010346 Caracter\u00edsticas: &#8211; Prote\u00e7\u00e3o contra raios UVA e UVB. &#8211; Lentes com tratamento anti-risco. &#8211; Tratamento antiemba\u00e7ante. \u00d3culos de seguran\u00e7a constitu\u00eddos de arco de material pl\u00e1stico (n\u00e1ilon) com meia-prote\u00e7\u00e3o nas bordas, um pino central e duas fendas nas extremidades da arma\u00e7\u00e3o utilizadas para o encaixe de visor confeccionado em policarbonato [&#8230;]\n","protected":false},"featured_media":618,"comment_status":"open","ping_status":"closed","template":"","meta":{"_joinchat":[]},"product_cat":[78],"product_tag":[],"class_list":{"0":"post-617","1":"product","2":"type-product","3":"status-publish","4":"has-post-thumbnail","6":"product_cat-oculos-de-protecao","8":"first","9":"instock","10":"shipping-taxable","11":"purchasable","12":"product-type-simple"},"jetpack_sharing_enabled":true,"_links":{"self":[{"href":"https:\/\/www.lojafare.com.br\/index.php?rest_route=\/wp\/v2\/product\/617","targetHints":{"allow":["GET"]}}],"collection":[{"href":"https:\/\/www.lojafare.com.br\/index.php?rest_route=\/wp\/v2\/product"}],"about":[{"href":"https:\/\/www.lojafare.com.br\/index.php?rest_route=\/wp\/v2\/types\/product"}],"replies":[{"embeddable":true,"href":"https:\/\/www.lojafare.com.br\/index.php?rest_route=%2Fwp%2Fv2%2Fcomments&post=617"}],"wp:featuredmedia":[{"embeddable":true,"href":"https:\/\/www.lojafare.com.br\/index.php?rest_route=\/wp\/v2\/media\/618"}],"wp:attachment":[{"href":"https:\/\/www.lojafare.com.br\/index.php?rest_route=%2Fwp%2Fv2%2Fmedia&parent=617"}],"wp:term":[{"taxonomy":"product_cat","embeddable":true,"href":"https:\/\/www.lojafare.com.br\/index.php?rest_route=%2Fwp%2Fv2%2Fproduct_cat&post=617"},{"taxonomy":"product_tag","embeddable":true,"href":"https:\/\/www.lojafare.com.br\/index.php?rest_route=%2Fwp%2Fv2%2Fproduct_tag&post=617"}],"curies":[{"name":"wp","href":"https:\/\/api.w.org\/{rel}","templated":true}]}}