{"id":801,"date":"2024-01-29T16:37:03","date_gmt":"2024-01-29T19:37:03","guid":{"rendered":"https:\/\/www.lojafare.com.br\/?post_type=product&#038;p=801"},"modified":"2024-01-29T16:37:42","modified_gmt":"2024-01-29T19:37:42","slug":"fone-de-silicone-radio-ht-baofeng","status":"publish","type":"product","link":"https:\/\/www.lojafare.com.br\/?product=fone-de-silicone-radio-ht-baofeng","title":{"rendered":"Fone De Silicone R\u00e1dio Ht Baofeng"},"content":{"rendered":"<h2 class=\"ui-pdp-description__title\">Descri\u00e7\u00e3o<\/h2>\n<p class=\"ui-pdp-description__content\">&#8220;ATEN\u00c7\u00c3O N\u00c3O SERVE PARA R\u00c1DIOS DA MARCA MOTOROLA&#8221;<\/p>\n<p>Especifica\u00e7\u00e3o:<br \/>\nPINO K-TYPE<br \/>\nTamanho do alto falante 16mm Tamanho do microfone 6.0*5.0mm<br \/>\nsensibilidade 102 dB, +\/-3dB Resposta de freq\u00fc\u00eancia 20-16000Hz<br \/>\nimped\u00e2ncia 90 ohms, +\/-15% sensibilidade -36 dB, \u00b1 2dB<br \/>\nSa\u00edda de \u00e1udio 100 mW imped\u00e2ncia 2.2 K<br \/>\nPin Ear 2.5mm est\u00e9reo Pin Mic 3.5mm est\u00e9reo<br \/>\nComprimento de 1,25cm<\/p>\n<p>Aviso: Antes de Comprar, certifique-se que ele se encaixa o seu transceptor.<\/p>\n<p>S\u00e9rie modelo: n\u00famero:<br \/>\nTYT TYT-300\/500\/600\/800\/900\/9900\/T3<br \/>\nTH-F2\/F3\/F5\/F6\/F7\/F8 UVF9<br \/>\nPUXING PX-777 PX-888 PX-888K PX-777 + PX-666 PX-328 PX-333 PX-999 PX-555<br \/>\nQUANSHENG TG-K4AT, TG-2AT, TG-45AT, TG-42AT, TG-22AT, TG-25AT, TG-UV2<br \/>\nWOUXUN KG-699E, KG-689, KG-689 PLUS, KG-669, KG-669 PLUS, KG-659, KG-659 Plus, KG-679, KG-679 Plus, KG-889, KG-869, KG-819, KG-816, KG-UVD1P, KG-UV6D<br \/>\nBAOFENG UV5R UV5RA UV5RB UV5RC UV5RE UV5RA + UV5R + UV3R + UV5 UV6 V85 B5 B6<br \/>\nBF-K5 BF-480 BF-490 BF-320 BF-V6 BF-V8 BF-888s BF-666s Bf-777 BF-999 BF-888 BF-777 BF-658 BF-668 BF-530 BF-520 BF-658<br \/>\nKENWOOD -Talk, Pro-Power Free-Talk, Protalk XLS<br \/>\nTK-208, TK-220, TK-240, TK-240D, TK-248, TK-250, TK-260, TK-260G, TK-270, TK-270G, TK-272G, TK-272<br \/>\nTK-278G, TK-308, TK-320, TK-340, TK-340D, TK-348, TK-350, TK-353, TK-360G, TK-360, TK-370, TK-370G, TK-372G, TK-372, TK-373G, TK-373, TK-378G, TK388G<br \/>\nPro-Talk TK-430, TK-431, TK-2100, TK-2102, TK-2102L, TK-2107, TK-2118, TK-2160, TK-2170, TK-2170K, TK-2200, TK-2200L,, TK-2200LP, TK-2202, TK-2202K, TK2212, TK-2212K, TK3100, TK-3101, TK-3102, TK-3107, TK-3130, TK3131, TK3160, TK3170, TK3170K, TK3173, TK-3200, TK-3200L, TK-3200LP, TK-3202, TK-3202K, TK-3202L, TK-3230, TK-3230XLS<br \/>\nTH-D7, TH-D7A, TH-D7AG, TH-D7E, TH-F6, TH-F6A, TH-F7, TH-F7E, TH-G71, TH-G71A, TH-G71E, TH-K2, TH-K2A, TH-K2AT, TH-K2E, TH-K2ET, TH-21, TH-21AT, TH-21BT, TH-22, TH-22A, TH-22AT, TH-22E, TH-25, TH-26, TH-27, TH-28, TH-31AT, TH-31BT, TH-41AT, TH-41BT, TH-42, TH-42A, TH-42AT, TH-42E, TH-45, TH-46, TH-47, TH-48, TH-55, TH-75, TH-77, TH-77A, TH-77E, TH-78, TH-78A, TH78-E, TH-79, TH-79A, TH-79E, TH-G71, TH-205, TH-205A, TH-205AT, TH-205E, TH-215, TH-215A, TH-225, TH-225A, TH-235, TH-235A, TH235E, TH-315, TH-315A, TH-415, TH-415A, TH-415E<br \/>\nKPG27D, KPG29D, KPG48D, KPG49, KPG55D, KPG56D, KPG62D, KPG66D, KPG69D, KPG70D, KPG74D, KPG75D, KPG77D, KPG82D, KPG87D<\/p>\n<p>Pacote inclui:<\/p>\n<p>1 Fone de Ouvido Tubo Ac\u00fastico Do Fone de Ouvido Anti-ru\u00eddo PTT Mic Microfone Para Baofeng R\u00e1dio<\/p>\n","protected":false},"excerpt":{"rendered":"<p>Descri\u00e7\u00e3o &#8220;ATEN\u00c7\u00c3O N\u00c3O SERVE PARA R\u00c1DIOS DA MARCA MOTOROLA&#8221; Especifica\u00e7\u00e3o: PINO K-TYPE Tamanho do alto falante 16mm Tamanho do microfone 6.0*5.0mm sensibilidade 102 dB, +\/-3dB Resposta de freq\u00fc\u00eancia 20-16000Hz imped\u00e2ncia 90 ohms, +\/-15% sensibilidade -36 dB, \u00b1 2dB Sa\u00edda de \u00e1udio 100 mW imped\u00e2ncia 2.2 K Pin Ear 2.5mm est\u00e9reo Pin Mic 3.5mm est\u00e9reo Comprimento [&#8230;]\n","protected":false},"featured_media":803,"comment_status":"open","ping_status":"closed","template":"","meta":{"_joinchat":[]},"product_cat":[120],"product_tag":[],"class_list":{"0":"post-801","1":"product","2":"type-product","3":"status-publish","4":"has-post-thumbnail","6":"product_cat-radios-e-comunicacao","8":"first","9":"instock","10":"shipping-taxable","11":"purchasable","12":"product-type-simple"},"jetpack_sharing_enabled":true,"_links":{"self":[{"href":"https:\/\/www.lojafare.com.br\/index.php?rest_route=\/wp\/v2\/product\/801","targetHints":{"allow":["GET"]}}],"collection":[{"href":"https:\/\/www.lojafare.com.br\/index.php?rest_route=\/wp\/v2\/product"}],"about":[{"href":"https:\/\/www.lojafare.com.br\/index.php?rest_route=\/wp\/v2\/types\/product"}],"replies":[{"embeddable":true,"href":"https:\/\/www.lojafare.com.br\/index.php?rest_route=%2Fwp%2Fv2%2Fcomments&post=801"}],"wp:featuredmedia":[{"embeddable":true,"href":"https:\/\/www.lojafare.com.br\/index.php?rest_route=\/wp\/v2\/media\/803"}],"wp:attachment":[{"href":"https:\/\/www.lojafare.com.br\/index.php?rest_route=%2Fwp%2Fv2%2Fmedia&parent=801"}],"wp:term":[{"taxonomy":"product_cat","embeddable":true,"href":"https:\/\/www.lojafare.com.br\/index.php?rest_route=%2Fwp%2Fv2%2Fproduct_cat&post=801"},{"taxonomy":"product_tag","embeddable":true,"href":"https:\/\/www.lojafare.com.br\/index.php?rest_route=%2Fwp%2Fv2%2Fproduct_tag&post=801"}],"curies":[{"name":"wp","href":"https:\/\/api.w.org\/{rel}","templated":true}]}}