{"id":808,"date":"2024-01-29T18:25:55","date_gmt":"2024-01-29T21:25:55","guid":{"rendered":"https:\/\/www.lojafare.com.br\/?post_type=product&#038;p=808"},"modified":"2024-01-29T18:28:04","modified_gmt":"2024-01-29T21:28:04","slug":"mini-antena-diamond-baofeng","status":"publish","type":"product","link":"https:\/\/www.lojafare.com.br\/?product=mini-antena-diamond-baofeng","title":{"rendered":"Mini Antena Diamond Baofeng"},"content":{"rendered":"<p>A menor antena dual band do mundo.<br \/>\nS\u00e3o apenas 5 cm de comprimento. Deixe seu HT mais port\u00e1til e t\u00e1tico.<br \/>\nMini Antena Tri Band Diamond SHR805S VHF\/UHF com conex\u00e3o SMA-FEMEA.<br \/>\nCompat\u00edvel com Baofeng UV-5R, UV-5RA e outros com conector SMA.<br \/>\nPara uso em curtas dist\u00e2ncias, at\u00e9 500 m.<\/p>\n<p>Especifica\u00e7\u00f5es:<\/p>\n<p>Marca: Diamond<br \/>\nModelo: SRH805S<br \/>\nBanda: Dual band VHF\/UHF<br \/>\nFrequ\u00eancia: 144\/430\/1200 Mhz<br \/>\nGanho: 2,15 \/ 3,0 dbi<br \/>\nPotencia: 10 W<br \/>\nImped\u00e2ncia: 50 ohms<br \/>\nV.S.W.R.: &lt; 1,5<br \/>\nComprimento: 5 cm<br \/>\nPeso: 15 gramas<br \/>\nConector: SMA-F<br \/>\nTire todas as d\u00favidas antes de comprar.<\/p>\n<p>ITENS INCLUSOS:<br \/>\n&#8211; 1x Mini Antena Diamond Para Radio Ht Baofeng Uv5r Uv6r<\/p>\n","protected":false},"excerpt":{"rendered":"<p>A menor antena dual band do mundo. S\u00e3o apenas 5 cm de comprimento. Deixe seu HT mais port\u00e1til e t\u00e1tico. Mini Antena Tri Band Diamond SHR805S VHF\/UHF com conex\u00e3o SMA-FEMEA. Compat\u00edvel com Baofeng UV-5R, UV-5RA e outros com conector SMA. Para uso em curtas dist\u00e2ncias, at\u00e9 500 m. Especifica\u00e7\u00f5es: Marca: Diamond Modelo: SRH805S Banda: Dual [&#8230;]\n","protected":false},"featured_media":817,"comment_status":"open","ping_status":"closed","template":"","meta":{"_joinchat":[]},"product_cat":[120],"product_tag":[],"class_list":{"0":"post-808","1":"product","2":"type-product","3":"status-publish","4":"has-post-thumbnail","6":"product_cat-radios-e-comunicacao","8":"first","9":"instock","10":"shipping-taxable","11":"purchasable","12":"product-type-simple"},"jetpack_sharing_enabled":true,"_links":{"self":[{"href":"https:\/\/www.lojafare.com.br\/index.php?rest_route=\/wp\/v2\/product\/808","targetHints":{"allow":["GET"]}}],"collection":[{"href":"https:\/\/www.lojafare.com.br\/index.php?rest_route=\/wp\/v2\/product"}],"about":[{"href":"https:\/\/www.lojafare.com.br\/index.php?rest_route=\/wp\/v2\/types\/product"}],"replies":[{"embeddable":true,"href":"https:\/\/www.lojafare.com.br\/index.php?rest_route=%2Fwp%2Fv2%2Fcomments&post=808"}],"wp:featuredmedia":[{"embeddable":true,"href":"https:\/\/www.lojafare.com.br\/index.php?rest_route=\/wp\/v2\/media\/817"}],"wp:attachment":[{"href":"https:\/\/www.lojafare.com.br\/index.php?rest_route=%2Fwp%2Fv2%2Fmedia&parent=808"}],"wp:term":[{"taxonomy":"product_cat","embeddable":true,"href":"https:\/\/www.lojafare.com.br\/index.php?rest_route=%2Fwp%2Fv2%2Fproduct_cat&post=808"},{"taxonomy":"product_tag","embeddable":true,"href":"https:\/\/www.lojafare.com.br\/index.php?rest_route=%2Fwp%2Fv2%2Fproduct_tag&post=808"}],"curies":[{"name":"wp","href":"https:\/\/api.w.org\/{rel}","templated":true}]}}