{"id":818,"date":"2024-01-29T18:34:26","date_gmt":"2024-01-29T21:34:26","guid":{"rendered":"https:\/\/www.lojafare.com.br\/?post_type=product&#038;p=818"},"modified":"2024-02-06T11:54:34","modified_gmt":"2024-02-06T14:54:34","slug":"radio-comunicador-dual-band-baofeng-uv-5r-vhf-uhf","status":"publish","type":"product","link":"https:\/\/www.lojafare.com.br\/?product=radio-comunicador-dual-band-baofeng-uv-5r-vhf-uhf","title":{"rendered":"R\u00e1dio Comunicador Dual Band Baofeng Uv-5r Vhf Uhf"},"content":{"rendered":"<h2 class=\"ui-pdp-description__title\">Descri\u00e7\u00e3o<\/h2>\n<p class=\"ui-pdp-description__content\">R\u00c1DIO COMUNICADOR DUAL BAND BAOFENG \/ ALTOMEX UV-5R VHF UHF<\/p>\n<p>O R\u00e1dio Comunicador Baofeng Uv-5r, Funciona Como Dual Band E Conta Com Diversas Fun\u00e7\u00f5es Como Gama De Frequ\u00eancia De 136-174\/400-520 Mhz, Teclado Para Digitar Frequ\u00eancias, Tr\u00eas Op\u00e7\u00f5es De Cores Do Painel, Recebe R\u00e1dio Fm (Voc\u00ea Pode Ouvir R\u00e1dio Enquanto Aguarda Uma Chamada) E Ainda Monitora Duas Bandas Independentes).<\/p>\n<p>PARA COMUNICA\u00c7\u00c3O EM FREQU\u00caNCIA MAR\u00cdTIMA PRECISAR\u00c1 DO CABO DE PROGRAMA\u00c7\u00c3O.<\/p>\n<p>CARACTER\u00cdSTICAS<br \/>\n&#8211; Alcance de 8 \u00e0 10km.<br \/>\n&#8211; Large Display LCD<br \/>\n&#8211; Realiza comunica\u00e7\u00e3o entre marcas diferentes, caso esteja na mesma frequ\u00eancia e canal<br \/>\n&#8211; \u00c9 poss\u00edvel realizar homologa\u00e7\u00e3o da Anatel<\/p>\n<p>INFORMA\u00c7\u00d5ES T\u00c9CNICAS:<\/p>\n<p>&#8211; Faixa de comunica\u00e7\u00e3o: 1 a 12km ( o Kilometro vai variar com local e barreiras).<br \/>\n&#8211; Pot\u00eancia de sa\u00edda: 4w\/1w<br \/>\n&#8211; Range De Frequ\u00eancia: Vhf 136.00-174.00 Mhz Uhf 400.00-480.00 Mhz<br \/>\n&#8211; Program\u00e1vel Por Pc Ou Manual: Sim<br \/>\n&#8211; Fun\u00e7\u00e3o R\u00e1dio Fm: Sim<br \/>\n&#8211; Identifica\u00e7\u00e3o De Op\u00e7\u00f5es Por Voz: Sim<br \/>\n&#8211; Code: Dtmf<br \/>\n&#8211; Ctcss: 50 Tons<br \/>\n&#8211; Dcs: 104 C\u00f3digos<br \/>\n&#8211; Tempo M\u00e1ximo De Transmiss\u00e3o: (Time-Out Timer \u2013 Tot)<br \/>\n&#8211; Espa\u00e7o De Frequ\u00eancia: (5,6.25,10,12.5,20,25khz)<br \/>\n&#8211; Fun\u00e7\u00e3o Economia De Bateria: Sim<br \/>\n&#8211; Fun\u00e7\u00e3o Vox: (Ativa Tx Por Presen\u00e7a De Voz)<br \/>\n&#8211; Fun\u00e7\u00e3o Trava De Transmiss\u00e3o Quando Frequ\u00eancia Ocupada: Sim<br \/>\n&#8211; Aviso De Bateria Fraca: Sim<br \/>\n&#8211; Dual Band, Dual Display E Dual Standby: Sim<br \/>\n&#8211; Luz De Fundo De Visor E Teclado: Sim<br \/>\n&#8211; 3 Modos De Scan: (Tempo, Onda Portadora, Procura)<br \/>\n&#8211; Ptt-Id: (Config. De Envio Antes, Ap\u00f3s E Durante Transmiss\u00e3o)<br \/>\n&#8211; Frequency Difference Setting: Sim<br \/>\n&#8211; Keypad Number Directly Choose The Menu Function: Sim<br \/>\n&#8211; Fun\u00e7\u00e3o: Reverse Frequency<br \/>\n&#8211; Lanterna de Led: Sim<br \/>\n&#8211; Configura\u00e7\u00e3o De Pot\u00eancia: High Low<br \/>\n&#8211; Sele\u00e7\u00e3o: Wide\/Narrow Band<br \/>\n&#8211; Ani: Code Edition<br \/>\n&#8211; At\u00e9 128 Canais De Mem\u00f3ria: Sim<br \/>\n&#8211; Banda Larga \/ Banda Estreita Selecion\u00e1veis: Sim<br \/>\n&#8211; Pot\u00eancia Alta \/ Baixa: 5 W \/ 1w Selecion\u00e1veis<br \/>\n&#8211; Fun\u00e7\u00e3o De Bip No Teclado: Sim<br \/>\n&#8211; Dupla Trans \/ Recep\u00e7\u00e3o Dupla: Sim<br \/>\n&#8211; Fun\u00e7\u00e3o Offset: Frequ\u00eancia De Offset Para O Acesso Repetidor<br \/>\n&#8211; Fun\u00e7\u00e3o De Economia De Bateria: Save<br \/>\n&#8211; Temporizador De Transmiss\u00e3o: Tot Program\u00e1vel<br \/>\n&#8211; Sele\u00e7\u00e3o Do Modo: Scan<br \/>\n&#8211; Fun\u00e7\u00e3o De Canal Ocupado: Bclo<br \/>\n&#8211; Program\u00e1vel Por Pc: Sim<br \/>\n&#8211; Squelch Ajust\u00e1vel De: 0 A 9<br \/>\n&#8211; Crossband: Sim<br \/>\n&#8211; Bib No Fim De Transmiss\u00e3o: Sim<br \/>\n&#8211; Bloqueio De Teclado: Sim<\/p>\n<p>ESPECIFICA\u00c7\u00d5ES:<\/p>\n<p>&#8211; RX: FM 65~108MHZ<br \/>\n&#8211; RX: VHF 136.000~173.995MHZ<br \/>\n&#8211; RX: UHF 400.000~479.993MHZ<br \/>\n&#8211; TX: VHF 136.000~173.995MHZ<br \/>\n&#8211; TX: UHF 400.000-520.000MHZ<br \/>\n&#8211; VOLTAGEM DE OPERA\u00c7\u00c3O: 7.4V<br \/>\n&#8211; TEMPERATURA DE OPERA\u00c7\u00c3O: -30C~60C<br \/>\n&#8211; Passo Canal: 2.5\/5\/6.25\/10\/12.5\/25KHz<br \/>\n&#8211; ROGER SET<br \/>\n&#8211; IMPED\u00c2NCIA DA ANTENA: 50 OHM (ANTENA DUALBAND)<\/p>\n<p>DIMENS\u00d5ES:<\/p>\n<p>Comprimento Sem Antena: 11cm<br \/>\nComprimento Com Antena: 22 Cm<br \/>\nAltura: 6cm<br \/>\nLargura: 2,5cm<br \/>\nPeso: 200g<\/p>\n<p>ITENS INCLUSOS:<\/p>\n<p>1 R\u00e1dio Walk Talk Baofeng Uv-5r<br \/>\n1 Carregador Bivolt (110-220v)<br \/>\n1 Base Carregadora<br \/>\n1 Al\u00e7a De Pulso<br \/>\n1 Clipe de cinto<br \/>\n1 Antena<br \/>\n1 Bateria Remov\u00edvel<br \/>\n1 Manual De Instru\u00e7\u00f5es<\/p>\n","protected":false},"excerpt":{"rendered":"<p>Descri\u00e7\u00e3o R\u00c1DIO COMUNICADOR DUAL BAND BAOFENG \/ ALTOMEX UV-5R VHF UHF O R\u00e1dio Comunicador Baofeng Uv-5r, Funciona Como Dual Band E Conta Com Diversas Fun\u00e7\u00f5es Como Gama De Frequ\u00eancia De 136-174\/400-520 Mhz, Teclado Para Digitar Frequ\u00eancias, Tr\u00eas Op\u00e7\u00f5es De Cores Do Painel, Recebe R\u00e1dio Fm (Voc\u00ea Pode Ouvir R\u00e1dio Enquanto Aguarda Uma Chamada) E Ainda [&#8230;]\n","protected":false},"featured_media":825,"comment_status":"open","ping_status":"closed","template":"","meta":{"_joinchat":[]},"product_cat":[120],"product_tag":[],"class_list":{"0":"post-818","1":"product","2":"type-product","3":"status-publish","4":"has-post-thumbnail","6":"product_cat-radios-e-comunicacao","8":"first","9":"instock","10":"shipping-taxable","11":"purchasable","12":"product-type-simple"},"jetpack_sharing_enabled":true,"_links":{"self":[{"href":"https:\/\/www.lojafare.com.br\/index.php?rest_route=\/wp\/v2\/product\/818","targetHints":{"allow":["GET"]}}],"collection":[{"href":"https:\/\/www.lojafare.com.br\/index.php?rest_route=\/wp\/v2\/product"}],"about":[{"href":"https:\/\/www.lojafare.com.br\/index.php?rest_route=\/wp\/v2\/types\/product"}],"replies":[{"embeddable":true,"href":"https:\/\/www.lojafare.com.br\/index.php?rest_route=%2Fwp%2Fv2%2Fcomments&post=818"}],"wp:featuredmedia":[{"embeddable":true,"href":"https:\/\/www.lojafare.com.br\/index.php?rest_route=\/wp\/v2\/media\/825"}],"wp:attachment":[{"href":"https:\/\/www.lojafare.com.br\/index.php?rest_route=%2Fwp%2Fv2%2Fmedia&parent=818"}],"wp:term":[{"taxonomy":"product_cat","embeddable":true,"href":"https:\/\/www.lojafare.com.br\/index.php?rest_route=%2Fwp%2Fv2%2Fproduct_cat&post=818"},{"taxonomy":"product_tag","embeddable":true,"href":"https:\/\/www.lojafare.com.br\/index.php?rest_route=%2Fwp%2Fv2%2Fproduct_tag&post=818"}],"curies":[{"name":"wp","href":"https:\/\/api.w.org\/{rel}","templated":true}]}}