{"id":833,"date":"2024-01-29T19:42:31","date_gmt":"2024-01-29T22:42:31","guid":{"rendered":"https:\/\/www.lojafare.com.br\/?post_type=product&#038;p=833"},"modified":"2024-02-20T13:00:47","modified_gmt":"2024-02-20T16:00:47","slug":"balaclava-microfibra-escamoteavel-tan","status":"publish","type":"product","link":"https:\/\/www.lojafare.com.br\/?product=balaclava-microfibra-escamoteavel-tan","title":{"rendered":"Balaclava Microfibra Escamoteavel &#8211; Tan"},"content":{"rendered":"<h2 class=\"SectionTitle__title___Mc+hH\">Descri\u00e7\u00e3o do Produto<\/h2>\n<div class=\"ProductDescription__description___bly+m\">\n<p data-testid=\"paragraph\">A Balaclava Escamoteavel \u00e9 um modelo de m\u00e1scara simples, de design t\u00e1tico e de alta funcionalidade, protegendo a cabe\u00e7a e o pesco\u00e7o.<\/p>\n<p data-testid=\"paragraph\">Indicada para jogadores de Airsoft e Motociclistas, a balaclava snake protege o usu\u00e1rio contra BBs, obst\u00e1culos naturais da selva.<\/p>\n<p data-testid=\"paragraph\">Seu tecido, al\u00e9m de aquecer em dias frios, \u00e9 um tecido esportivo que ao suar, transporta todo o l\u00edquido para fora, mantendo o rosto limpo e em conforto.<\/p>\n<p data-testid=\"paragraph\">Um item para guerreiros do dia a dia, tanto quanto para operadores de airsoft, buscando o maior conforto de quem o usa.<\/p>\n<p data-testid=\"paragraph\">Especifica\u00e7\u00f5es:<\/p>\n<p data-testid=\"paragraph\">Confeccionada em Dry, tecido esportivo.<\/p>\n<p data-testid=\"paragraph\">91% Poli\u00e9ster e 9% Elastano<\/p>\n<p data-testid=\"paragraph\">Modelo: Balaclava Escamoteavel<\/p>\n<p data-testid=\"paragraph\">Peso: 50 gramas<\/p>\n<p data-testid=\"paragraph\">&#8212;&#8212;&#8212;&#8212;&#8212;&#8212;&#8212;&#8212;&#8212;&#8212;&#8212;&#8212;&#8212;&#8212;&#8212;&#8212;&#8212;&#8212;&#8212;&#8212;&#8212;&#8212;-<\/p>\n<p data-testid=\"paragraph\">ITENS INCLUSOS<\/p>\n<p data-testid=\"paragraph\">&#8212;&#8212;&#8212;&#8212;&#8212;&#8212;&#8212;&#8212;&#8212;&#8212;&#8212;&#8212;&#8212;&#8212;&#8212;&#8212;&#8212;&#8212;&#8212;&#8212;&#8212;&#8212;-<\/p>\n<p data-testid=\"paragraph\">1 Unidade Balaclava<\/p>\n<\/div>\n","protected":false},"excerpt":{"rendered":"<p>Descri\u00e7\u00e3o do Produto A Balaclava Escamoteavel \u00e9 um modelo de m\u00e1scara simples, de design t\u00e1tico e de alta funcionalidade, protegendo a cabe\u00e7a e o pesco\u00e7o. Indicada para jogadores de Airsoft e Motociclistas, a balaclava snake protege o usu\u00e1rio contra BBs, obst\u00e1culos naturais da selva. Seu tecido, al\u00e9m de aquecer em dias frios, \u00e9 um tecido [&#8230;]\n","protected":false},"featured_media":834,"comment_status":"open","ping_status":"closed","template":"","meta":{"_joinchat":[]},"product_cat":[104],"product_tag":[],"class_list":{"0":"post-833","1":"product","2":"type-product","3":"status-publish","4":"has-post-thumbnail","6":"product_cat-balaclavas-toucas-e-lencos","8":"first","9":"instock","10":"shipping-taxable","11":"purchasable","12":"product-type-simple"},"jetpack_sharing_enabled":true,"_links":{"self":[{"href":"https:\/\/www.lojafare.com.br\/index.php?rest_route=\/wp\/v2\/product\/833","targetHints":{"allow":["GET"]}}],"collection":[{"href":"https:\/\/www.lojafare.com.br\/index.php?rest_route=\/wp\/v2\/product"}],"about":[{"href":"https:\/\/www.lojafare.com.br\/index.php?rest_route=\/wp\/v2\/types\/product"}],"replies":[{"embeddable":true,"href":"https:\/\/www.lojafare.com.br\/index.php?rest_route=%2Fwp%2Fv2%2Fcomments&post=833"}],"wp:featuredmedia":[{"embeddable":true,"href":"https:\/\/www.lojafare.com.br\/index.php?rest_route=\/wp\/v2\/media\/834"}],"wp:attachment":[{"href":"https:\/\/www.lojafare.com.br\/index.php?rest_route=%2Fwp%2Fv2%2Fmedia&parent=833"}],"wp:term":[{"taxonomy":"product_cat","embeddable":true,"href":"https:\/\/www.lojafare.com.br\/index.php?rest_route=%2Fwp%2Fv2%2Fproduct_cat&post=833"},{"taxonomy":"product_tag","embeddable":true,"href":"https:\/\/www.lojafare.com.br\/index.php?rest_route=%2Fwp%2Fv2%2Fproduct_tag&post=833"}],"curies":[{"name":"wp","href":"https:\/\/api.w.org\/{rel}","templated":true}]}}