{"id":836,"date":"2024-01-29T19:51:15","date_gmt":"2024-01-29T22:51:15","guid":{"rendered":"https:\/\/www.lojafare.com.br\/?post_type=product&#038;p=836"},"modified":"2024-01-29T19:51:15","modified_gmt":"2024-01-29T22:51:15","slug":"front-grip-vertical-p-trilho-tan","status":"publish","type":"product","link":"https:\/\/www.lojafare.com.br\/?product=front-grip-vertical-p-trilho-tan","title":{"rendered":"Front Grip Vertical p\/ Trilho &#8211; TAN"},"content":{"rendered":"<h2 class=\"SectionTitle__title___Mc+hH\">Descri\u00e7\u00e3o do Produto<\/h2>\n<div class=\"ProductDescription__description___bly+m\">\n<p data-testid=\"paragraph\">Caracter\u00edsticas:<\/p>\n<p data-testid=\"paragraph\">\n<p data-testid=\"paragraph\">Grip vertical para uso em handguards com trilho de 20mm.<\/p>\n<p data-testid=\"paragraph\">\n<p data-testid=\"paragraph\">Constru\u00eddo em Pol\u00edmero Leve e dur\u00e1vel<\/p>\n<p data-testid=\"paragraph\">\n<p data-testid=\"paragraph\">Design ergon\u00f4mico com ader\u00eancia texturizada<\/p>\n<p data-testid=\"paragraph\">\n<p data-testid=\"paragraph\">Cor: preta<\/p>\n<p data-testid=\"paragraph\">\n<p data-testid=\"paragraph\">Altura total: 9,0cm<\/p>\n<p data-testid=\"paragraph\">\n<p data-testid=\"paragraph\">Altura \u00fatil: 8,3cm<\/p>\n<p data-testid=\"paragraph\">\n<p data-testid=\"paragraph\">Comprimento da base que vai no trilho: 4,8cm<\/p>\n<p data-testid=\"paragraph\">\n<p data-testid=\"paragraph\">Trilho compat\u00edvel: 20mm a 22mm<\/p>\n<p data-testid=\"paragraph\">\n<p data-testid=\"paragraph\">Peso: 47 gramas<\/p>\n<p data-testid=\"paragraph\">\n<p data-testid=\"paragraph\">\u00cdtens inclusos no pacote:<\/p>\n<p data-testid=\"paragraph\">\n<p data-testid=\"paragraph\">01 grip RVG Magpul;<\/p>\n<p data-testid=\"paragraph\">\n<p data-testid=\"paragraph\">02 parafusos;<\/p>\n<p data-testid=\"paragraph\">\n<p data-testid=\"paragraph\">02 porcas;<\/p>\n<p data-testid=\"paragraph\">\n<p data-testid=\"paragraph\">01 Chave Allen.<\/p>\n<p data-testid=\"paragraph\">Peso bruto do produto:\u00a00,650\u00a0kg<\/p>\n<\/div>\n","protected":false},"excerpt":{"rendered":"<p>Descri\u00e7\u00e3o do Produto Caracter\u00edsticas: Grip vertical para uso em handguards com trilho de 20mm. Constru\u00eddo em Pol\u00edmero Leve e dur\u00e1vel Design ergon\u00f4mico com ader\u00eancia texturizada Cor: preta Altura total: 9,0cm Altura \u00fatil: 8,3cm Comprimento da base que vai no trilho: 4,8cm Trilho compat\u00edvel: 20mm a 22mm Peso: 47 gramas \u00cdtens inclusos no pacote: 01 grip [&#8230;]\n","protected":false},"featured_media":838,"comment_status":"open","ping_status":"closed","template":"","meta":{"_joinchat":[]},"product_cat":[67],"product_tag":[],"class_list":{"0":"post-836","1":"product","2":"type-product","3":"status-publish","4":"has-post-thumbnail","6":"product_cat-front-grips","8":"first","9":"instock","10":"shipping-taxable","11":"purchasable","12":"product-type-simple"},"jetpack_sharing_enabled":true,"_links":{"self":[{"href":"https:\/\/www.lojafare.com.br\/index.php?rest_route=\/wp\/v2\/product\/836","targetHints":{"allow":["GET"]}}],"collection":[{"href":"https:\/\/www.lojafare.com.br\/index.php?rest_route=\/wp\/v2\/product"}],"about":[{"href":"https:\/\/www.lojafare.com.br\/index.php?rest_route=\/wp\/v2\/types\/product"}],"replies":[{"embeddable":true,"href":"https:\/\/www.lojafare.com.br\/index.php?rest_route=%2Fwp%2Fv2%2Fcomments&post=836"}],"wp:featuredmedia":[{"embeddable":true,"href":"https:\/\/www.lojafare.com.br\/index.php?rest_route=\/wp\/v2\/media\/838"}],"wp:attachment":[{"href":"https:\/\/www.lojafare.com.br\/index.php?rest_route=%2Fwp%2Fv2%2Fmedia&parent=836"}],"wp:term":[{"taxonomy":"product_cat","embeddable":true,"href":"https:\/\/www.lojafare.com.br\/index.php?rest_route=%2Fwp%2Fv2%2Fproduct_cat&post=836"},{"taxonomy":"product_tag","embeddable":true,"href":"https:\/\/www.lojafare.com.br\/index.php?rest_route=%2Fwp%2Fv2%2Fproduct_tag&post=836"}],"curies":[{"name":"wp","href":"https:\/\/api.w.org\/{rel}","templated":true}]}}