{"id":873,"date":"2024-01-30T14:06:57","date_gmt":"2024-01-30T17:06:57","guid":{"rendered":"https:\/\/www.lojafare.com.br\/?post_type=product&#038;p=873"},"modified":"2024-02-06T11:54:07","modified_gmt":"2024-02-06T14:54:07","slug":"lanterna-tatica-mini","status":"publish","type":"product","link":"https:\/\/www.lojafare.com.br\/?product=lanterna-tatica-mini","title":{"rendered":"LANTERNA T\u00c1TICA MINI"},"content":{"rendered":"<p>LANTERNA T\u00c1TICA COM FUN\u00c7\u00c3O LAMPI\u00c3O E CARREGAMENTO USB<\/p>\n<p>Equipada com LED Q5, possui regulagem de foco\/zoom podendo ajustar abrir o foco para ilumina\u00e7\u00e3o de uma grande \u00e1rea ou fechar o foco para ilumina\u00e7\u00e3o de locais mais distantes.<\/p>\n<p>Possui sistema de acionamento eletr\u00f4nico com 3 modos de funcionamento, Luz Cont\u00ednua Frontal, Strobo (piscando) e Modo Lampi\u00e3o que aciona a luz lateral. Possui sistema de carregamento r\u00e1pido USB, bastante conectar a lanterna a um carregador de celular para recarreg\u00e1-la.<\/p>\n<p>&nbsp;<\/p>\n<p>CARACTER\u00cdSTICAS:<\/p>\n<p>-Material de liga de alum\u00ednio de alta qualidade com desempenho est\u00e1vel e de longo tempo de servi\u00e7o.<\/p>\n<p>-Foco ajust\u00e1vel, voc\u00ea pode Aplicar Zoom in\/out para ajustar o seu feixe.<\/p>\n<p>-3 modos de luz LED: pressione o bot\u00e3o On\/Off interruptor de gatilho com XPE luz alta, XPE strobo, COB luz alta.<\/p>\n<p>-Carregamento feito pela porta USB a qualquer momento (Cabo Incluso), conveniente e pr\u00e1tico.<\/p>\n<p>-Pequeno e leve, f\u00e1cil de carregar em qualquer lugar que voc\u00ea gosta. \u00danico projeto de transforma\u00e7\u00e3o, com perspectivas extraordin\u00e1rio como uma caneta.<\/p>\n<p>-Resistente \u00e0 \u00e1gua, pode us\u00e1-lo em dia de chuva, mas n\u00e3o pode coloc\u00e1-lo em \u00e1gua!<\/p>\n<p>-Indicado para: Camping, Caminhadas, Ciclismo, Caminhadas, Ca\u00e7a, Pesca, Auto Emerg\u00eancias, reparos em casa, e atividades ao ar livre etc.<\/p>\n<p>&nbsp;<\/p>\n<p>Itens Inclusos:<\/p>\n<p>1 x Mini Lanterna T\u00e1tica<\/p>\n<p>1 x Cabo De Carregamento Micro USB<\/p>\n<p>1 x Case De Armazenamento<\/p>\n","protected":false},"excerpt":{"rendered":"<p>LANTERNA T\u00c1TICA COM FUN\u00c7\u00c3O LAMPI\u00c3O E CARREGAMENTO USB Equipada com LED Q5, possui regulagem de foco\/zoom podendo ajustar abrir o foco para ilumina\u00e7\u00e3o de uma grande \u00e1rea ou fechar o foco para ilumina\u00e7\u00e3o de locais mais distantes. Possui sistema de acionamento eletr\u00f4nico com 3 modos de funcionamento, Luz Cont\u00ednua Frontal, Strobo (piscando) e Modo Lampi\u00e3o [&#8230;]\n","protected":false},"featured_media":875,"comment_status":"open","ping_status":"closed","template":"","meta":{"_joinchat":[]},"product_cat":[134,123],"product_tag":[],"class_list":{"0":"post-873","1":"product","2":"type-product","3":"status-publish","4":"has-post-thumbnail","6":"product_cat-kit-operador-airsoft","7":"product_cat-lanternas-taticas","9":"first","10":"instock","11":"shipping-taxable","12":"purchasable","13":"product-type-simple"},"jetpack_sharing_enabled":true,"_links":{"self":[{"href":"https:\/\/www.lojafare.com.br\/index.php?rest_route=\/wp\/v2\/product\/873","targetHints":{"allow":["GET"]}}],"collection":[{"href":"https:\/\/www.lojafare.com.br\/index.php?rest_route=\/wp\/v2\/product"}],"about":[{"href":"https:\/\/www.lojafare.com.br\/index.php?rest_route=\/wp\/v2\/types\/product"}],"replies":[{"embeddable":true,"href":"https:\/\/www.lojafare.com.br\/index.php?rest_route=%2Fwp%2Fv2%2Fcomments&post=873"}],"wp:featuredmedia":[{"embeddable":true,"href":"https:\/\/www.lojafare.com.br\/index.php?rest_route=\/wp\/v2\/media\/875"}],"wp:attachment":[{"href":"https:\/\/www.lojafare.com.br\/index.php?rest_route=%2Fwp%2Fv2%2Fmedia&parent=873"}],"wp:term":[{"taxonomy":"product_cat","embeddable":true,"href":"https:\/\/www.lojafare.com.br\/index.php?rest_route=%2Fwp%2Fv2%2Fproduct_cat&post=873"},{"taxonomy":"product_tag","embeddable":true,"href":"https:\/\/www.lojafare.com.br\/index.php?rest_route=%2Fwp%2Fv2%2Fproduct_tag&post=873"}],"curies":[{"name":"wp","href":"https:\/\/api.w.org\/{rel}","templated":true}]}}