{"id":897,"date":"2024-01-30T15:56:07","date_gmt":"2024-01-30T18:56:07","guid":{"rendered":"https:\/\/www.lojafare.com.br\/?post_type=product&#038;p=897"},"modified":"2024-01-30T15:57:45","modified_gmt":"2024-01-30T18:57:45","slug":"lanterna-tatica-x900","status":"publish","type":"product","link":"https:\/\/www.lojafare.com.br\/?product=lanterna-tatica-x900","title":{"rendered":"Lanterna T\u00e1tica X900"},"content":{"rendered":"<p class=\"mt-2 mb-2 text-justify\">Lanterna de ilumina\u00e7\u00e3o impressionante com 980.000W \u00e9 uma das mais<br \/>\npotentes do mercado, com 5 modos de ilumina\u00e7\u00e3o e zoom de 2000x.<\/p>\n<p>Perfeita para usar em situa\u00e7\u00f5es t\u00e1ticas ou em atividades ao ar livre.<br \/>\nA lanterna tem \u00f3tima qualidade, \u00e9 vers\u00e1til e capaz de impressionar com<br \/>\na sua pot\u00eancia de longo alcance.<\/p>\n<p>Com certeza \u00e9 uma ferramenta de muita import\u00e2ncia para atividades como<br \/>\nmontanhismo, trilhas, escalada, camping, sobreviv\u00eancia, caminhadas,<br \/>\npescaria, patrulha, policiais e bombeiros entre muitas outras atividades.<\/p>\n<p>Conte\u00fado da Embalagem:<br \/>\n1 x Lanterna T\u00e1tica de Led Recarreg\u00e1vel \u2013 980.000W \/ 2900.000 Lumens<br \/>\n1 x Estojo Porta-Lanterna (Caixa original do produto)<br \/>\n1 x Cord\u00e3o de Pulso<br \/>\n1 x Bast\u00e3o Sinalizador<br \/>\n1 x Carregador Duplo de Baterias Bivolt (110v \u2013 220v)<br \/>\n2 x Baterias Recarreg\u00e1veis de L\u00edtio 9800mAh 4,2v Blindadas Gold<\/p>\n","protected":false},"excerpt":{"rendered":"<p>Lanterna de ilumina\u00e7\u00e3o impressionante com 980.000W \u00e9 uma das mais potentes do mercado, com 5 modos de ilumina\u00e7\u00e3o e zoom de 2000x. Perfeita para usar em situa\u00e7\u00f5es t\u00e1ticas ou em atividades ao ar livre. A lanterna tem \u00f3tima qualidade, \u00e9 vers\u00e1til e capaz de impressionar com a sua pot\u00eancia de longo alcance. Com certeza \u00e9 [&#8230;]\n","protected":false},"featured_media":901,"comment_status":"open","ping_status":"closed","template":"","meta":{"_joinchat":[]},"product_cat":[123],"product_tag":[],"class_list":{"0":"post-897","1":"product","2":"type-product","3":"status-publish","4":"has-post-thumbnail","6":"product_cat-lanternas-taticas","8":"first","9":"instock","10":"shipping-taxable","11":"purchasable","12":"product-type-simple"},"jetpack_sharing_enabled":true,"_links":{"self":[{"href":"https:\/\/www.lojafare.com.br\/index.php?rest_route=\/wp\/v2\/product\/897","targetHints":{"allow":["GET"]}}],"collection":[{"href":"https:\/\/www.lojafare.com.br\/index.php?rest_route=\/wp\/v2\/product"}],"about":[{"href":"https:\/\/www.lojafare.com.br\/index.php?rest_route=\/wp\/v2\/types\/product"}],"replies":[{"embeddable":true,"href":"https:\/\/www.lojafare.com.br\/index.php?rest_route=%2Fwp%2Fv2%2Fcomments&post=897"}],"wp:featuredmedia":[{"embeddable":true,"href":"https:\/\/www.lojafare.com.br\/index.php?rest_route=\/wp\/v2\/media\/901"}],"wp:attachment":[{"href":"https:\/\/www.lojafare.com.br\/index.php?rest_route=%2Fwp%2Fv2%2Fmedia&parent=897"}],"wp:term":[{"taxonomy":"product_cat","embeddable":true,"href":"https:\/\/www.lojafare.com.br\/index.php?rest_route=%2Fwp%2Fv2%2Fproduct_cat&post=897"},{"taxonomy":"product_tag","embeddable":true,"href":"https:\/\/www.lojafare.com.br\/index.php?rest_route=%2Fwp%2Fv2%2Fproduct_tag&post=897"}],"curies":[{"name":"wp","href":"https:\/\/api.w.org\/{rel}","templated":true}]}}