{"id":904,"date":"2024-01-30T16:11:09","date_gmt":"2024-01-30T19:11:09","guid":{"rendered":"https:\/\/www.lojafare.com.br\/?post_type=product&#038;p=904"},"modified":"2024-01-30T16:11:09","modified_gmt":"2024-01-30T19:11:09","slug":"lanterna-tatica-cree-mini","status":"publish","type":"product","link":"https:\/\/www.lojafare.com.br\/?product=lanterna-tatica-cree-mini","title":{"rendered":"Lanterna T\u00e1tica Cree Mini"},"content":{"rendered":"<p><b>Fonte de luz:\u00a0<\/b>Utiliza LED &#8211; Q5.<\/p>\n<p><b>Alimenta\u00e7\u00e3o: 1<\/b>\u00a0Pilha\u00a0recarreg\u00e1vel\u00a014500 6800 mah 3.7 v<br \/>\n<b>Tempo de Recarga:\u00a0<\/b>Aproximadamente 6 Horas para carga completa<br \/>\n<b>Autonomia de Uso:<\/b>\u00a0Aproximadamente 1:00 hora de uso cont\u00ednuo (modo mais forte) e at\u00e9 6 horas nos demais modos de ilumina\u00e7\u00e3o de uso.<br \/>\n<b>Dimens\u00f5es:<\/b>\u00a0Comprimento da Lanterna 9 cm, Di\u00e2metro 2,5 cm<br \/>\n<b>Peso aproximado:\u00a0<\/b>100g<\/p>\n","protected":false},"excerpt":{"rendered":"<p>Fonte de luz:\u00a0Utiliza LED &#8211; Q5. Alimenta\u00e7\u00e3o: 1\u00a0Pilha\u00a0recarreg\u00e1vel\u00a014500 6800 mah 3.7 v Tempo de Recarga:\u00a0Aproximadamente 6 Horas para carga completa Autonomia de Uso:\u00a0Aproximadamente 1:00 hora de uso cont\u00ednuo (modo mais forte) e at\u00e9 6 horas nos demais modos de ilumina\u00e7\u00e3o de uso. Dimens\u00f5es:\u00a0Comprimento da Lanterna 9 cm, Di\u00e2metro 2,5 cm Peso aproximado:\u00a0100g<\/p>\n","protected":false},"featured_media":906,"comment_status":"open","ping_status":"closed","template":"","meta":{"_joinchat":[]},"product_cat":[123],"product_tag":[],"class_list":{"0":"post-904","1":"product","2":"type-product","3":"status-publish","4":"has-post-thumbnail","6":"product_cat-lanternas-taticas","8":"first","9":"instock","10":"shipping-taxable","11":"purchasable","12":"product-type-simple"},"jetpack_sharing_enabled":true,"_links":{"self":[{"href":"https:\/\/www.lojafare.com.br\/index.php?rest_route=\/wp\/v2\/product\/904","targetHints":{"allow":["GET"]}}],"collection":[{"href":"https:\/\/www.lojafare.com.br\/index.php?rest_route=\/wp\/v2\/product"}],"about":[{"href":"https:\/\/www.lojafare.com.br\/index.php?rest_route=\/wp\/v2\/types\/product"}],"replies":[{"embeddable":true,"href":"https:\/\/www.lojafare.com.br\/index.php?rest_route=%2Fwp%2Fv2%2Fcomments&post=904"}],"wp:featuredmedia":[{"embeddable":true,"href":"https:\/\/www.lojafare.com.br\/index.php?rest_route=\/wp\/v2\/media\/906"}],"wp:attachment":[{"href":"https:\/\/www.lojafare.com.br\/index.php?rest_route=%2Fwp%2Fv2%2Fmedia&parent=904"}],"wp:term":[{"taxonomy":"product_cat","embeddable":true,"href":"https:\/\/www.lojafare.com.br\/index.php?rest_route=%2Fwp%2Fv2%2Fproduct_cat&post=904"},{"taxonomy":"product_tag","embeddable":true,"href":"https:\/\/www.lojafare.com.br\/index.php?rest_route=%2Fwp%2Fv2%2Fproduct_tag&post=904"}],"curies":[{"name":"wp","href":"https:\/\/api.w.org\/{rel}","templated":true}]}}