{"id":925,"date":"2024-01-30T16:41:49","date_gmt":"2024-01-30T19:41:49","guid":{"rendered":"https:\/\/www.lojafare.com.br\/?post_type=product&#038;p=925"},"modified":"2024-02-01T18:40:10","modified_gmt":"2024-02-01T21:40:10","slug":"sinalizador-kill-light-led-recarregavel","status":"publish","type":"product","link":"https:\/\/www.lojafare.com.br\/?product=sinalizador-kill-light-led-recarregavel","title":{"rendered":"Sinalizador < Kill light >Led Recarreg\u00e1vel"},"content":{"rendered":"<h2 class=\"ui-pdp-description__title\">Descri\u00e7\u00e3o<\/h2>\n<p class=\"ui-pdp-description__content\">Lanterna Sinalizador Traseira Led Bike Bicicleta Recarreg\u00e1vel DC-918<br \/>\nAgora voc\u00ea pode ficar mais seguro enquanto pedala.<br \/>\nEsta lanterna traseira possui 5 leds de brilho intenso que auxiliam na sinaliza\u00e7\u00e3o enquanto voc\u00ea pedala.<br \/>\nConhe\u00e7a mais benef\u00edcios deste super acess\u00f3rio.<br \/>\nCaracter\u00edsticas:<br \/>\nQuatro modos de pisca;<br \/>\nSelado \u00e0 prova d&#8217; \u00e1gua;<br \/>\nF\u00e1cil de montar;<br \/>\nAdequado para todas as bicicletas;<br \/>\nBateria recarreg\u00e1vel via USB.<br \/>\nCor vermelha (traseira)<br \/>\nTamanho: 7.5 x 3 x2 cm<br \/>\nInforma\u00e7\u00f5es de Bateria:<br \/>\nModo de Luz Normal: 5-6 horas;<br \/>\nModo de Luz Baixa: 14-16 horas<br \/>\nPiscando: 14-16 horas<br \/>\nCarregamento: 1-2 horas<br \/>\nF\u00e1cil de montar, brilhante, com luz baixa, flash. El\u00e1stico fixa firmemente&#8217;.<\/p>\n","protected":false},"excerpt":{"rendered":"<p>Descri\u00e7\u00e3o Lanterna Sinalizador Traseira Led Bike Bicicleta Recarreg\u00e1vel DC-918 Agora voc\u00ea pode ficar mais seguro enquanto pedala. Esta lanterna traseira possui 5 leds de brilho intenso que auxiliam na sinaliza\u00e7\u00e3o enquanto voc\u00ea pedala. Conhe\u00e7a mais benef\u00edcios deste super acess\u00f3rio. Caracter\u00edsticas: Quatro modos de pisca; Selado \u00e0 prova d&#8217; \u00e1gua; F\u00e1cil de montar; Adequado para todas [&#8230;]\n","protected":false},"featured_media":946,"comment_status":"open","ping_status":"closed","template":"","meta":{"_joinchat":[]},"product_cat":[134,123],"product_tag":[],"class_list":{"0":"post-925","1":"product","2":"type-product","3":"status-publish","4":"has-post-thumbnail","6":"product_cat-kit-operador-airsoft","7":"product_cat-lanternas-taticas","9":"first","10":"instock","11":"shipping-taxable","12":"purchasable","13":"product-type-simple"},"jetpack_sharing_enabled":true,"_links":{"self":[{"href":"https:\/\/www.lojafare.com.br\/index.php?rest_route=\/wp\/v2\/product\/925","targetHints":{"allow":["GET"]}}],"collection":[{"href":"https:\/\/www.lojafare.com.br\/index.php?rest_route=\/wp\/v2\/product"}],"about":[{"href":"https:\/\/www.lojafare.com.br\/index.php?rest_route=\/wp\/v2\/types\/product"}],"replies":[{"embeddable":true,"href":"https:\/\/www.lojafare.com.br\/index.php?rest_route=%2Fwp%2Fv2%2Fcomments&post=925"}],"wp:featuredmedia":[{"embeddable":true,"href":"https:\/\/www.lojafare.com.br\/index.php?rest_route=\/wp\/v2\/media\/946"}],"wp:attachment":[{"href":"https:\/\/www.lojafare.com.br\/index.php?rest_route=%2Fwp%2Fv2%2Fmedia&parent=925"}],"wp:term":[{"taxonomy":"product_cat","embeddable":true,"href":"https:\/\/www.lojafare.com.br\/index.php?rest_route=%2Fwp%2Fv2%2Fproduct_cat&post=925"},{"taxonomy":"product_tag","embeddable":true,"href":"https:\/\/www.lojafare.com.br\/index.php?rest_route=%2Fwp%2Fv2%2Fproduct_tag&post=925"}],"curies":[{"name":"wp","href":"https:\/\/api.w.org\/{rel}","templated":true}]}}