{"id":930,"date":"2024-01-30T17:14:40","date_gmt":"2024-01-30T20:14:40","guid":{"rendered":"https:\/\/www.lojafare.com.br\/?post_type=product&#038;p=930"},"modified":"2024-01-30T17:27:10","modified_gmt":"2024-01-30T20:27:10","slug":"lanterna-led-4-funcoes-usb-recarregavel-machfally","status":"publish","type":"product","link":"https:\/\/www.lojafare.com.br\/?product=lanterna-led-4-funcoes-usb-recarregavel-machfally","title":{"rendered":"Lanterna Led 4 Fun\u00e7\u00f5es Usb Recarreg\u00e1vel Machfally"},"content":{"rendered":"<p>Farol De Bicicleta Led 4 Fun\u00e7\u00f5es Usb Recarreg\u00e1vel Machfally<br \/>\nBateria com carregamento USB, completamente imperme\u00e1vel e sem fio. A extremidade da tomada de carregamento USB embutida \u00e9 um acesso conveniente \u00e0 porta USB do computador e outros equipamentos para carregamento. Ao remover a fivela, pode ser utilizado como lanterna, coloque no bolso, f\u00e1cil de transportar, interruptor \u00e0 prova d&#8217;\u00e1gua e funciona normalmente em ambiente de forte chuva.<br \/>\nMarca: Machfally<br \/>\nFabricante: Machfally<br \/>\nModelo: Farol De Bicicleta<br \/>\nRefer\u00eancia: MC-QD001<br \/>\nDimens\u00f5es Do Produto AxLxC (Cm): 2x8x2<br \/>\nIdade Recomendada: Livre Para Todos Os P\u00fablicos<br \/>\nCor: Preto<br \/>\nItens Inclusos: 1 Farol De Bicicleta Led<br \/>\nComposi\u00e7\u00e3o: Pl\u00e1stico e Alum\u00ednio<br \/>\nProduto n\u00e3o perec\u00edvel<br \/>\nBateria Integrada: Sim,\u00a0Recarreg\u00e1vel.<br \/>\nCont\u00e9m: 1\u00a0Farol De Bicicleta Led 4 Fun\u00e7\u00f5es Usb Recarreg\u00e1vel Machfally&#8217;.<\/p>\n","protected":false},"excerpt":{"rendered":"<p>Farol De Bicicleta Led 4 Fun\u00e7\u00f5es Usb Recarreg\u00e1vel Machfally Bateria com carregamento USB, completamente imperme\u00e1vel e sem fio. A extremidade da tomada de carregamento USB embutida \u00e9 um acesso conveniente \u00e0 porta USB do computador e outros equipamentos para carregamento. Ao remover a fivela, pode ser utilizado como lanterna, coloque no bolso, f\u00e1cil de transportar, [&#8230;]\n","protected":false},"featured_media":945,"comment_status":"open","ping_status":"closed","template":"","meta":{"_joinchat":[]},"product_cat":[123],"product_tag":[],"class_list":{"0":"post-930","1":"product","2":"type-product","3":"status-publish","4":"has-post-thumbnail","6":"product_cat-lanternas-taticas","8":"first","9":"instock","10":"shipping-taxable","11":"purchasable","12":"product-type-simple"},"jetpack_sharing_enabled":true,"_links":{"self":[{"href":"https:\/\/www.lojafare.com.br\/index.php?rest_route=\/wp\/v2\/product\/930","targetHints":{"allow":["GET"]}}],"collection":[{"href":"https:\/\/www.lojafare.com.br\/index.php?rest_route=\/wp\/v2\/product"}],"about":[{"href":"https:\/\/www.lojafare.com.br\/index.php?rest_route=\/wp\/v2\/types\/product"}],"replies":[{"embeddable":true,"href":"https:\/\/www.lojafare.com.br\/index.php?rest_route=%2Fwp%2Fv2%2Fcomments&post=930"}],"wp:featuredmedia":[{"embeddable":true,"href":"https:\/\/www.lojafare.com.br\/index.php?rest_route=\/wp\/v2\/media\/945"}],"wp:attachment":[{"href":"https:\/\/www.lojafare.com.br\/index.php?rest_route=%2Fwp%2Fv2%2Fmedia&parent=930"}],"wp:term":[{"taxonomy":"product_cat","embeddable":true,"href":"https:\/\/www.lojafare.com.br\/index.php?rest_route=%2Fwp%2Fv2%2Fproduct_cat&post=930"},{"taxonomy":"product_tag","embeddable":true,"href":"https:\/\/www.lojafare.com.br\/index.php?rest_route=%2Fwp%2Fv2%2Fproduct_tag&post=930"}],"curies":[{"name":"wp","href":"https:\/\/api.w.org\/{rel}","templated":true}]}}