{"id":935,"date":"2024-01-30T17:19:52","date_gmt":"2024-01-30T20:19:52","guid":{"rendered":"https:\/\/www.lojafare.com.br\/?post_type=product&#038;p=935"},"modified":"2024-01-30T17:22:03","modified_gmt":"2024-01-30T20:22:03","slug":"farol-bicicleta-led-bateria-recarregavel-bike-usb","status":"publish","type":"product","link":"https:\/\/www.lojafare.com.br\/?product=farol-bicicleta-led-bateria-recarregavel-bike-usb","title":{"rendered":"Farol Bicicleta Led Bateria Recarreg\u00e1vel Bike Usb"},"content":{"rendered":"<p>Com o farol RPL-2255 voc\u00ea nunca mais ter\u00e1 que escolher entre um farol de qualidade e um farol que seja amigo do meio ambiente e recarreg\u00e1vel. Perfeito para ambientes urbanos, para o dia a dia, ciclistas de trilhas e mais.<\/p>\n<p>Com seu recarregamento via USB ajuda o meio ambiente evitando o uso de pilhas e fornecendo 200 lumens de pot\u00eancia. Ilumina\u00e7\u00e3o com qualidade e pot\u00eancia, o farol para bicicleta RPL-2255 ir\u00e1 surpreender.<\/p>\n<p>O farol RPL-2255 pode funcionar por at\u00e9 12 horas ininterruptas no modo piscante. Possui outros dois modos de utiliza\u00e7\u00e3o: modo de alta pot\u00eancia com dura\u00e7\u00e3o de at\u00e9 3 horas e o modo de baixa pot\u00eancia com dura\u00e7\u00e3o de at\u00e9 5 horas de uso.<\/p>\n<p>Possui um poderoso LED capaz de produzir 300 lumens. Sua bateria demora cerca de 3h para carregamento completo.<\/p>\n<p>Caracter\u00edsticas:<\/p>\n<p>Farol de \u00a0Led para bikes de 300 l\u00famens, bateria embutida e carregamento via USB.<br \/>\nSuper leve e \u00f3timo brilho.<br \/>\nTipo de Led: XPE 3W LED<\/p>\n<p>Cor: Preta<br \/>\nCor da Luz: Branca<br \/>\nMaterial: PC+ABS<br \/>\nPot\u00eancia m\u00e1xima: 300lm<br \/>\nAlcance: 30-50 metros a noite<br \/>\nModos de opera\u00e7\u00e3o: Forte, M\u00e9dio, Pisca<br \/>\nFonte de energia: Bateria de 800mAh Li-Poly<br \/>\nTempo de carregamento: Aproximadamente 3 horas<br \/>\nTempo de funcionamento (carga da bateria) : 3hrs (Forte), 5 hrs (m\u00e9dio), 12 hrs (pisca)<br \/>\nDimens\u00f5es: 65mmx29mmx23mm<br \/>\nPeso: 40g<br \/>\nAbra\u00e7adeira para Guid\u00e3o: 20-40mm<\/p>\n<p>Pacote inclui:<br \/>\n1x Farol<br \/>\n1x Cinta de fixa\u00e7\u00e3o<br \/>\n1x Cabo USB<\/p>\n","protected":false},"excerpt":{"rendered":"<p>Com o farol RPL-2255 voc\u00ea nunca mais ter\u00e1 que escolher entre um farol de qualidade e um farol que seja amigo do meio ambiente e recarreg\u00e1vel. Perfeito para ambientes urbanos, para o dia a dia, ciclistas de trilhas e mais. Com seu recarregamento via USB ajuda o meio ambiente evitando o uso de pilhas e [&#8230;]\n","protected":false},"featured_media":942,"comment_status":"open","ping_status":"closed","template":"","meta":{"_joinchat":[]},"product_cat":[123],"product_tag":[],"class_list":{"0":"post-935","1":"product","2":"type-product","3":"status-publish","4":"has-post-thumbnail","6":"product_cat-lanternas-taticas","8":"first","9":"instock","10":"shipping-taxable","11":"purchasable","12":"product-type-simple"},"jetpack_sharing_enabled":true,"_links":{"self":[{"href":"https:\/\/www.lojafare.com.br\/index.php?rest_route=\/wp\/v2\/product\/935","targetHints":{"allow":["GET"]}}],"collection":[{"href":"https:\/\/www.lojafare.com.br\/index.php?rest_route=\/wp\/v2\/product"}],"about":[{"href":"https:\/\/www.lojafare.com.br\/index.php?rest_route=\/wp\/v2\/types\/product"}],"replies":[{"embeddable":true,"href":"https:\/\/www.lojafare.com.br\/index.php?rest_route=%2Fwp%2Fv2%2Fcomments&post=935"}],"wp:featuredmedia":[{"embeddable":true,"href":"https:\/\/www.lojafare.com.br\/index.php?rest_route=\/wp\/v2\/media\/942"}],"wp:attachment":[{"href":"https:\/\/www.lojafare.com.br\/index.php?rest_route=%2Fwp%2Fv2%2Fmedia&parent=935"}],"wp:term":[{"taxonomy":"product_cat","embeddable":true,"href":"https:\/\/www.lojafare.com.br\/index.php?rest_route=%2Fwp%2Fv2%2Fproduct_cat&post=935"},{"taxonomy":"product_tag","embeddable":true,"href":"https:\/\/www.lojafare.com.br\/index.php?rest_route=%2Fwp%2Fv2%2Fproduct_tag&post=935"}],"curies":[{"name":"wp","href":"https:\/\/api.w.org\/{rel}","templated":true}]}}