{"id":947,"date":"2024-01-30T17:39:18","date_gmt":"2024-01-30T20:39:18","guid":{"rendered":"https:\/\/www.lojafare.com.br\/?post_type=product&#038;p=947"},"modified":"2024-01-30T17:40:04","modified_gmt":"2024-01-30T20:40:04","slug":"ammobox-bbs-020g-c-3000","status":"publish","type":"product","link":"https:\/\/www.lojafare.com.br\/?product=ammobox-bbs-020g-c-3000","title":{"rendered":"AMMOBOX BBS 0,20g C\/3000"},"content":{"rendered":"<p style=\"font-weight: 400;\"><b><strong>JF-BBS20 &#8211; BBS 0,20g\u00a0 AMMOBOX\u00a0 C\/3000 (600g) &#8211; SKU 781<\/strong><\/b><\/p>\n<p style=\"font-weight: 400;\">Feita para profissionais do force on for, operadores e players do airsoft em busca da performance, qualidade, a Feasso, apresenta sua nova linha de BBS da Feasso!<\/p>\n<p style=\"font-weight: 400;\">A nova linha de BBS \u201cAmmoBox\u201d desenvolvida para operadores experientes e para voc\u00ea que est\u00e1 entrando agora no Airsoft!<\/p>\n<p style=\"font-weight: 400;\">E com muito orgulho, dizemos que cada detalhe foi pensado para elevar sua experi\u00eancia no airsoft, feita com as melhores misturas de pol\u00edmeros e levada ao m\u00e1ximo seu polimento aumentando assim sua qualidade a n\u00edveis superiores aos encontrados hoje no mercado brasileiro. A Feasso, com seu time de profissionais, empenho e desenvolvimento tecnol\u00f3gico, traz um produto com muita tecnologia em mat\u00e9rias primas diferenciadas, com m\u00e1ximo polimento em equipamentos de \u00faltima gera\u00e7\u00e3o, al\u00e9m de rigoroso processo de qualidade! O resultado deste esfor\u00e7o \u00e9 um produto de qualidade \u00edmpar, conseguimos desenvolver um produto na quantidade certa para suas necessidades no Airsoft.<\/p>\n<p style=\"font-weight: 400;\">AmmoBox, n\u00e3o \u00e9 apenas mais uma esfera feita para o airsoft, foi idealizada e criada por quem tem a paix\u00e3o de estar nos campos, em eventos epara treinamentos utilizando o \u201cFOF ou Force on Force\u201d no universo do airsoft, feita para atender as exig\u00eancias e qualidade de quem anseia por um produto que se adeque a todos os or\u00e7amentos, seja para grandes eventos milsim ou para pequenas partidas de speed ou mesmo em treinamentos profissionais como.<\/p>\n<p style=\"font-weight: 400;\">O que podemos dizer? A AmmoBox \u00e9 a combina\u00e7\u00e3o perfeita da experi\u00eancia com a vontade e a paix\u00e3o pelo airsoft! AmmoBox 0,20g: S\u00e3o compostas por mistura de especial de Pol\u00edmeros de base f\u00f3ssil, formando uma massa consistente de alta qualidade com crit\u00e9rio \u201cAA\u201d ou Premium de acordo com a mistura que recebem recebendo o mesmo polimento para DIAMANTES, colocando as em uma nova classe superior de esferas para Airsoft!<\/p>\n<p style=\"font-weight: 400;\">A Feasso, tem r\u00edgido controle de qualidade, com m\u00faltiplas etapas de polimento aferindo seu alto desempenho, as BBs \u2013 AmmoBox, passam por processos 100% automatizados e auditados oferecendo a nossos clientes os melhores processos de produ\u00e7\u00e3o com certifica\u00e7\u00e3o de lotes e processos que n\u00e3o afetem sua qualidade, garantindo a alt\u00edssima precis\u00e3o, e polimento para maior efici\u00eancia e maior controle dos disparos ao passar pelo hop-up.<\/p>\n<p style=\"font-weight: 400;\">A escolha de BBs de alta qualidade \u00e9 t\u00e3o importante quanto a escolha dos equipamentos \u201carmas de Airsoft\u201d em que v\u00e3o ser utilizadas!<\/p>\n<p style=\"font-weight: 400;\"><span style=\"font-weight: 400;\">\u00a0<\/span><\/p>\n<p style=\"font-weight: 400;\"><span style=\"font-weight: 400;\">Medida: 5.95mm\/+-0.01mm<\/span><\/p>\n<p style=\"font-weight: 400;\"><span style=\"font-weight: 400;\">Polimento classe diamante<\/span><\/p>\n<p style=\"font-weight: 400;\"><span style=\"font-weight: 400;\">Pesos dispon\u00edveis: 0.20g\u00a0 = 1 BBs<\/span><\/p>\n<p style=\"font-weight: 400;\"><span style=\"font-weight: 400;\">Pacote de 600g com 3000 unidades<\/span><\/p>\n<p style=\"font-weight: 400;\"><span style=\"font-weight: 400;\">Escolha o peso ideal para sua arma de airsoft.<\/span><\/p>\n<p style=\"font-weight: 400;\"><span style=\"font-weight: 400;\">0.20g ideal para armas de 250 fps at\u00e9 350 fps ideal para:<\/span><\/p>\n<p style=\"font-weight: 400;\"><span style=\"font-weight: 400;\">-Assalto<\/span><\/p>\n<p style=\"font-weight: 400;\"><span style=\"font-weight: 400;\">-Pistolas<\/span><\/p>\n<p style=\"font-weight: 400;\"><span style=\"font-weight: 400;\">-PDW<\/span><\/p>\n<p style=\"font-weight: 400;\"><span style=\"font-weight: 400;\">-SAW<\/span><\/p>\n<p style=\"font-weight: 400;\"><span style=\"font-weight: 400;\">-Speed Soft<\/span><\/p>\n<p style=\"font-weight: 400;\"><span style=\"font-weight: 400;\">-Outdoor Day<\/span><\/p>\n<p style=\"font-weight: 400;\"><span style=\"font-weight: 400;\">-Milsim<\/span><\/p>\n<p style=\"font-weight: 400;\"><span style=\"font-weight: 400;\">-Force on Force<\/span><\/p>\n<p style=\"font-weight: 400;\"><span style=\"font-weight: 400;\">-CQB<\/span><\/p>\n<p style=\"font-weight: 400;\"><span style=\"font-weight: 400;\">-Shotting Play<\/span><\/p>\n<p style=\"font-weight: 400;\"><span style=\"font-weight: 400;\">-Stands de tiro<\/span><\/p>\n<p style=\"font-weight: 400;\"><span style=\"font-weight: 400;\">-Treino com Visada<\/span><\/p>\n<p style=\"font-weight: 400;\"><b><strong>ATEN\u00c7\u00c3O:\u00a0<\/strong><\/b>Este produto n\u00e3o \u00e9 indicado para menores de 18 anos<\/p>\n<p style=\"font-weight: 400;\">Fabricado em Taiwan<br \/>\nImportado: por Grupo Feasso Brasil\/Eletr\u00f4nicos<br \/>\nValidade: Indeterminado<br \/>\nComposi\u00e7\u00e3o: PLA\/PP\/PS\/ABS em propor\u00e7\u00e3o para +\/- (Mistura de pol\u00edmeros podendo chegar a 100% de uma \u00fanica parte.)<\/p>\n","protected":false},"excerpt":{"rendered":"<p>JF-BBS20 &#8211; BBS 0,20g\u00a0 AMMOBOX\u00a0 C\/3000 (600g) &#8211; SKU 781 Feita para profissionais do force on for, operadores e players do airsoft em busca da performance, qualidade, a Feasso, apresenta sua nova linha de BBS da Feasso! A nova linha de BBS \u201cAmmoBox\u201d desenvolvida para operadores experientes e para voc\u00ea que est\u00e1 entrando agora no [&#8230;]\n","protected":false},"featured_media":949,"comment_status":"open","ping_status":"closed","template":"","meta":{"_joinchat":[]},"product_cat":[37],"product_tag":[],"class_list":{"0":"post-947","1":"product","2":"type-product","3":"status-publish","4":"has-post-thumbnail","6":"product_cat-esfera-plastica-bbs","8":"first","9":"instock","10":"shipping-taxable","11":"purchasable","12":"product-type-simple"},"jetpack_sharing_enabled":true,"_links":{"self":[{"href":"https:\/\/www.lojafare.com.br\/index.php?rest_route=\/wp\/v2\/product\/947","targetHints":{"allow":["GET"]}}],"collection":[{"href":"https:\/\/www.lojafare.com.br\/index.php?rest_route=\/wp\/v2\/product"}],"about":[{"href":"https:\/\/www.lojafare.com.br\/index.php?rest_route=\/wp\/v2\/types\/product"}],"replies":[{"embeddable":true,"href":"https:\/\/www.lojafare.com.br\/index.php?rest_route=%2Fwp%2Fv2%2Fcomments&post=947"}],"wp:featuredmedia":[{"embeddable":true,"href":"https:\/\/www.lojafare.com.br\/index.php?rest_route=\/wp\/v2\/media\/949"}],"wp:attachment":[{"href":"https:\/\/www.lojafare.com.br\/index.php?rest_route=%2Fwp%2Fv2%2Fmedia&parent=947"}],"wp:term":[{"taxonomy":"product_cat","embeddable":true,"href":"https:\/\/www.lojafare.com.br\/index.php?rest_route=%2Fwp%2Fv2%2Fproduct_cat&post=947"},{"taxonomy":"product_tag","embeddable":true,"href":"https:\/\/www.lojafare.com.br\/index.php?rest_route=%2Fwp%2Fv2%2Fproduct_tag&post=947"}],"curies":[{"name":"wp","href":"https:\/\/api.w.org\/{rel}","templated":true}]}}