{"id":958,"date":"2024-01-30T18:20:48","date_gmt":"2024-01-30T21:20:48","guid":{"rendered":"https:\/\/www.lojafare.com.br\/?post_type=product&#038;p=958"},"modified":"2024-01-30T18:22:40","modified_gmt":"2024-01-30T21:22:40","slug":"municao-airsoft-030g-bb-king","status":"publish","type":"product","link":"https:\/\/www.lojafare.com.br\/?product=municao-airsoft-030g-bb-king","title":{"rendered":"Muni\u00e7\u00e3o Airsoft 0,30g Bb King c\/2500 und"},"content":{"rendered":"<p>As bolinhas para Airsoft da AVB foram criadas para oferecer precis\u00e3o, qualidade e \u00f3timo desempenho.<\/p>\n<p>ESFERAS<br \/>\nProduzidas em Pl\u00e1stico PVC ABS<br \/>\nSem rebarbas<br \/>\nSem bolhas de ar por dentro<br \/>\nDuplo polimento<br \/>\nPossuem o certificado TUV, CE e Reach<br \/>\nCompat\u00edveis com Airsoft, Aeg&#8217;;s, Gbb&#8217;;s, Springers, Snipers, Shotguns e outras<\/p>\n<p>ESPECIFICA\u00c7\u00d5ES<br \/>\nCor: branco<br \/>\nMaterial: PVC<br \/>\nDi\u00e2metro: 5.95+\/-0.01 mm<br \/>\nEmbalagem: 2500 unidades<br \/>\nPeso por esfera: 0,30 g<br \/>\nPeso total: 1 kg<\/p>\n","protected":false},"excerpt":{"rendered":"<p>As bolinhas para Airsoft da AVB foram criadas para oferecer precis\u00e3o, qualidade e \u00f3timo desempenho. ESFERAS Produzidas em Pl\u00e1stico PVC ABS Sem rebarbas Sem bolhas de ar por dentro Duplo polimento Possuem o certificado TUV, CE e Reach Compat\u00edveis com Airsoft, Aeg&#8217;;s, Gbb&#8217;;s, Springers, Snipers, Shotguns e outras ESPECIFICA\u00c7\u00d5ES Cor: branco Material: PVC Di\u00e2metro: 5.95+\/-0.01 [&#8230;]\n","protected":false},"featured_media":960,"comment_status":"open","ping_status":"closed","template":"","meta":{"_joinchat":[]},"product_cat":[37],"product_tag":[],"class_list":{"0":"post-958","1":"product","2":"type-product","3":"status-publish","4":"has-post-thumbnail","6":"product_cat-esfera-plastica-bbs","8":"first","9":"instock","10":"shipping-taxable","11":"purchasable","12":"product-type-simple"},"jetpack_sharing_enabled":true,"_links":{"self":[{"href":"https:\/\/www.lojafare.com.br\/index.php?rest_route=\/wp\/v2\/product\/958","targetHints":{"allow":["GET"]}}],"collection":[{"href":"https:\/\/www.lojafare.com.br\/index.php?rest_route=\/wp\/v2\/product"}],"about":[{"href":"https:\/\/www.lojafare.com.br\/index.php?rest_route=\/wp\/v2\/types\/product"}],"replies":[{"embeddable":true,"href":"https:\/\/www.lojafare.com.br\/index.php?rest_route=%2Fwp%2Fv2%2Fcomments&post=958"}],"wp:featuredmedia":[{"embeddable":true,"href":"https:\/\/www.lojafare.com.br\/index.php?rest_route=\/wp\/v2\/media\/960"}],"wp:attachment":[{"href":"https:\/\/www.lojafare.com.br\/index.php?rest_route=%2Fwp%2Fv2%2Fmedia&parent=958"}],"wp:term":[{"taxonomy":"product_cat","embeddable":true,"href":"https:\/\/www.lojafare.com.br\/index.php?rest_route=%2Fwp%2Fv2%2Fproduct_cat&post=958"},{"taxonomy":"product_tag","embeddable":true,"href":"https:\/\/www.lojafare.com.br\/index.php?rest_route=%2Fwp%2Fv2%2Fproduct_tag&post=958"}],"curies":[{"name":"wp","href":"https:\/\/api.w.org\/{rel}","templated":true}]}}