{"id":964,"date":"2024-01-30T19:49:05","date_gmt":"2024-01-30T22:49:05","guid":{"rendered":"https:\/\/www.lojafare.com.br\/?post_type=product&#038;p=964"},"modified":"2024-01-30T19:49:05","modified_gmt":"2024-01-30T22:49:05","slug":"speed-loader-6mm-150-bbs-rossi","status":"publish","type":"product","link":"https:\/\/www.lojafare.com.br\/?product=speed-loader-6mm-150-bbs-rossi","title":{"rendered":"SPEED LOADER 6MM 150 BBS &#8211; ROSSI"},"content":{"rendered":"<table>\n<tbody>\n<tr>\n<td>\n<h2>DESCRI\u00c7\u00c3O<\/h2>\n<\/td>\n<\/tr>\n<tr>\n<td>\n<h3>Carregador R\u00e1pido para Airsoft 6mm 150 BB&#8217;s &#8211; Rossi<\/h3>\n<p>A\u00a0<strong>Rossi\u00a0<\/strong>destacou-se como uma das\u00a0<strong>maiores fabricantes de armas de fogo<\/strong>\u00a0da Am\u00e9rica Latina! Esse setor da empresa, atualmente, est\u00e1 sob o comando da Taurus.<\/p>\n<p>A empresa possui uma longa hist\u00f3ria de consolida\u00e7\u00e3o, fundada em 1889, a Rossi importa e distribui produtos armamentistas e\u00a0<a href=\"https:\/\/www.ventureshop.com.br\/airsoft-s193\/\">Airsoft\u00a0<\/a>.<\/p>\n<p>Atualmente, o foco maior da\u00a0<strong>Rossi\u00a0<\/strong>s\u00e3o artigos para Airsoft\u00a0preservando sempre a\u00a0<strong>expertise,\u00a0<\/strong>o\u00a0<strong>rigor\u00a0<\/strong>e a qualidade j\u00e1 t\u00e3o reconhecidos da marca.<\/p>\n<p><strong>Agilidade\u00a0<\/strong>e\u00a0<strong>destreza\u00a0<\/strong>s\u00e3o muito importantes, ter que carregar a sua\u00a0<a href=\"https:\/\/www.ventureshop.com.br\/armas-airsoft-s252\/\">arma\u00a0<\/a>durante uma partida pode ser um procedimento demorado e tempo \u00e9 imprescind\u00edvel no\u00a0<strong>Airsoft<\/strong>, concorda?<\/p>\n<p>Pois, ent\u00e3o, chega de perder tempo carregando os\u00a0<a href=\"https:\/\/www.ventureshop.com.br\/magazines-e-baterias-s248\/\">magazines\u00a0<\/a>com dificuldade, derrubando e desperdi\u00e7ando bbs, enfim, aquele caos! O\u00a0<strong>Carregador R\u00e1pido para Airsoft 6 mm 150 BBs\u00a0<\/strong>foi feito para dar um fim nesse problema.<\/p>\n<p>Com\u00a0<strong>agilidade\u00a0<\/strong>e\u00a0<strong>organiza\u00e7\u00e3o<\/strong>, o carregador r\u00e1pido tem capacidade para 150 BBs de 6 mm \u00e9 muita\u00a0<a href=\"https:\/\/www.ventureshop.com.br\/municoes-para-airsoft-s226\/\">muni\u00e7\u00e3o\u00a0<\/a>para recarregar seus magazines. Compat\u00edvel com, praticamente, todos os modelos de magazine, o carregador \u00e9 escolha certa.<\/p>\n<p>Tudo isso com a garantia de um produto\u00a0<strong>Rossi<\/strong>, sin\u00f4nimo de\u00a0<strong>durabilidade\u00a0<\/strong>e\u00a0<strong>confian\u00e7a<\/strong>.<strong>\u00a0<\/strong><\/p>\n<p>Feito em pol\u00edmero, o carregador \u00e9 super resistente, de cor fum\u00ea, ele tamb\u00e9m possui gradua\u00e7\u00e3o, ent\u00e3o \u00e9 poss\u00edvel visualizar a quantidade de BBs dentro do carregador.<\/p>\n<p>O seu modo de a\u00e7\u00e3o \u00e9 manual, para preencher o carregador com BBs \u00e9 muito simples, basta abrir a tampa localizada na parte superior do equipamento e colocar as BBs at\u00e9 a medida que considerar suficiente.<\/p>\n<p>Direcione o bico do carregador r\u00e1pido na entrada de muni\u00e7\u00e3o do seu magazine e pressione a v\u00e1lvula do carregador r\u00e1pido para baixo at\u00e9 que esteja completo. Voc\u00ea pode controlar e travar a v\u00e1lvula pelo bot\u00e3o ao lateral.<\/p>\n<p>Fa\u00e7a seu pedido e a\u00a0<strong>Ventureshop\u00a0<\/strong>envia pra voc\u00ea! Nossos canais de comunica\u00e7\u00e3o est\u00e3o abertos caso haja alguma d\u00favida sobre esse ou outro produto. Fale com a gente.<\/td>\n<\/tr>\n<tr>\n<td>\n<h2>CARACTER\u00cdSTICAS<\/h2>\n<\/td>\n<\/tr>\n<tr>\n<td>\n<ul>\n<li><strong>Marca:<\/strong>\u00a0Rossi<\/li>\n<li><strong>Modelo:<\/strong>\u00a0Carregador R\u00e1pido para Airsoft 6 mm 150 BBs<\/li>\n<li><strong>Material:<\/strong>\u00a0Pol\u00edmero<\/li>\n<li><strong>Cor:<\/strong>\u00a0Fum\u00ea<\/li>\n<li><strong>Peso<\/strong>: 100 g<\/li>\n<li><strong>Dimens\u00f5es (CxLxA)<\/strong>: 13 x 4 x 4 cm<\/li>\n<li><strong>Peso com Embalagem<\/strong>: 150g<\/li>\n<li><strong>Dimens\u00f5es com Embalagem (CxLxA)<\/strong>: 15 x 5 x 5 cm<\/li>\n<\/ul>\n<\/td>\n<\/tr>\n<tr>\n<td>\n<h2>ITENS INCLUSOS<\/h2>\n<\/td>\n<\/tr>\n<tr>\n<td><strong>1x\u00a0Carregador R\u00e1pido<\/strong><\/td>\n<\/tr>\n<\/tbody>\n<\/table>\n","protected":false},"excerpt":{"rendered":"<p>DESCRI\u00c7\u00c3O Carregador R\u00e1pido para Airsoft 6mm 150 BB&#8217;s &#8211; Rossi A\u00a0Rossi\u00a0destacou-se como uma das\u00a0maiores fabricantes de armas de fogo\u00a0da Am\u00e9rica Latina! Esse setor da empresa, atualmente, est\u00e1 sob o comando da Taurus. A empresa possui uma longa hist\u00f3ria de consolida\u00e7\u00e3o, fundada em 1889, a Rossi importa e distribui produtos armamentistas e\u00a0Airsoft\u00a0. Atualmente, o foco maior [&#8230;]\n","protected":false},"featured_media":966,"comment_status":"open","ping_status":"closed","template":"","meta":{"_joinchat":[]},"product_cat":[82],"product_tag":[],"class_list":{"0":"post-964","1":"product","2":"type-product","3":"status-publish","4":"has-post-thumbnail","6":"product_cat-magazines-e-speed-loader","8":"first","9":"instock","10":"shipping-taxable","11":"purchasable","12":"product-type-simple"},"jetpack_sharing_enabled":true,"_links":{"self":[{"href":"https:\/\/www.lojafare.com.br\/index.php?rest_route=\/wp\/v2\/product\/964","targetHints":{"allow":["GET"]}}],"collection":[{"href":"https:\/\/www.lojafare.com.br\/index.php?rest_route=\/wp\/v2\/product"}],"about":[{"href":"https:\/\/www.lojafare.com.br\/index.php?rest_route=\/wp\/v2\/types\/product"}],"replies":[{"embeddable":true,"href":"https:\/\/www.lojafare.com.br\/index.php?rest_route=%2Fwp%2Fv2%2Fcomments&post=964"}],"wp:featuredmedia":[{"embeddable":true,"href":"https:\/\/www.lojafare.com.br\/index.php?rest_route=\/wp\/v2\/media\/966"}],"wp:attachment":[{"href":"https:\/\/www.lojafare.com.br\/index.php?rest_route=%2Fwp%2Fv2%2Fmedia&parent=964"}],"wp:term":[{"taxonomy":"product_cat","embeddable":true,"href":"https:\/\/www.lojafare.com.br\/index.php?rest_route=%2Fwp%2Fv2%2Fproduct_cat&post=964"},{"taxonomy":"product_tag","embeddable":true,"href":"https:\/\/www.lojafare.com.br\/index.php?rest_route=%2Fwp%2Fv2%2Fproduct_tag&post=964"}],"curies":[{"name":"wp","href":"https:\/\/api.w.org\/{rel}","templated":true}]}}