{"id":969,"date":"2024-01-30T19:59:55","date_gmt":"2024-01-30T22:59:55","guid":{"rendered":"https:\/\/www.lojafare.com.br\/?post_type=product&#038;p=969"},"modified":"2024-01-31T14:42:21","modified_gmt":"2024-01-31T17:42:21","slug":"luva-tatica-meio-dedo-mechanix-verde","status":"publish","type":"product","link":"https:\/\/www.lojafare.com.br\/?product=luva-tatica-meio-dedo-mechanix-verde","title":{"rendered":"LUVA T\u00c1TICA MEIO DEDO MECHANIX &#8211; VERDE"},"content":{"rendered":"<div class=\"title--wrap--wDzGayX description--title--ZsqjrTd\">\n<div class=\"title--text--Lx66GPw\">\n<h1 class=\"title--title--RN9Pt03\" data-spm-anchor-id=\"a2g0o.detail.0.i7.63a9MSNCMSNCpP\">Informa\u00e7\u00f5es Gerais<\/h1>\n<\/div>\n<\/div>\n<div>\n<div class=\"extend--content--DlnAngg\">\n<div>\n<div id=\"product-description\" class=\"description--product-description--nxRv0lW\" data-spm=\"1000023\" data-pl=\"product-description\">\n<div class=\"description--origin-part--SsZJoGC\">\n<div class=\"detailmodule_html\">\n<div class=\"detail-desc-decorate-richtext\">\n<p id=\"tl_1\">Descri\u00e7\u00e3o:<\/p>\n<p id=\"tl_2\">Materiais: As luvas t\u00e1ticas s\u00e3o feitas de materiais de qualidade dur\u00e1veis, respir\u00e1veis, antiderrapantes, leves e \u00e0 prova de vento para atender \u00e0s suas necessidades b\u00e1sicas de seguran\u00e7a ao ar livre.<\/p>\n<p id=\"tl_3\">Prote\u00e7\u00e3o: luvas externas de todos os dedos fornecem excelente prote\u00e7\u00e3o. Almofadas de juntas macias e engrossadas e palmeiras n\u00e3o s\u00f3 aumentam a ader\u00eancia, mas tamb\u00e9m protegem suas m\u00e3os de les\u00f5es.<\/p>\n<p id=\"tl_4\">Flex\u00edvel: Estas luvas pr\u00e1ticas s\u00e3o f\u00e1ceis de deslizar sobre e fora. A articula\u00e7\u00e3o do dedo adota o design de desmontagem r\u00e1pida e a luva \u00e9 removida mais rapidamente.<\/p>\n<p id=\"tl_5\">Vers\u00e1til: Perfeito para qualquer atividade ao ar livre, como motociclismo, pistolas de ar, ca\u00e7a, caminhadas, passeios de barco, condu\u00e7\u00e3o, camping, montanhismo, jardinagem e outras atividades de aventura.<\/p>\n<p id=\"tl_6\">Especifica\u00e7\u00f5es:<\/p>\n<p id=\"tl_7\">Nome do produto: Luvas<\/p>\n<p id=\"tl_8\">Material: poli\u00e9ster<\/p>\n<p id=\"tl_9\">O pacote inclui: 1 par luvas<\/p>\n<p id=\"tl_10\">Notas:<\/p>\n<p id=\"tl_11\">1. Devido ao monitor diferente e efeito de luz, a cor real do item pode ser ligeiramente diferente da cor mostrada nas fotos. -Obrigado!<\/p>\n<p id=\"tl_12\">2. Please permitir 0.1-2cm medi\u00e7\u00e3o desvio devido \u00e0 medi\u00e7\u00e3o manual.<\/p>\n<\/div>\n<\/div>\n<\/div>\n<\/div>\n<\/div>\n<\/div>\n<\/div>\n","protected":false},"excerpt":{"rendered":"<p>Informa\u00e7\u00f5es Gerais Descri\u00e7\u00e3o: Materiais: As luvas t\u00e1ticas s\u00e3o feitas de materiais de qualidade dur\u00e1veis, respir\u00e1veis, antiderrapantes, leves e \u00e0 prova de vento para atender \u00e0s suas necessidades b\u00e1sicas de seguran\u00e7a ao ar livre. Prote\u00e7\u00e3o: luvas externas de todos os dedos fornecem excelente prote\u00e7\u00e3o. Almofadas de juntas macias e engrossadas e palmeiras n\u00e3o s\u00f3 aumentam a [&#8230;]\n","protected":false},"featured_media":1091,"comment_status":"open","ping_status":"closed","template":"","meta":{"_joinchat":[]},"product_cat":[106],"product_tag":[],"class_list":{"0":"post-969","1":"product","2":"type-product","3":"status-publish","4":"has-post-thumbnail","6":"product_cat-luvas-e-joelheiras","8":"first","9":"instock","10":"shipping-taxable","11":"purchasable","12":"product-type-simple"},"jetpack_sharing_enabled":true,"_links":{"self":[{"href":"https:\/\/www.lojafare.com.br\/index.php?rest_route=\/wp\/v2\/product\/969","targetHints":{"allow":["GET"]}}],"collection":[{"href":"https:\/\/www.lojafare.com.br\/index.php?rest_route=\/wp\/v2\/product"}],"about":[{"href":"https:\/\/www.lojafare.com.br\/index.php?rest_route=\/wp\/v2\/types\/product"}],"replies":[{"embeddable":true,"href":"https:\/\/www.lojafare.com.br\/index.php?rest_route=%2Fwp%2Fv2%2Fcomments&post=969"}],"wp:featuredmedia":[{"embeddable":true,"href":"https:\/\/www.lojafare.com.br\/index.php?rest_route=\/wp\/v2\/media\/1091"}],"wp:attachment":[{"href":"https:\/\/www.lojafare.com.br\/index.php?rest_route=%2Fwp%2Fv2%2Fmedia&parent=969"}],"wp:term":[{"taxonomy":"product_cat","embeddable":true,"href":"https:\/\/www.lojafare.com.br\/index.php?rest_route=%2Fwp%2Fv2%2Fproduct_cat&post=969"},{"taxonomy":"product_tag","embeddable":true,"href":"https:\/\/www.lojafare.com.br\/index.php?rest_route=%2Fwp%2Fv2%2Fproduct_tag&post=969"}],"curies":[{"name":"wp","href":"https:\/\/api.w.org\/{rel}","templated":true}]}}