{"id":973,"date":"2024-01-30T20:03:58","date_gmt":"2024-01-30T23:03:58","guid":{"rendered":"https:\/\/www.lojafare.com.br\/?post_type=product&#038;p=973"},"modified":"2024-01-30T20:03:58","modified_gmt":"2024-01-30T23:03:58","slug":"fiel-para-pistola-mod-fio-de-telefone-tan","status":"publish","type":"product","link":"https:\/\/www.lojafare.com.br\/?product=fiel-para-pistola-mod-fio-de-telefone-tan","title":{"rendered":"Fiel para Pistola Mod. Fio de Telefone &#8211; TAN"},"content":{"rendered":"<h2 class=\"SectionTitle__title___Mc+hH\">Descri\u00e7\u00e3o do Produto<\/h2>\n<div class=\"ProductDescription__description___bly+m\">\n<p data-testid=\"paragraph\">ESPECIFICA\u00c7\u00d5ES:<\/p>\n<p data-testid=\"paragraph\">Utilizado por for\u00e7as militares especiais e operadores de Airsoft<\/p>\n<p data-testid=\"paragraph\">Pode ser fixado em cintos, coletes, suspens\u00f3rios e cal\u00e7as<\/p>\n<p data-testid=\"paragraph\">Design retr\u00e1til e flex\u00edvel, impede que voc\u00ea perca seu equipamento<\/p>\n<p data-testid=\"paragraph\">Possui velcro de alta qualidade e gancho em metal para fixa\u00e7\u00e3o e evitar acidentes<\/p>\n<p data-testid=\"paragraph\">Extremamente leve, seguro e pr\u00e1tico de usar<\/p>\n<p data-testid=\"paragraph\">Peso bruto do produto:\u00a00,710\u00a0kg<\/p>\n<\/div>\n","protected":false},"excerpt":{"rendered":"<p>Descri\u00e7\u00e3o do Produto ESPECIFICA\u00c7\u00d5ES: Utilizado por for\u00e7as militares especiais e operadores de Airsoft Pode ser fixado em cintos, coletes, suspens\u00f3rios e cal\u00e7as Design retr\u00e1til e flex\u00edvel, impede que voc\u00ea perca seu equipamento Possui velcro de alta qualidade e gancho em metal para fixa\u00e7\u00e3o e evitar acidentes Extremamente leve, seguro e pr\u00e1tico de usar Peso bruto [&#8230;]\n","protected":false},"featured_media":975,"comment_status":"open","ping_status":"closed","template":"","meta":{"_joinchat":[]},"product_cat":[126],"product_tag":[],"class_list":{"0":"post-973","1":"product","2":"type-product","3":"status-publish","4":"has-post-thumbnail","6":"product_cat-fiel-tatico","8":"first","9":"instock","10":"shipping-taxable","11":"purchasable","12":"product-type-simple"},"jetpack_sharing_enabled":true,"_links":{"self":[{"href":"https:\/\/www.lojafare.com.br\/index.php?rest_route=\/wp\/v2\/product\/973","targetHints":{"allow":["GET"]}}],"collection":[{"href":"https:\/\/www.lojafare.com.br\/index.php?rest_route=\/wp\/v2\/product"}],"about":[{"href":"https:\/\/www.lojafare.com.br\/index.php?rest_route=\/wp\/v2\/types\/product"}],"replies":[{"embeddable":true,"href":"https:\/\/www.lojafare.com.br\/index.php?rest_route=%2Fwp%2Fv2%2Fcomments&post=973"}],"wp:featuredmedia":[{"embeddable":true,"href":"https:\/\/www.lojafare.com.br\/index.php?rest_route=\/wp\/v2\/media\/975"}],"wp:attachment":[{"href":"https:\/\/www.lojafare.com.br\/index.php?rest_route=%2Fwp%2Fv2%2Fmedia&parent=973"}],"wp:term":[{"taxonomy":"product_cat","embeddable":true,"href":"https:\/\/www.lojafare.com.br\/index.php?rest_route=%2Fwp%2Fv2%2Fproduct_cat&post=973"},{"taxonomy":"product_tag","embeddable":true,"href":"https:\/\/www.lojafare.com.br\/index.php?rest_route=%2Fwp%2Fv2%2Fproduct_tag&post=973"}],"curies":[{"name":"wp","href":"https:\/\/api.w.org\/{rel}","templated":true}]}}