{"id":996,"date":"2024-01-30T20:24:33","date_gmt":"2024-01-30T23:24:33","guid":{"rendered":"https:\/\/www.lojafare.com.br\/?post_type=product&#038;p=996"},"modified":"2024-01-30T20:25:06","modified_gmt":"2024-01-30T23:25:06","slug":"front-grip-rebativel-p-trilho-22mm-tan","status":"publish","type":"product","link":"https:\/\/www.lojafare.com.br\/?product=front-grip-rebativel-p-trilho-22mm-tan","title":{"rendered":"Front Grip Rebat\u00edvel p\/ trilho 22mm &#8211; TAN"},"content":{"rendered":"<h2 class=\"SectionTitle__title___Mc+hH\">Descri\u00e7\u00e3o do Produto<\/h2>\n<div class=\"ProductDescription__description___bly+m\">\n<p data-testid=\"paragraph\">Front Grip rebat\u00edvel duas posi\u00e7\u00f5es, para fixa\u00e7\u00e3o em trilho Picatinny de 20 mm.<\/p>\n<p data-testid=\"paragraph\">Excelente empunhadura, melhora a ergonomia e controle, reduzindo a fadiga.<\/p>\n<p data-testid=\"paragraph\">Descri\u00e7\u00e3o:<\/p>\n<p data-testid=\"paragraph\">Material: Pol\u00edmero de alta resist\u00eancia, fixa\u00e7\u00e3o e trava em metal.<\/p>\n<p data-testid=\"paragraph\">Tamanho: 6,2 x 12 x 4 cm<\/p>\n<p data-testid=\"paragraph\">Peso: 95 gramas<\/p>\n<p data-testid=\"paragraph\">Peso bruto do produto:\u00a00,122\u00a0kg<\/p>\n<\/div>\n","protected":false},"excerpt":{"rendered":"<p>Descri\u00e7\u00e3o do Produto Front Grip rebat\u00edvel duas posi\u00e7\u00f5es, para fixa\u00e7\u00e3o em trilho Picatinny de 20 mm. Excelente empunhadura, melhora a ergonomia e controle, reduzindo a fadiga. Descri\u00e7\u00e3o: Material: Pol\u00edmero de alta resist\u00eancia, fixa\u00e7\u00e3o e trava em metal. Tamanho: 6,2 x 12 x 4 cm Peso: 95 gramas Peso bruto do produto:\u00a00,122\u00a0kg<\/p>\n","protected":false},"featured_media":998,"comment_status":"open","ping_status":"closed","template":"","meta":{"_joinchat":[]},"product_cat":[67],"product_tag":[],"class_list":{"0":"post-996","1":"product","2":"type-product","3":"status-publish","4":"has-post-thumbnail","6":"product_cat-front-grips","8":"first","9":"instock","10":"shipping-taxable","11":"purchasable","12":"product-type-simple"},"jetpack_sharing_enabled":true,"_links":{"self":[{"href":"https:\/\/www.lojafare.com.br\/index.php?rest_route=\/wp\/v2\/product\/996","targetHints":{"allow":["GET"]}}],"collection":[{"href":"https:\/\/www.lojafare.com.br\/index.php?rest_route=\/wp\/v2\/product"}],"about":[{"href":"https:\/\/www.lojafare.com.br\/index.php?rest_route=\/wp\/v2\/types\/product"}],"replies":[{"embeddable":true,"href":"https:\/\/www.lojafare.com.br\/index.php?rest_route=%2Fwp%2Fv2%2Fcomments&post=996"}],"wp:featuredmedia":[{"embeddable":true,"href":"https:\/\/www.lojafare.com.br\/index.php?rest_route=\/wp\/v2\/media\/998"}],"wp:attachment":[{"href":"https:\/\/www.lojafare.com.br\/index.php?rest_route=%2Fwp%2Fv2%2Fmedia&parent=996"}],"wp:term":[{"taxonomy":"product_cat","embeddable":true,"href":"https:\/\/www.lojafare.com.br\/index.php?rest_route=%2Fwp%2Fv2%2Fproduct_cat&post=996"},{"taxonomy":"product_tag","embeddable":true,"href":"https:\/\/www.lojafare.com.br\/index.php?rest_route=%2Fwp%2Fv2%2Fproduct_tag&post=996"}],"curies":[{"name":"wp","href":"https:\/\/api.w.org\/{rel}","templated":true}]}}